{"id":5916,"date":"2020-03-24T11:01:34","date_gmt":"2020-03-24T10:01:34","guid":{"rendered":"http:\/\/www.naturclic.com\/?post_type=product&#038;p=5916"},"modified":"2024-08-09T16:23:21","modified_gmt":"2024-08-09T14:23:21","slug":"epa-omega-3-60-perlas-sura-vitasan","status":"publish","type":"product","link":"https:\/\/www.naturclic.com\/?product=epa-omega-3-60-perlas-sura-vitasan","title":{"rendered":"EPA Omega 3 60 perlas Sura Vitasan"},"content":{"rendered":"<div class=\"uk-child-width-1-1@m uk-grid-small uk-grid-match atributos-sin-columnas uk-grid uk-grid-stack\">\n<div class=\"uk-grid-margin uk-first-column\">\n<div class=\"uk-card uk-card-small\">\n<h3 class=\"uk-card-title\">Advertencias<\/h3>\n<div class=\"uk-card-body\">\n<p>Consultar al profesional en caso de embarazo o lactancia, si est\u00e1 en tratamiento con medicaci\u00f3n o presenta unas condiciones m\u00e9dicas especiales.<\/p>\n<\/div>\n<\/div>\n<\/div>\n<div class=\"uk-grid-margin uk-first-column\">\n<div class=\"uk-card uk-card-small\">\n<h3 class=\"uk-card-title\">Dosis recomendada<\/h3>\n<div class=\"uk-card-body\">\n<p>Como complemento alimenticio se sugiere tomar de 1 a 2 perlas al d\u00eda, media hora despu\u00e9s de las comidas o seguir las indicaciones de un especialista.<\/p>\n<\/div>\n<\/div>\n<\/div>\n<div class=\"uk-grid-margin uk-first-column\">\n<div class=\"uk-card uk-card-small\">\n<h3 class=\"uk-card-title\">Indicaciones y usos<\/h3>\n<div class=\"uk-card-body\">\n<p>Diferentes estudios han demostrado que los ingredientes de EPA-Omega3 pueden ayudar en las siguientes condiciones:<\/p>\n<p>Disminuir el colesterol, la presi\u00f3n arterial alta y reducir los problemas cardiovasculares.<\/p>\n<p>Los \u00e1cidos grasos esenciales omega-3 se encuentran en grandes cantidades en el cerebro; ayudan en la transmisi\u00f3n de impulsos nerviosos y son necesarios para el normal funcionamiento del cerebro.<\/p>\n<\/div>\n<\/div>\n<\/div>\n<div class=\"uk-grid-margin uk-first-column\">\n<div class=\"uk-card uk-card-small\">\n<h3 class=\"uk-card-title\">Lo m\u00e1s destacado<\/h3>\n<div class=\"uk-card-body\">No<\/div>\n<\/div>\n<\/div>\n<div class=\"uk-grid-margin uk-first-column\">\n<div class=\"uk-card uk-card-small\">\n<h3 class=\"uk-card-title\">Recomendaci\u00f3n importante<\/h3>\n<div class=\"uk-card-body\">No<\/div>\n<\/div>\n<\/div>\n<\/div>\n<div class=\"uk-child-width-1-1@m uk-grid-small uk-grid-match atributos-sin-columnas uk-grid uk-grid-stack\">\n<div class=\"uk-first-column\">\n<div class=\"uk-card uk-card-small\">\n<h3 class=\"uk-card-title\">Detalles<\/h3>\n<div class=\"uk-card-body\">\n<p>EPA\u2013Omega3 es una combinaci\u00f3n de l\u00edpidos marinos concentrados extra\u00eddos de diversas especies de pescado salvaje. Estos l\u00edpidos marinos son muy ricos en \u00e1cidos grasos esenciales de la serie omega 3: \u00e1cido eicosapentaenoico (EPA) y docosahexaenoico (DHA).<\/p>\n<p>Se han elegido estas especies de pescados peque\u00f1os por ser menos propensas a acumular metales pesados y otros agentes contaminantes, los cuales son abundantes en las especies de pescados de gran tama\u00f1o.<\/p>\n<p>Adem\u00e1s de esto, durante el proceso de elaboraci\u00f3n al que se ve sometido el aceite de pescado, se utiliza la destilaci\u00f3n molecular, un m\u00e9todo de separaci\u00f3n y purificaci\u00f3n de sustancias, que junto a los rigurosos an\u00e1lisis que se llevan a cabo, nos asegura un aceite de alta pureza, con una cantidad m\u00ednima o nula de grasas saturadas, de metales pesados, PCBs y otros contaminantes consiguiendo as\u00ed un aceite de grado farmac\u00e9utico.<\/p>\n<p>La alta concentraci\u00f3n de EPA y DHA en el producto EPA\u2013Omega3, hacen que este sea una fuente muy rica de estos \u00e1cidos grasos y un buen suplemento de la dieta. Estos \u00e1cidos grasos esenciales han demostrado ser muy importantes para el buen funcionamiento del organismo. A veces la dieta no proporciona las cantidades adecuadas y es necesaria una suplementaci\u00f3n.<\/p>\n<\/div>\n<\/div>\n<\/div>\n<\/div>\n","protected":false},"excerpt":{"rendered":"<p><strong>Ingredientes:\u00a0<\/strong>aceite de pescado (sardina,\u00a0<em>Sardina\u00a0pilchardus<\/em>\u00a0y\/o anchoa,\u00a0<em>Engraulis<\/em><em>\u00a0encrasicolus<\/em>), tocoferoles mixtos naturales, perla (agente de recubrimiento: gelatina; humectantes: glicerina y agua purificada).<\/p>\n<p>EPA\u2013Omega3 es una combinaci\u00f3n de l\u00edpidos marinos concentrados extra\u00eddos de diversas especies de pescado salvaje. Estos l\u00edpidos marinos son muy ricos en \u00e1cidos grasos esenciales de la serie omega 3: \u00e1cido eicosapentaenoico (EPA) y docosahexaenoico (DHA).<\/p>\n<p>Se han elegido estas especies de pescados peque\u00f1os por ser menos propensas a acumular metales pesados y otros agentes contaminantes, los cuales son abundantes en las especies de pescados de gran tama\u00f1o.<\/p>\n<p>&nbsp;<\/p>\n","protected":false},"featured_media":5917,"comment_status":"open","ping_status":"closed","template":"","meta":{"_joinchat":[]},"product_brand":[],"product_cat":[127,132,126],"product_tag":[],"class_list":{"0":"post-5916","1":"product","2":"type-product","3":"status-publish","4":"has-post-thumbnail","6":"product_cat-nutricion-ortomolecular","7":"product_cat-suplementos-deportivos","8":"product_cat-suplementos-naturales","10":"first","11":"instock","12":"taxable","13":"shipping-taxable","14":"purchasable","15":"product-type-simple"},"_links":{"self":[{"href":"https:\/\/www.naturclic.com\/index.php?rest_route=\/wp\/v2\/product\/5916","targetHints":{"allow":["GET"]}}],"collection":[{"href":"https:\/\/www.naturclic.com\/index.php?rest_route=\/wp\/v2\/product"}],"about":[{"href":"https:\/\/www.naturclic.com\/index.php?rest_route=\/wp\/v2\/types\/product"}],"replies":[{"embeddable":true,"href":"https:\/\/www.naturclic.com\/index.php?rest_route=%2Fwp%2Fv2%2Fcomments&post=5916"}],"wp:featuredmedia":[{"embeddable":true,"href":"https:\/\/www.naturclic.com\/index.php?rest_route=\/wp\/v2\/media\/5917"}],"wp:attachment":[{"href":"https:\/\/www.naturclic.com\/index.php?rest_route=%2Fwp%2Fv2%2Fmedia&parent=5916"}],"wp:term":[{"taxonomy":"product_brand","embeddable":true,"href":"https:\/\/www.naturclic.com\/index.php?rest_route=%2Fwp%2Fv2%2Fproduct_brand&post=5916"},{"taxonomy":"product_cat","embeddable":true,"href":"https:\/\/www.naturclic.com\/index.php?rest_route=%2Fwp%2Fv2%2Fproduct_cat&post=5916"},{"taxonomy":"product_tag","embeddable":true,"href":"https:\/\/www.naturclic.com\/index.php?rest_route=%2Fwp%2Fv2%2Fproduct_tag&post=5916"}],"curies":[{"name":"wp","href":"https:\/\/api.w.org\/{rel}","templated":true}]}}