{"id":5924,"date":"2020-03-24T11:17:51","date_gmt":"2020-03-24T10:17:51","guid":{"rendered":"http:\/\/www.naturclic.com\/?post_type=product&#038;p=5924"},"modified":"2024-08-12T15:34:42","modified_gmt":"2024-08-12T13:34:42","slug":"omegamood-epa-30-perlas-sura-vitasan","status":"publish","type":"product","link":"https:\/\/www.naturclic.com\/?product=omegamood-epa-30-perlas-sura-vitasan","title":{"rendered":"OmegaMood Epa 30 perlas Sura Vitasan"},"content":{"rendered":"<div class=\"uk-child-width-1-1@m uk-grid-small uk-grid-match atributos-sin-columnas uk-grid uk-grid-stack\">\n<div class=\"uk-grid-margin uk-first-column\">\n<div class=\"uk-card uk-card-small\">\n<h3 class=\"uk-card-title\">Advertencias<\/h3>\n<div class=\"uk-card-body\">No<\/div>\n<\/div>\n<\/div>\n<div class=\"uk-grid-margin uk-first-column\">\n<div class=\"uk-card uk-card-small\">\n<h3 class=\"uk-card-title\">Dosis recomendada<\/h3>\n<div class=\"uk-card-body\">\n<p>1 perla al d\u00eda con la comida.<\/p>\n<p>No superar la dosis diaria recomendada.<\/p>\n<\/div>\n<\/div>\n<\/div>\n<div class=\"uk-grid-margin uk-first-column\">\n<div class=\"uk-card uk-card-small\">\n<h3 class=\"uk-card-title\">Indicaciones y usos<\/h3>\n<div class=\"uk-card-body\">\n<p>Diferentes estudios han demostrado que los ingredientes de EPA-Omega3 pueden ayudar en las siguientes condiciones:<\/p>\n<p>Disminuir el colesterol, la presi\u00f3n arterial alta y reducir los problemas cardiovasculares.<\/p>\n<p>Los \u00e1cidos grasos esenciales omega-3 se encuentran en grandes cantidades en el cerebro; ayudan en la transmisi\u00f3n de impulsos nerviosos y son necesarios para el normal funcionamiento del cerebro.<\/p>\n<\/div>\n<\/div>\n<\/div>\n<\/div>\n<div class=\"uk-child-width-1-1@m uk-grid-small uk-grid-match atributos-sin-columnas uk-grid uk-grid-stack\">\n<div class=\"uk-first-column\">\n<div class=\"uk-card uk-card-small\">\n<div class=\"uk-card-body\">\n<p>OmegaMood-EPA es una combinaci\u00f3n de l\u00edpidos marinos concentrados con alto contenido en \u00e1cido eicosapentaenoico (EPA) 1.000 mg, complementado con 100 mg de \u00e1cido docosahexaenoico (DHA), extra\u00eddos de diversas especies de pescado salvaje.<\/p>\n<p>Se han elegido estas especies de pescados peque\u00f1os (sardina y\/o anchoa) por ser menos propensas a acumular metales pesados y otros agentes contaminantes, los cuales son abundantes en las especies de pescados de gran tama\u00f1o.<\/p>\n<p>Adem\u00e1s de esto, durante el proceso de elaboraci\u00f3n al que se ve sometido el aceite de pescado, se utiliza la destilaci\u00f3n molecular, un m\u00e9todo de separaci\u00f3n y purificaci\u00f3n de sustancias, que junto a los rigurosos an\u00e1lisis que se llevan a cabo, nos asegura un aceite de alta pureza, con una cantidad m\u00ednima o nula de grasas saturadas, de metales pesados, PCBs y otros contaminantes consiguiendo as\u00ed un aceite de grado farmac\u00e9utico.<\/p>\n<\/div>\n<\/div>\n<\/div>\n<\/div>\n","protected":false},"excerpt":{"rendered":"<p><strong>OmegaMood-EPA:<\/strong>\u00a0es una combinaci\u00f3n de l\u00edpidos marinos concentrados con alto contenido en \u00e1cido eicosapentaenoico (<strong>EPA<\/strong>)\u00a0<strong>1.000 mg<\/strong>, complementado con\u00a0<strong>100 mg<\/strong>\u00a0de \u00e1cido docosahexaenoico (<strong>DHA<\/strong>), extra\u00eddos de diversas especies de pescado salvaje. Su extracci\u00f3n es por destilaci\u00f3n molecular de grado\u00a0<strong>farmac\u00e9utico.<\/strong><\/p>\n","protected":false},"featured_media":5925,"comment_status":"open","ping_status":"closed","template":"","meta":{"_joinchat":[]},"product_brand":[],"product_cat":[127,126],"product_tag":[],"class_list":{"0":"post-5924","1":"product","2":"type-product","3":"status-publish","4":"has-post-thumbnail","6":"product_cat-nutricion-ortomolecular","7":"product_cat-suplementos-naturales","9":"first","10":"instock","11":"taxable","12":"shipping-taxable","13":"purchasable","14":"product-type-simple"},"_links":{"self":[{"href":"https:\/\/www.naturclic.com\/index.php?rest_route=\/wp\/v2\/product\/5924","targetHints":{"allow":["GET"]}}],"collection":[{"href":"https:\/\/www.naturclic.com\/index.php?rest_route=\/wp\/v2\/product"}],"about":[{"href":"https:\/\/www.naturclic.com\/index.php?rest_route=\/wp\/v2\/types\/product"}],"replies":[{"embeddable":true,"href":"https:\/\/www.naturclic.com\/index.php?rest_route=%2Fwp%2Fv2%2Fcomments&post=5924"}],"wp:featuredmedia":[{"embeddable":true,"href":"https:\/\/www.naturclic.com\/index.php?rest_route=\/wp\/v2\/media\/5925"}],"wp:attachment":[{"href":"https:\/\/www.naturclic.com\/index.php?rest_route=%2Fwp%2Fv2%2Fmedia&parent=5924"}],"wp:term":[{"taxonomy":"product_brand","embeddable":true,"href":"https:\/\/www.naturclic.com\/index.php?rest_route=%2Fwp%2Fv2%2Fproduct_brand&post=5924"},{"taxonomy":"product_cat","embeddable":true,"href":"https:\/\/www.naturclic.com\/index.php?rest_route=%2Fwp%2Fv2%2Fproduct_cat&post=5924"},{"taxonomy":"product_tag","embeddable":true,"href":"https:\/\/www.naturclic.com\/index.php?rest_route=%2Fwp%2Fv2%2Fproduct_tag&post=5924"}],"curies":[{"name":"wp","href":"https:\/\/api.w.org\/{rel}","templated":true}]}}