{"id":5975,"date":"2020-03-25T09:53:45","date_gmt":"2020-03-25T08:53:45","guid":{"rendered":"http:\/\/www.naturclic.com\/?post_type=product&#038;p=5975"},"modified":"2024-08-08T13:27:27","modified_gmt":"2024-08-08T11:27:27","slug":"amino-mix-240-comprimidos-sura-vitasan","status":"publish","type":"product","link":"https:\/\/www.naturclic.com\/?product=amino-mix-240-comprimidos-sura-vitasan","title":{"rendered":"Amino-Mix 240 comprimidos Sura Vitasan"},"content":{"rendered":"<p>Advertencias<br \/>\nSe recomienda no tomar este producto si presenta alergia conocida a la leche de vaca. Consultar con el profesional antes de tomar este producto en caso de embarazo o lactancia o si presenta unas condiciones m\u00e9dicas especiales (enfermedades hep\u00e1ticas o renales).<\/p>\n<p>Dosis recomendada<br \/>\n2 comprimidos tres veces al d\u00eda entre comidas. Consultar con el profesional para un uso mayor a 6 meses.<\/p>\n<p>Indicaciones y usos<br \/>\nDiferentes estudios han demostrado que Amino-Mix puede ser de ayuda para:<\/p>\n<p>Deportistas expuestos a niveles altos de actividad y desgaste muscular, para reponerse durante y despu\u00e9s de enfermedades y en dietas vegetarianas o con aporte proteico limitado.<\/p>\n<p>Amino-Mix es un complejo de amino\u00e1cidos en forma libre provenientes de la Prote\u00edna de Suero Hidrolizada.<\/p>\n<p>Para la obtenci\u00f3n de amino\u00e1cidos, las prote\u00ednas de suero se descomponen con la ayuda de las enzimas (proteasa) y a trav\u00e9s de la hidr\u00f3lisis, los amino\u00e1cidos se asimilan m\u00e1s f\u00e1cilmente por el organismo.<\/p>\n<p>Los amino\u00e1cidos son el componente b\u00e1sico de las prote\u00ednas. Alrededor de un 80% de los amino\u00e1cidos los produce el h\u00edgado, el 20% restante los llamados amino\u00e1cidos esenciales, hay que proporcion\u00e1rselos al organismo a trav\u00e9s de la alimentaci\u00f3n. Durante la digesti\u00f3n, las prote\u00ednas se desintegran en amino\u00e1cidos con la ayuda de las enzimas y jugos g\u00e1stricos y se transforman en conjuntos de prote\u00ednas propias del cuerpo. Para que las prote\u00ednas puedan ser utilizadas correctamente, es necesario que los 8 amino\u00e1cidos esenciales est\u00e9n presentes en las proporciones correctas. La carencia de un \u00fanico amino\u00e1cido debilita el efecto de los restantes. El aprovechamiento de vitaminas, y minerales en caso de tener una carencia de amino\u00e1cidos, no est\u00e1 garantizado. Una falta de Tirosina puede acarrear una carencia de hierro, la falta de Tript\u00f3fano, Fenilalanina, Histidina puede acarrear alteraciones neurol\u00f3gicas y depresiones. Los amino\u00e1cidos tambi\u00e9n se transforman en glucosa por lo que juegan un papel importante en el metabolismo energ\u00e9tico, siendo una una buena manera de acabar con el cansancio y la fatiga y tener energ\u00eda durante el d\u00eda. Por ello un nivel bajo de amino\u00e1cidos se manifiesta a menudo en cansancio y p\u00e9rdida de energ\u00eda.<\/p>\n<p>AMINO\u00c1CIDOS NO ESENCIALES: amino\u00e1cidos que puede fabricar o sintetizar nuestro cuerpo:<\/p>\n<p>\u00c1CIDO L-GLUT\u00c1MICO: Amino\u00e1cido no esencial considerado como el alimento del cerebro, ayuda a agilizar la cura de las ulceras, elimina la fatiga, ayuda a controlar el alcoholismo, esquizofrenia y problemas de pr\u00f3stata. Puede elevar la producci\u00f3n de diferentes neurotransmisores, mantiene saludable el intestino. Repara da\u00f1os provocados por la colitis y el s\u00edndrome del intestino irritable. Mejora el sistema inmune. Repara la mucosa intestinal, mantiene saludable la mucosa del tracto digestivo. \u00datil en enfermedades del colon. Ayuda a combatir radicales libres y sustancias toxicas. Protege los ojos, favorable en cataratas, enfermedades card\u00edacas, diabetes y presi\u00f3n alta. Mejora problemas como artritis, alergias e inflamaciones (1).<\/p>\n<p>L-ARGININA: Ayuda a la cicatrizaci\u00f3n, a eliminar exceso de amon\u00edaco en el organismo, estimula el sistema inmune. Favorece la secreci\u00f3n de hormonas como la insulina y la hormona del crecimiento. Ayuda a marcar los m\u00fasculos en los deportistas y es un importante quema-grasas. Ha sido propuesta para varios tratamientos cardiovasculares como paro card\u00edaco y claudicaci\u00f3n intermitente. Favorece la producci\u00f3n de c\u00e9lulas T (2).<\/p>\n<p>L-SERINA: Cataliza la reacci\u00f3n de la homociste\u00edna, importante para el sistema nervioso y el sistema inmune. Es necesario para el correcto metabolismo de las grasas y \u00e1cidos grasos, el crecimiento del m\u00fasculo, y el mantenimiento de un sistema inmunol\u00f3gico saludable. La Serina es un amino\u00e1cido que forma parte de las vainas de mielina protectora que cubre las fibras nerviosas, es importante para el funcionamiento del ARN y ADN y la formaci\u00f3n de c\u00e9lulas y ayuda a la producci\u00f3n de inmunoglobulinas y anticuerpos (3,4).<\/p>\n<p>L-ALANINA: Se encuentra en altas concentraciones en el tejido muscular. Ayuda a metabolizar los az\u00facares y \u00e1cidos org\u00e1nicos. Estimula la producci\u00f3n de anticuerpos. Estabiliza niveles de glucosa en personas hipogluc\u00e9micas. Se halla presente en el fluido prost\u00e1tico, y puede jugar un papel importante en la salud de la pr\u00f3stata (2,7).<\/p>\n<p>L-TIROSINA: Necesario en la producci\u00f3n de neurotransmisores. Su deficiencia puede ocasionar exceso de peso, manos y pies fr\u00edos y una disminuci\u00f3n del metabolismo basal. Estimula la melanina, la pigmentaci\u00f3n del cabello y la piel, mejora la circulaci\u00f3n del cuero cabelludo y favorece su crecimiento. Garantiza bienestar, antiestr\u00e9s y antiansiedad. Previene depresi\u00f3n, favorece el adecuado funcionamiento de suprarrenales, trata las infecciones de la boca y las enc\u00edas, el s\u00edndrome de cansancio cr\u00f3nico, regulariza aumentos de insulina, favorece el sue\u00f1o y la libido (8).<\/p>\n<p>L-CISTINA: Fundamental para la salud de la piel y el pelo (9).<\/p>\n<p>L-GLICINA: Nutriente antioxidante protector celular. Presente en el l\u00edquido prost\u00e1tico. \u00datil en la esquizofrenia, ya que tiene una funci\u00f3n importante en la funci\u00f3n mental y en la memoria (10). Puede ayudar en la curaci\u00f3n de heridas y puede prevenir ataques epil\u00e9pticos, reducir la acidez del est\u00f3mago, prevenir la esclerosis m\u00faltiple y aumentar el sistema inmune. Otorga protecci\u00f3n renal y hep\u00e1tica (11).<\/p>\n<p>\u00c1CIDO L-ASP\u00c1RTICO: Importante en los procesos del sistema nervioso central (SNC) y en la s\u00edntesis del amon\u00edaco. Aumenta la resistencia y es bueno para la fatiga cr\u00f3nica y la depresi\u00f3n, rejuvenece la actividad celular, la formaci\u00f3n de c\u00e9lulas y el metabolismo, que le da una apariencia m\u00e1s joven, protege el h\u00edgado, ayudando a la expulsi\u00f3n de amoniaco y se combina con otros amino\u00e1cidos para formar mol\u00e9culas que absorben las toxinas y sacarlas de la circulaci\u00f3n sangu\u00ednea. Este amino\u00e1cido tambi\u00e9n ayuda a facilitar la circulaci\u00f3n de ciertos minerales a trav\u00e9s de la mucosa intestinal, en la sangre y las c\u00e9lulas y ayuda a la funci\u00f3n del ARN y ADN, que son portadores de informaci\u00f3n gen\u00e9tica (5,11).<\/p>\n<p>L-PROLINA: Trabaja en el tejido conectivo y \u00f3seo, importante para el adecuado funcionamiento de las articulaciones y tendones. Mejora la textura de la piel, ayudando a la producci\u00f3n de col\u00e1geno y reducir la p\u00e9rdida de col\u00e1geno a trav\u00e9s del proceso de envejecimiento. Adem\u00e1s, la Prolina ayuda en la cicatrizaci\u00f3n del cart\u00edlago y el fortalecimiento de las articulaciones, los tendones y los m\u00fasculos del coraz\u00f3n. La Prolina trabaja con la vitamina C para ayudar a mantener sanos los tejidos conectivos (2).<\/p>\n<p>AMINO\u00c1CIDOS ESENCIALES: La carencia de amino\u00e1cidos esenciales limita el desarrollo del organismo, ya que sin ellos no es posible reponer las c\u00e9lulas de los tejidos que mueren o crear nuevos tejidos, crecer o digerir los alimentos, entre muchas otras funciones b\u00e1sicas de nuestro organismo:<\/p>\n<p>L-LEUCINA: Esencial en la nutrici\u00f3n humana ya que forma parte del c\u00f3digo gen\u00e9tico. Ayuda a regularizar el nivel de az\u00facar en sangre, crecimiento y reparaci\u00f3n del tejido muscular, la producci\u00f3n de hormonas y cicatrizaci\u00f3n de heridas. Beneficia a procesar el amino\u00e1cido fenilalanina. Su deficiencia se ha observado en vegetarianos. Normalmente se encuentra en c\u00e9lulas hep\u00e1ticas. Esencial para el crecimiento \u00f3ptimo de los ni\u00f1os; esencial para el equilibrio de nitr\u00f3geno en adultos (12,13).<\/p>\n<p>L-TREONINA: Ayuda a mantener la cantidad adecuada de prote\u00ednas en el cuerpo, es importante para la formaci\u00f3n de col\u00e1geno, elastina y esmalte de los dientes y ayuda a la funci\u00f3n lipotr\u00f3pica del h\u00edgado cuando se combina con \u00e1cido asp\u00e1rtico y la metionina, previene la acumulaci\u00f3n de grasa en el h\u00edgado, su metabolismo y ayuda a su asimilaci\u00f3n (2).<\/p>\n<p>L-LISINA: De los m\u00e1s importantes, interviene en funciones como el crecimiento y la reparaci\u00f3n de tejidos, colabora en la s\u00edntesis de anticuerpos y hormonas. Interviene en la absorci\u00f3n de calcio y en la producci\u00f3n de anticuerpos contra los herpes (3).<\/p>\n<p>L-ISOLEUCINA: Junto con la leucina y la hormona del crecimiento, intervienen en la formaci\u00f3n y reparaci\u00f3n del tejido muscular. Act\u00faa en la formaci\u00f3n de hemoglobina y regula el az\u00facar en sangre (11,14).<\/p>\n<p>L-VALINA: Amino\u00e1cido neutro que forma parte del c\u00f3digo gen\u00e9tico. Favorece la recuperaci\u00f3n muscular despu\u00e9s del ejercicio. Ayuda en la cicatrizaci\u00f3n de heridas y crecimiento de tejidos nuevos. Su deficiencia puede afectar a la mielina que cubre los nervios (15).<\/p>\n<p>Los tres amino\u00e1cidos de cadena ramificada (lisina, isoleucina y valina) son de particular importancia debido a su capacidad para proporcionar al cuerpo aproximadamente el 70% de sus necesidades de nitr\u00f3geno. Los estudios han demostrado que una escasez de amino\u00e1cidos de cadena ramificada, junto con el aumento de las demandas f\u00edsicas en el cuerpo, puede conducir a una canibalizaci\u00f3n del tejido muscular para responder a la necesidad del cuerpo de nitr\u00f3geno (2,15).<\/p>\n<p>L-FENILALANINA: Produce la noradrenalina, sustancia responsable de la transmisi\u00f3n de se\u00f1ales entre las c\u00e9lulas nerviosas en el cerebro. Adem\u00e1s, eleva el estado de \u00e1nimo, disminuye el dolor, ayuda a la memoria y el aprendizaje, que se utiliza para tratar la artritis, depresi\u00f3n, calambres menstruales, las jaquecas, la obesidad, la enfermedad de Parkinson y la esquizofrenia (16).<\/p>\n<p>L-METIONINA: Pertenece a un grupo de compuestos llamados lipotropicos, o sustancias qu\u00edmicas que ayudan al h\u00edgado a procesar las grasas (l\u00edpidos). Indispensable para el buen estado de la piel, tendones y ligamentos. Se trata de un amino\u00e1cido necesario para la formaci\u00f3n del propio col\u00e1geno y la formaci\u00f3n de tejido conectivo. La necesidad de este amino\u00e1cido es mayor en la \u00e9poca de crecimiento y desarrollo corporal (infancia, adolescencia, embarazo) y en situaciones de recuperaci\u00f3n por lesiones. Adem\u00e1s, neutraliza compuestos da\u00f1inos para el h\u00edgado como toxinas, radicales libres y productos residuales metab\u00f3licos y hormonales (17).<\/p>\n<p>L-TRIPT\u00d3FANO: Act\u00faa como relajante natural, ayuda a aliviar el insomnio induciendo el sue\u00f1o normal, reduce la ansiedad y la depresi\u00f3n y estabiliza el estado de \u00e1nimo, ayuda en el tratamiento de la migra\u00f1a, ayuda a que el sistema inmunol\u00f3gico funcione correctamente. El Triptofano ayuda en el control de peso mediante la reducci\u00f3n de apetito y aumenta la liberaci\u00f3n de hormonas de crecimiento (4).<\/p>\n<p>L-HISTIDINA: Amino\u00e1cido semiesencial. Los adultos la producen en cierta cantidad, pero no los ni\u00f1os. Es un precursor de la histamina, una sustancia liberada por las c\u00e9lulas del sistema inmune durante una reacci\u00f3n al\u00e9rgica. Posee propiedades antiinflamatorias suaves, da fortaleza f\u00edsica y movilidad a quienes padecen artritis reumatoide. Favorece la eliminaci\u00f3n de metales pesados, \u00fatil en problemas de impotencia o frigidez. Estimula la producci\u00f3n de gl\u00f3bulos rojos. Mejora la digesti\u00f3n al aumentar la producci\u00f3n de jugo g\u00e1strico y alivia las \u00falceras g\u00e1stricas (2).<\/p>\n","protected":false},"excerpt":{"rendered":"<p>Ingredientes: alfa-lactoalb\u00famina hidrolizada (de prote\u00edna de suero de leche), agente de carga (celulosa microcristalina), antiaglomerante (fosfato dic\u00e1lcico), soportes (sorbitol, croscarmelosa s\u00f3dica y \u00e1cido este\u00e1rico vegetal), antiaglomerantes (estearato de magnesio vegetal y di\u00f3xido de silicio).<br \/>\nAmino-Mix es un complejo de amino\u00e1cidos en forma libre provenientes de la Prote\u00edna de Suero Hidrolizada.<\/p>\n<p>Para la obtenci\u00f3n de amino\u00e1cidos, las prote\u00ednas de suero se descomponen con la ayuda de las enzimas (proteasa) y a trav\u00e9s de la hidr\u00f3lisis, los amino\u00e1cidos se asimilan m\u00e1s f\u00e1cilmente por el organismo.<\/p>\n<p>Los amino\u00e1cidos son el componente b\u00e1sico de las prote\u00ednas. Alrededor de un 80% de los amino\u00e1cidos los produce el h\u00edgado, el 20% restante los llamados amino\u00e1cidos esenciales, hay que proporcion\u00e1rselos al organismo a trav\u00e9s de la alimentaci\u00f3n. Durante la digesti\u00f3n, las prote\u00ednas se desintegran en amino\u00e1cidos con la ayuda de las enzimas y jugos g\u00e1stricos y se transforman en conjuntos de prote\u00ednas propias del cuerpo.<\/p>\n","protected":false},"featured_media":5976,"comment_status":"open","ping_status":"closed","template":"","meta":{"_joinchat":[]},"product_brand":[],"product_cat":[134,135,132,126],"product_tag":[],"class_list":{"0":"post-5975","1":"product","2":"type-product","3":"status-publish","4":"has-post-thumbnail","6":"product_cat-aminoacidos-naturales","7":"product_cat-energeticos","8":"product_cat-suplementos-deportivos","9":"product_cat-suplementos-naturales","11":"first","12":"instock","13":"taxable","14":"shipping-taxable","15":"purchasable","16":"product-type-simple"},"_links":{"self":[{"href":"https:\/\/www.naturclic.com\/index.php?rest_route=\/wp\/v2\/product\/5975","targetHints":{"allow":["GET"]}}],"collection":[{"href":"https:\/\/www.naturclic.com\/index.php?rest_route=\/wp\/v2\/product"}],"about":[{"href":"https:\/\/www.naturclic.com\/index.php?rest_route=\/wp\/v2\/types\/product"}],"replies":[{"embeddable":true,"href":"https:\/\/www.naturclic.com\/index.php?rest_route=%2Fwp%2Fv2%2Fcomments&post=5975"}],"wp:featuredmedia":[{"embeddable":true,"href":"https:\/\/www.naturclic.com\/index.php?rest_route=\/wp\/v2\/media\/5976"}],"wp:attachment":[{"href":"https:\/\/www.naturclic.com\/index.php?rest_route=%2Fwp%2Fv2%2Fmedia&parent=5975"}],"wp:term":[{"taxonomy":"product_brand","embeddable":true,"href":"https:\/\/www.naturclic.com\/index.php?rest_route=%2Fwp%2Fv2%2Fproduct_brand&post=5975"},{"taxonomy":"product_cat","embeddable":true,"href":"https:\/\/www.naturclic.com\/index.php?rest_route=%2Fwp%2Fv2%2Fproduct_cat&post=5975"},{"taxonomy":"product_tag","embeddable":true,"href":"https:\/\/www.naturclic.com\/index.php?rest_route=%2Fwp%2Fv2%2Fproduct_tag&post=5975"}],"curies":[{"name":"wp","href":"https:\/\/api.w.org\/{rel}","templated":true}]}}