{"id":6026,"date":"2020-03-26T11:21:56","date_gmt":"2020-03-26T10:21:56","guid":{"rendered":"http:\/\/www.naturclic.com\/?post_type=product&#038;p=6026"},"modified":"2024-08-12T15:49:34","modified_gmt":"2024-08-12T13:49:34","slug":"vitalc8-complex-45-capsulas-sura-vitasan","status":"publish","type":"product","link":"https:\/\/www.naturclic.com\/?product=vitalc8-complex-45-capsulas-sura-vitasan","title":{"rendered":"VitalC8 complex 45 c\u00e1psulas Sura Vitasan"},"content":{"rendered":"<p>gredientes: L-ascorbato c\u00e1lcico, L-ascorbato de magnesio, \u00e1cido L-asc\u00f3rbico, L-ascorbato pot\u00e1sico, L-ascorbato de zinc, extracto de hojas de t\u00e9 verde (C. sinensis), extracto de mezcla de bayas (V. myrtillus y V.vinifera), bioflavonoides c\u00edtricos, 6-palmitato de L-ascorbilo, quercetina,rutina (de Styphnolobium japonicum), extracto de fruto de ar\u00e1ndano rojo (V.macrocarpon), extracto de semilla de uva (V. vinifera), L-ascorbato de sodio,antiaglomerantes: estearato de magnesio vegetal y di\u00f3xido de silicio, ascorbato de manganeso, extracto de fruto de mirtilo (V. myrtillus), extracto de ra\u00edz de F. japonica, bromelina (de A. comosus), aroma: piperina (de pimienta negra, P.nigrum), L-seleniometionina, papa\u00edna (de C. papaya), c\u00e1psula vegetal (agentede recubrimiento: hidroxipropilmetilcelulosa; humectante: agua purificada).<\/p>\n<p>dvertencias<br \/>\nConsulte al profesional para un uso del producto superior a las 4 semanas. Se recomienda no tomar durante el embarazo y la lactancia. Se recomienda consultar con el profesional antes de tomar este producto si se est\u00e1 tomando cualquier tipo de medicaci\u00f3n, especialmente anticoagulantes, o presenta unas condiciones m\u00e9dicas especiales.<\/p>\n<p>Dosis recomendada<br \/>\nComo complemento alimenticio se sugiere tomar 1 c\u00e1psula 2 veces al d\u00eda o seguir indicaciones de un especialista.<\/p>\n<p>Indicaciones y usos<br \/>\nDiferentes estudios han demostrado que los ingredientes de VitalC8COMPLEX pueden ayudar en las siguientes condiciones:<\/p>\n<p>Per\u00edodos de mayor desgate f\u00edsico (deporte) o mental, estados de fatiga (astenia primaveral, per\u00edodos de convalecencia, anemia ferrop\u00e9nica), antioxidante en situaciones de mayor estr\u00e9s oxidativo (estr\u00e9s, fumadores, ciertas patolog\u00edas cr\u00f3nicas\u2026)<\/p>\n<p>Apoyo a la salud del tejido conectivo, m\u00fasculos, vasos sangu\u00edneos, huesos y dientes (cicatrizaci\u00f3n de heridas, fracturas de hueso\u2026), sistema inmunitario (infecciones v\u00edricas y bacterianas), y sangrados no espec\u00edficos (gingivitis, estomatitis\u2026).<\/p>\n<p>Lo m\u00e1s destacado<br \/>\nSuave al est\u00f3mago, no \u00e1cida. 527 mg de vitamina C por c\u00e1psula. Exclusiva y eficaz formulaci\u00f3n con 8 formas de vitamina C para una mayor absorci\u00f3n y retenci\u00f3n de la vitamina en el organismo. Aporta minerales para la reposici\u00f3n de electrolitos. Biodisponibilidad incrementada con bioflavonoides, piperina, bromelaina y papa\u00edna. F\u00f3rmula dinamizada con nutrac\u00e9uticos antioxidantes extra\u00eddos de los frutos rojos y las semillas de uva, t\u00e9 verde y resveratroL.<\/p>\n<p>Detalles<br \/>\nUna formulaci\u00f3n que ofrece 8 formas de vitamina C tamponada para una \u00f3ptima tolerancia digestiva y una mayor retenci\u00f3n y biodisponibilidad. Una f\u00f3rmula \u00fanica y completa que combina una vitamina C ascorbato-mineral de elevada potencia dinamizada con una adecuada selecci\u00f3n de nutrac\u00e9uticos para maximizar los efectos y los beneficios de la VITAMINA C: Juega un importante papel en la salud humana ya que forma parte del sistema de defensa antioxidante por lo que contribuye a la protecci\u00f3n de las c\u00e9lulas frente al da\u00f1o oxidativo ayudando a reducir los efectos negativos que este proceso juega en el desarrollo de ciertas patolog\u00edas cr\u00f3nicas asociadas a la enfermedad cardiovascular o a los des\u00f3rdenes neurol\u00f3gicos, a la patolog\u00eda osteo-articular, la diabetes o el c\u00e1ncer. En concreto, sobre la salud cardiovascular impide la oxidaci\u00f3n del colesterol LDL y evita el da\u00f1o oxidativo en las paredes de los vasos sangu\u00edneos. Sus beneficios se extienden a la reducci\u00f3n de la presi\u00f3n arterial, disminuci\u00f3n del riesgo de coagulaci\u00f3n y refuerzo del endotelio vascular y capilar. Junto a otros antioxidantes presenta un destacado papel en la salud ocular al retrasar la progresi\u00f3n de la degeneraci\u00f3n macular asociada a la edad y la p\u00e9rdida de visi\u00f3n (1-4).<\/p>\n","protected":false},"excerpt":{"rendered":"<p>Vital C8 Complex es un complejo de 8 formas de vitamina C tamponadas para una \u00f3ptima tolerancia digestiva y una mayor retenci\u00f3n y biodisponibilidad. Nuestra f\u00f3rmula exclusiva y completa aporta 527 mg de vitamina C por c\u00e1psula y combina una vitamina C ascorbato-mineral de elevada potencia dinamizada con una adecuada selecci\u00f3n de nutrac\u00e9uticos.<\/p>\n<p>Declaraciones saludables (Reglamento UE N\u00ba 432\/2012): La vitamina C contribuye al funcionamiento normal del sistema inmunitario durante y despu\u00e9s del ejercicio f\u00edsico intenso. Adem\u00e1s contribuye a la formaci\u00f3n normal de col\u00e1geno para el funcionamiento normal de los vasos sangu\u00edneos, huesos, cart\u00edlagos, piel y enc\u00edas. Tambi\u00e9n contribuye al metabolismo energ\u00e9tico normal y apoya el normal funcionamiento del sistema nervioso, sistema inmunitario y funci\u00f3n psicol\u00f3gica. Participa en la protecci\u00f3n de las c\u00e9lulas frente al da\u00f1o oxidativo, ayuda a disminuir el cansancio y la fatiga y mejora la absorci\u00f3n del hierro.<\/p>\n","protected":false},"featured_media":6028,"comment_status":"open","ping_status":"closed","template":"","meta":{"_joinchat":[]},"product_brand":[],"product_cat":[137,128,127,126],"product_tag":[],"class_list":{"0":"post-6026","1":"product","2":"type-product","3":"status-publish","4":"has-post-thumbnail","6":"product_cat-cosmetica-natural","7":"product_cat-fitoterapia-capsulas-y-comprimidos","8":"product_cat-nutricion-ortomolecular","9":"product_cat-suplementos-naturales","11":"first","12":"instock","13":"taxable","14":"shipping-taxable","15":"purchasable","16":"product-type-simple"},"_links":{"self":[{"href":"https:\/\/www.naturclic.com\/index.php?rest_route=\/wp\/v2\/product\/6026","targetHints":{"allow":["GET"]}}],"collection":[{"href":"https:\/\/www.naturclic.com\/index.php?rest_route=\/wp\/v2\/product"}],"about":[{"href":"https:\/\/www.naturclic.com\/index.php?rest_route=\/wp\/v2\/types\/product"}],"replies":[{"embeddable":true,"href":"https:\/\/www.naturclic.com\/index.php?rest_route=%2Fwp%2Fv2%2Fcomments&post=6026"}],"wp:featuredmedia":[{"embeddable":true,"href":"https:\/\/www.naturclic.com\/index.php?rest_route=\/wp\/v2\/media\/6028"}],"wp:attachment":[{"href":"https:\/\/www.naturclic.com\/index.php?rest_route=%2Fwp%2Fv2%2Fmedia&parent=6026"}],"wp:term":[{"taxonomy":"product_brand","embeddable":true,"href":"https:\/\/www.naturclic.com\/index.php?rest_route=%2Fwp%2Fv2%2Fproduct_brand&post=6026"},{"taxonomy":"product_cat","embeddable":true,"href":"https:\/\/www.naturclic.com\/index.php?rest_route=%2Fwp%2Fv2%2Fproduct_cat&post=6026"},{"taxonomy":"product_tag","embeddable":true,"href":"https:\/\/www.naturclic.com\/index.php?rest_route=%2Fwp%2Fv2%2Fproduct_tag&post=6026"}],"curies":[{"name":"wp","href":"https:\/\/api.w.org\/{rel}","templated":true}]}}