{"id":6037,"date":"2020-03-26T16:25:59","date_gmt":"2020-03-26T15:25:59","guid":{"rendered":"http:\/\/www.naturclic.com\/?post_type=product&#038;p=6037"},"modified":"2025-11-19T22:47:11","modified_gmt":"2025-11-19T21:47:11","slug":"vitamina-c-1000mg-sura-vitasan","status":"publish","type":"product","link":"https:\/\/www.naturclic.com\/?product=vitamina-c-1000mg-sura-vitasan","title":{"rendered":"Vitamina 60c C 1000mg con Bioflavonoides SuraVitasan"},"content":{"rendered":"<p>ngredientes: \u00e1cido L-asc\u00f3rbico, agente de carga: celulosa microcristalina, bioflavonoides c\u00edtricos, soporte: hidroxipropilcelulosa, escaramujo (Rosa canina), antiaglomerantes (di\u00f3xido de silicio, estearato de magnesio vegetal, fosfato dic\u00e1lcico), soporte (\u00e1cidos grasos vegetales), agentes de recubrimiento: alcohol polivin\u00edlico, talco, polietilenglicol, polisorbato 80.<br \/>\ndvertencias<br \/>\nConsulte al profesional en caso de embarazo o lactancia.<\/p>\n<p>Dosis recomendada<br \/>\nComo complemento alimenticio se sugiere tomar 1 comprimido al d\u00eda o seguir las indicaciones de un especialista.<\/p>\n<p>Indicaciones y usos<br \/>\nDiferentes estudios han demostrado que la VITAMINA C es bien conocida por sus propiedades antioxidantes, estimula el sistema inmunitario y ayuda a prevenir y tratar los catarros comunes y gripe. Varios estudios cl\u00ednicos demuestran que es posible acortar el curso del catarro com\u00fan tomando entre 500 mg y 1000 mg de vitamina C cada 2 horas. Tiene propiedades antiinflamatorias y antiv\u00edricas Es esencial en la formaci\u00f3n de col\u00e1geno. Es importante para el buen desarrollo y mantenimiento del tejido conectivo, los dientes, enc\u00edas, huesos, ligamentos y vasos sangu\u00edneos. Promueve la absorci\u00f3n del hierro y el metabolismo del \u00e1cido f\u00f3lico. Combate los s\u00edntomas de fatiga y estr\u00e9s. Puede prevenir el desarrollo de las cataratas.<\/p>\n<p>Lo m\u00e1s destacado<br \/>\nNo<br \/>\nRecomendaci\u00f3n importante<br \/>\nNo<br \/>\nDetalles<br \/>\nEsta f\u00f3rmula de Vitamina C va acompa\u00f1ada de otros 2 ingredientes: bioflavonoides y escaramujo los cuales tienen propiedades antiinflamatorias y antiv\u00edricas e incrementan los efectos de la vitamina C.<\/p>\n<p>Esta f\u00f3rmula de Vitamina C tiene la ventaja de poseer un EFECTO GRADUAL, esto quiere decir que la acci\u00f3n que ejerce en el organismo se distribuye poco a poco a lo largo de varias horas, entre 4 y 8 dependiendo de cada individuo.<\/p>\n<p>VITAMINA C: Es una vitamina que no es producida por el cuerpo, por lo que debe ser obtenida todos los d\u00edas, ya sea por raciones adecuadas de frutas y verduras o suplementos.<\/p>\n<p>Juega un importante papel en la salud humana ya que forma parte del sistema de defensa antioxidante por lo que contribuye a la protecci\u00f3n de las c\u00e9lulas frente al da\u00f1o oxidativo ayudando a reducir los efectos negativos que este proceso juega en el desarrollo de ciertas patolog\u00edas cr\u00f3nicas asociadas a la enfermedad cardiovascular o a los des\u00f3rdenes neurol\u00f3gicos, a la patolog\u00eda osteo-articular, la diabetes o el c\u00e1ncer. En concreto, sobre la salud cardiovascular impide la oxidaci\u00f3n del colesterol LDL y evita el da\u00f1o oxidativo en las paredes de los vasos sangu\u00edneos. Sus beneficios se extienden a la reducci\u00f3n de la presi\u00f3n arterial, disminuci\u00f3n del riesgo de coagulaci\u00f3n y refuerzo del endotelio vascular y capilar. Junto a otros antioxidantes presenta un destacado papel en la salud ocular al retrasar la progresi\u00f3n de la degeneraci\u00f3n macular asociada a la edad y la p\u00e9rdida de visi\u00f3n (1-4).<\/p>\n<p>Apoya al sistema inmunitario incrementando las c\u00e9lulas de defensa y se ha mostrado eficaz en la reducci\u00f3n de la sintomatolog\u00eda y duraci\u00f3n del resfriado com\u00fan. Sobre el tejido conectivo tambi\u00e9n presenta un efecto positivo al intervenir en la formaci\u00f3n de col\u00e1geno, fibras estructurales que resultan esenciales para el adecuado funcionamiento de los huesos, dientes, cart\u00edlagos, enc\u00edas, piel o los vasos sangu\u00edneos. La vitamina C tambi\u00e9n est\u00e1 implicada en la s\u00edntesis de neurotransmisores y hormonas pept\u00eddicas para un correcto funcionamiento del sistema nervioso y de las funciones psicol\u00f3gicas (3-6).<\/p>\n<p>La vitamina C contribuye al funcionamiento normal de producci\u00f3n de energ\u00eda celular por lo que reduce el cansancio y la fatiga y mejora la absorci\u00f3n de hierro procedente de fuentes vegetales por lo que resulta especialmente importante para los vegetarianos y veganos. Tambi\u00e9n se asocia a un mejor rendimiento deportivo ya que la vitamina C es un cofactor de la carnitina e incrementa la capacidad card\u00edaca. Favorece una adecuada respuesta inmunitaria durante y despu\u00e9s de la pr\u00e1ctica de ejercicio f\u00edsico intenso (4,6-8).<\/p>\n<p>La absorci\u00f3n gastrointestinal del \u00e1cido asc\u00f3rbico ocurre a trav\u00e9s de un proceso de transporte activo, as\u00ed como a trav\u00e9s de la difusi\u00f3n pasiva. A concentraciones gastrointestinales bajas de \u00e1cido asc\u00f3rbico predomina el transporte activo, mientras que a altas concentraciones gastrointestinales el transporte activo se satura, dejando s\u00f3lo la difusi\u00f3n pasiva. En teor\u00eda, disminuir la velocidad de vaciado del est\u00f3mago (por ejemplo, tomando \u00e1cido asc\u00f3rbico con los alimentos) debe aumentar su absorci\u00f3n.<\/p>\n<p>En algunos casos, al complementar el \u00e1cido asc\u00f3rbico en grandes cantidades pueden causar diarrea (7).<\/p>\n<p>BIOFLAVONOIDES: Son una clase de pigmentos vegetales solubles en agua. Las frutas y verduras ricas en vitamina C, especialmente las frutas c\u00edtricas, son a menudo ricas fuentes de bioflavonoides.<\/p>\n<p>Un estudio de cinco hombres y tres mujeres encontr\u00f3 que 500 mg de \u00e1cido asc\u00f3rbico de un extracto natural de c\u00edtricos que conten\u00eda bioflavonoides, prote\u00ednas e hidratos de carbono, fueron absorbidos m\u00e1s lentamente y 35% m\u00e1s biodisponibles que el \u00e1cido asc\u00f3rbico sint\u00e9tico solo (8,9).<\/p>\n<p>ESCARAMUJO: Contiene una gran cantidad de vitamina C proporcionando propiedades antiescorb\u00faticas; es eficaz contra los resfriados y previene el organismo frente a las enfermedades aport\u00e1ndole resistencia. Es un excelente reconstituyente en las convalecencias (10).<\/p>\n","protected":false},"excerpt":{"rendered":"<p>Vitamina C es un complemento alimenticio a base de 1.000 mg de Vitamina C enriquecida con bioflavonoides y escaramujo, activos que incrementan la absorci\u00f3n y biodisponibilidad de la vitamina C. Esta f\u00f3rmula tiene la particularidad de poseer una efecto gradual, por lo que la acci\u00f3n que ejerce en el organismo se distribuye poco a poco durante 4-8 horas, dependiendo de cada individuo.<\/p>\n<p>Declaraciones saludables (Reglamento UE N\u00ba 432\/2012): La vitamina C contribuye a la formaci\u00f3n natural del col\u00e1geno para el funcionamiento normal de los vasos sangu\u00edneos, huesos, cart\u00edlagos, enc\u00edas, dientes y piel. Contribuye al metabolismo energ\u00e9tico adecuado y al funcionamiento normal del sistema nervioso y del sistema inmunitario. Ayuda a proteger las c\u00e9lulas frente al da\u00f1o oxidativo y a disminuir el cansancio y la fatiga as\u00ed como a mejorar la absorci\u00f3n del hierro.<\/p>\n","protected":false},"featured_media":6038,"comment_status":"open","ping_status":"closed","template":"","meta":{"_joinchat":[]},"product_brand":[],"product_cat":[137,135,127,138,126],"product_tag":[],"class_list":{"0":"post-6037","1":"product","2":"type-product","3":"status-publish","4":"has-post-thumbnail","6":"product_cat-cosmetica-natural","7":"product_cat-energeticos","8":"product_cat-nutricion-ortomolecular","9":"product_cat-nutricosmetica","10":"product_cat-suplementos-naturales","12":"first","13":"instock","14":"taxable","15":"shipping-taxable","16":"purchasable","17":"product-type-simple"},"_links":{"self":[{"href":"https:\/\/www.naturclic.com\/index.php?rest_route=\/wp\/v2\/product\/6037","targetHints":{"allow":["GET"]}}],"collection":[{"href":"https:\/\/www.naturclic.com\/index.php?rest_route=\/wp\/v2\/product"}],"about":[{"href":"https:\/\/www.naturclic.com\/index.php?rest_route=\/wp\/v2\/types\/product"}],"replies":[{"embeddable":true,"href":"https:\/\/www.naturclic.com\/index.php?rest_route=%2Fwp%2Fv2%2Fcomments&post=6037"}],"wp:featuredmedia":[{"embeddable":true,"href":"https:\/\/www.naturclic.com\/index.php?rest_route=\/wp\/v2\/media\/6038"}],"wp:attachment":[{"href":"https:\/\/www.naturclic.com\/index.php?rest_route=%2Fwp%2Fv2%2Fmedia&parent=6037"}],"wp:term":[{"taxonomy":"product_brand","embeddable":true,"href":"https:\/\/www.naturclic.com\/index.php?rest_route=%2Fwp%2Fv2%2Fproduct_brand&post=6037"},{"taxonomy":"product_cat","embeddable":true,"href":"https:\/\/www.naturclic.com\/index.php?rest_route=%2Fwp%2Fv2%2Fproduct_cat&post=6037"},{"taxonomy":"product_tag","embeddable":true,"href":"https:\/\/www.naturclic.com\/index.php?rest_route=%2Fwp%2Fv2%2Fproduct_tag&post=6037"}],"curies":[{"name":"wp","href":"https:\/\/api.w.org\/{rel}","templated":true}]}}