{"id":6137,"date":"2020-03-30T11:59:58","date_gmt":"2020-03-30T09:59:58","guid":{"rendered":"http:\/\/www.naturclic.com\/?post_type=product&#038;p=6137"},"modified":"2024-08-20T17:03:12","modified_gmt":"2024-08-20T15:03:12","slug":"vitamina-d3-60-capsulas-sura-vitasan","status":"publish","type":"product","link":"https:\/\/www.naturclic.com\/?product=vitamina-d3-60-capsulas-sura-vitasan","title":{"rendered":"Vitamina D3 1000ui 60 c\u00e1psulas Sura Vitasan"},"content":{"rendered":"<p>Ingredientes: agente de carga: celulosa microcristalina, colecalciferol (vitamina D3), antiaglomerantes: estearato de magnesio vegetal y di\u00f3xido de silicio, c\u00e1psula vegetal (agente de recubrimiento: hidroxipropilmetilcelulosa; humectante: agua purificada).<\/p>\n<p>Informaci\u00f3n nutricional:<\/p>\n<p>1 c\u00e1p<\/p>\n<p>(341 mg)<\/p>\n<p>Vitamina D3 (colecalciferol) (1.000 UI)<\/p>\n<p>25 \u03bcg<\/p>\n<p>(500%*)<\/p>\n<p>*VRN: valor de referencia de nutrientes en %.<\/p>\n<p>No contiene: leche o sus derivados, levadura, agentes conservantes, aromas artificiales o colorantes artificiales.<\/p>\n<p>Advertencias<br \/>\nLa seguridad y eficacia de este producto no se ha establecido en ni\u00f1os. En consecuencia, no debe administrarse en este grupo de edad. Debido al elevado contenido en vitamina D, VITAMINA D 3 no est\u00e1 indicado para su uso durante el embarazo o la lactancia ya que la ingesta diaria durante el embarazo y lactancia no debe exceder de 600 U.I. de vitamina D.A dosis altas y en tratamientos prolongados es posible la aparici\u00f3n de hipercalcemia, que se evita ajustando la dosis. La vitamina D puede interaccionar con el aluminio de algunos preparados anti\u00e1cidos por lo que se recomienda separar la toma entre ambos. Se recomienda un especial control en pacientes en tratamiento con gluc\u00f3sidos cardiot\u00f3nicos. Su uso requiere especial precauci\u00f3n en pacientes con insuficiencia renal o litiasis renal.<\/p>\n<p>Dosis recomendada<br \/>\nComo complemento alimenticio se sugiere tomar 1 c\u00e1psula al d\u00eda.<\/p>\n<p>Indicaciones y usos<br \/>\nMantenimiento de la salud \u00f3sea y prevenci\u00f3n de estados carenciales de vitamina D que pueden contribuir a la aparici\u00f3n de enfermedad \u00f3sea (osteomalacia, osteoporosis). Prevenir la p\u00e9rdida de masa \u00f3sea asociada a la edad. Prevenir riesgo de factura en pacientes de edad avanzada y mujeres en etapa menop\u00e1usica. P\u00e9rdida de masa \u00f3sea asociada al tratamiento con corticoides. Contribuye a mantener la integridad del sistema inmunitario.<\/p>\n<p>Lo m\u00e1s destacado<br \/>\nNo<br \/>\nRecomendaci\u00f3n importante<br \/>\nNo<br \/>\nDetalles<br \/>\nNuestra formulaci\u00f3n aporta vitamina D en forma de vitamina D3 (colecalciferol) la cual juega un papel fundamental en el mantenimiento de la salud \u00f3sea y muscular, regulando el metabolismo del calcio. Previene la p\u00e9rdida de masa \u00f3sea asociada a la edad y disminuye el riesgo de fractura tanto en pacientes de edad avanzada como en mujeres con menopausia. VITAMINA D 3 tambi\u00e9n contribuye a mantener la integridad del sistema inmunitario. En una sociedad en la que se estima que m\u00e1s del 50% de la poblaci\u00f3n est\u00e1 en riesgo de padecer deficiencia de vitamina D, cada vez son m\u00e1s los expertos que sugieren incrementar las recomendaciones de vitamina D por lo menos a 800-2000 UI, dosis dif\u00edciles de alcanzar sin suplementos.<\/p>\n<p>VITAMINA D: A la vitamina D se la conoce como \u201cla vitamina del sol\u201d debido a que el cuerpo la sintetiza tras la exposici\u00f3n a los rayos solares. De 10 a 15 minutos de exposici\u00f3n al sol tres veces a la semana deber\u00edan ser suficientes para producir los requerimientos corporales de esta vitamina. Sin embargo, muchas personas que viven en climas soleados a\u00fan as\u00ed no producen la suficiente vitamina D y necesitan obtener m\u00e1s de su dieta o suplementos. Es por ello que la hipovitaminosis D es frecuente entre la poblaci\u00f3n de nuestro pa\u00eds y en numerosos estudios se han constatado grupos de riesgo de hipovitaminosis D, como son mujeres en edad f\u00e9rtil o ancianos los cuales tienen menor capacidad de s\u00edntesis cut\u00e1nea. Un adulto de 70 a\u00f1os produce un 75 % menos de vitamina D que una persona de 20 a\u00f1os. Es de destacar que la deficiencia de vitamina D est\u00e1 alrededor del 50% de los adultos, j\u00f3venes y ni\u00f1os aparentemente sanos. La producci\u00f3n cut\u00e1nea de vitamina D es menor en parte debido a la existencia de estrategias protectoras dirigidas a minimizar la exposici\u00f3n solar. En este sentido, un factor de protecci\u00f3n solar del \u201c15\u201d bloquea aproximadamente el 99% de la producci\u00f3n cut\u00e1nea de vitamina D. Los grupos \u00e9tnicos con hiperpigmentaci\u00f3n cut\u00e1nea requieren una mayor exposici\u00f3n solar para sintetizar cantidades equivalentes de vitamina D en comparaci\u00f3n con los individuos de piel blanca. Tambi\u00e9n, la obesidad se asocia a la deficiencia de vitamina D probablemente por una disminuci\u00f3n de su biodisponibilidad.<\/p>\n","protected":false},"excerpt":{"rendered":"<p>omplemento alimenticio a base de Vitamina D3 (colecalciferol) aportando 25 mcg (1.000 UI) por c\u00e1psula.<\/p>\n<p>Declaraciones saludables (Reglamento UE N\u00ba 432\/2012): La vitamina D contribuye a la absorci\u00f3n y utilizaci\u00f3n normal del calcio y el f\u00f3sforo; al mantenimiento de los niveles normales de calcio en sangre; al mantenimiento de los huesos y dientes en condiciones normales; al funcionamiento normal de los m\u00fasculos y al funcionamiento normal del sistema inmunitario.<\/p>\n<p>Nuestra formulaci\u00f3n aporta vitamina D en forma de vitamina D3 (colecalciferol) la cual juega un papel fundamental en el mantenimiento de la salud \u00f3sea y muscular, regulando el metabolismo del calcio. Previene la p\u00e9rdida de masa \u00f3sea asociada a la edad y disminuye el riesgo de fractura tanto en pacientes de edad avanzada como en mujeres con menopausia. VITAMINA D 3 tambi\u00e9n contribuye a mantener la integridad del sistema inmunitario. En una sociedad en la que se estima que m\u00e1s del 50% de la poblaci\u00f3n est\u00e1 en riesgo de padecer deficiencia de vitamina D, cada vez son m\u00e1s los expertos que sugieren incrementar las recomendaciones de vitamina D por lo menos a 800-2000 UI, dosis dif\u00edciles de alcanzar sin suplementos.<\/p>\n","protected":false},"featured_media":6138,"comment_status":"open","ping_status":"closed","template":"","meta":{"_joinchat":[]},"product_brand":[],"product_cat":[128,127,126],"product_tag":[],"class_list":{"0":"post-6137","1":"product","2":"type-product","3":"status-publish","4":"has-post-thumbnail","6":"product_cat-fitoterapia-capsulas-y-comprimidos","7":"product_cat-nutricion-ortomolecular","8":"product_cat-suplementos-naturales","10":"first","11":"instock","12":"taxable","13":"shipping-taxable","14":"purchasable","15":"product-type-simple"},"_links":{"self":[{"href":"https:\/\/www.naturclic.com\/index.php?rest_route=\/wp\/v2\/product\/6137","targetHints":{"allow":["GET"]}}],"collection":[{"href":"https:\/\/www.naturclic.com\/index.php?rest_route=\/wp\/v2\/product"}],"about":[{"href":"https:\/\/www.naturclic.com\/index.php?rest_route=\/wp\/v2\/types\/product"}],"replies":[{"embeddable":true,"href":"https:\/\/www.naturclic.com\/index.php?rest_route=%2Fwp%2Fv2%2Fcomments&post=6137"}],"wp:featuredmedia":[{"embeddable":true,"href":"https:\/\/www.naturclic.com\/index.php?rest_route=\/wp\/v2\/media\/6138"}],"wp:attachment":[{"href":"https:\/\/www.naturclic.com\/index.php?rest_route=%2Fwp%2Fv2%2Fmedia&parent=6137"}],"wp:term":[{"taxonomy":"product_brand","embeddable":true,"href":"https:\/\/www.naturclic.com\/index.php?rest_route=%2Fwp%2Fv2%2Fproduct_brand&post=6137"},{"taxonomy":"product_cat","embeddable":true,"href":"https:\/\/www.naturclic.com\/index.php?rest_route=%2Fwp%2Fv2%2Fproduct_cat&post=6137"},{"taxonomy":"product_tag","embeddable":true,"href":"https:\/\/www.naturclic.com\/index.php?rest_route=%2Fwp%2Fv2%2Fproduct_tag&post=6137"}],"curies":[{"name":"wp","href":"https:\/\/api.w.org\/{rel}","templated":true}]}}