{"id":6139,"date":"2020-03-30T12:02:42","date_gmt":"2020-03-30T10:02:42","guid":{"rendered":"http:\/\/www.naturclic.com\/?post_type=product&#038;p=6139"},"modified":"2024-08-12T15:53:40","modified_gmt":"2024-08-12T13:53:40","slug":"vitamina-d3-peques-15ml-sura-vitasan","status":"publish","type":"product","link":"https:\/\/www.naturclic.com\/?product=vitamina-d3-peques-15ml-sura-vitasan","title":{"rendered":"Vitamina D3 Peques 15ml Sura Vitasan"},"content":{"rendered":"<p>Ingredientes: triglic\u00e9ridos de cadena media, colecalciferol (vitamina D3).<\/p>\n<p>Informaci\u00f3n nutricional:<\/p>\n<p>1 gota (0,03 ml) Vitamina D3 (colecalciferol) 400 UI) 10 \u00b5g (200%*)<\/p>\n<p>*VRN: valor de referencia de nutrientes en %.<\/p>\n<p>Advertencias<br \/>\nNo<br \/>\nDosis recomendada<br \/>\n1 gota al d\u00eda. Bajo la lengua. Agitar bien antes de usar. No superar la dosis diaria recomendada.<\/p>\n<p>Indicaciones y usos<br \/>\nEs necesaria para el crecimiento y el desarrollo normales de los huesos en ni\u00f1os. Contribuye al buen funcionamiento del sistema inmunitario de los ni\u00f1os.<\/p>\n<p>Detalles<br \/>\nNuestra formulaci\u00f3n aporta vitamina D en forma de vitamina D3 (colecalciferol) la cual juega un papel fundamental en el mantenimiento de la salud \u00f3sea y muscular, regulando el metabolismo del calcio. Es necesaria para la absorci\u00f3n y uso del calcio y el f\u00f3sforo para el desarrollo de unos huesos y dientes sanos. Tambi\u00e9n contribuye a mantener la integridad del sistema inmunitario.<\/p>\n<p>La VitaminaD3 Peques de SuraVitasan aporta 400 UI por gota de la forma biol\u00f3gicamente activa de vitamina D\u2083 (colecalciferol). Unos niveles adecuados de vitamina D3 son cruciales durante los a\u00f1os de desarrollo de la infancia hasta la adolescencia. Una deficiencia de vitamina D3 puede afectar negativamente el desarrollo infantil, el rendimiento del sistema inmune y el estado de \u00e1nimo.<\/p>\n","protected":false},"excerpt":{"rendered":"<p>Vitamina D3 Peques<br \/>\nComplemento alimenticio a base de Vitamina D3 (colecalciferol) aportando 10 mcg (400 UI) por gota. La vitamina D3 (colecalciferol) juega un papel fundamental en el mantenimiento de la salud \u00f3sea en ni\u00f1os, regulando el metabolismo del calcio. Tambi\u00e9n contribuye a mantener la integridad del sistema inmunitario.<\/p>\n<p>Declaraciones saludables (Reglamento UE N\u00ba 432\/2012): La vitamina D es necesaria para el crecimiento y el desarrollo normales de los huesos en los ni\u00f1os, y contribuye al buen funcionamiento del sistema inmunitario de los ni\u00f1os.<br \/>\nestra formulaci\u00f3n aporta vitamina D en forma de vitamina D3 (colecalciferol) la cual juega un papel fundamental en el mantenimiento de la salud \u00f3sea y muscular, regulando el metabolismo del calcio. Es necesaria para la absorci\u00f3n y uso del calcio y el f\u00f3sforo para el desarrollo de unos huesos y dientes sanos. Tambi\u00e9n contribuye a mantener la integridad del sistema inmunitario.<\/p>\n<p>La VitaminaD3 Peques de SuraVitasan aporta 400 UI por gota de la forma biol\u00f3gicamente activa de vitamina D\u2083 (colecalciferol). Unos niveles adecuados de vitamina D3 son cruciales durante los a\u00f1os de desarrollo de la infancia hasta la adolescencia. Una deficiencia de vitamina D3 puede afectar negativamente el desarrollo infantil, el rendimiento del sistema inmune y el estado de \u00e1nimo.<\/p>\n","protected":false},"featured_media":6140,"comment_status":"open","ping_status":"closed","template":"","meta":{"_joinchat":[]},"product_brand":[],"product_cat":[129,127,126],"product_tag":[],"class_list":{"0":"post-6139","1":"product","2":"type-product","3":"status-publish","4":"has-post-thumbnail","6":"product_cat-fitoterapia-extracto-liquido","7":"product_cat-nutricion-ortomolecular","8":"product_cat-suplementos-naturales","10":"first","11":"instock","12":"taxable","13":"shipping-taxable","14":"purchasable","15":"product-type-simple"},"_links":{"self":[{"href":"https:\/\/www.naturclic.com\/index.php?rest_route=\/wp\/v2\/product\/6139","targetHints":{"allow":["GET"]}}],"collection":[{"href":"https:\/\/www.naturclic.com\/index.php?rest_route=\/wp\/v2\/product"}],"about":[{"href":"https:\/\/www.naturclic.com\/index.php?rest_route=\/wp\/v2\/types\/product"}],"replies":[{"embeddable":true,"href":"https:\/\/www.naturclic.com\/index.php?rest_route=%2Fwp%2Fv2%2Fcomments&post=6139"}],"wp:featuredmedia":[{"embeddable":true,"href":"https:\/\/www.naturclic.com\/index.php?rest_route=\/wp\/v2\/media\/6140"}],"wp:attachment":[{"href":"https:\/\/www.naturclic.com\/index.php?rest_route=%2Fwp%2Fv2%2Fmedia&parent=6139"}],"wp:term":[{"taxonomy":"product_brand","embeddable":true,"href":"https:\/\/www.naturclic.com\/index.php?rest_route=%2Fwp%2Fv2%2Fproduct_brand&post=6139"},{"taxonomy":"product_cat","embeddable":true,"href":"https:\/\/www.naturclic.com\/index.php?rest_route=%2Fwp%2Fv2%2Fproduct_cat&post=6139"},{"taxonomy":"product_tag","embeddable":true,"href":"https:\/\/www.naturclic.com\/index.php?rest_route=%2Fwp%2Fv2%2Fproduct_tag&post=6139"}],"curies":[{"name":"wp","href":"https:\/\/api.w.org\/{rel}","templated":true}]}}