{"id":6147,"date":"2020-03-30T12:59:59","date_gmt":"2020-03-30T10:59:59","guid":{"rendered":"http:\/\/www.naturclic.com\/?post_type=product&#038;p=6147"},"modified":"2024-08-12T15:47:52","modified_gmt":"2024-08-12T13:47:52","slug":"verdesplus133-g-polvo-sura-vitasan","status":"publish","type":"product","link":"https:\/\/www.naturclic.com\/?product=verdesplus133-g-polvo-sura-vitasan","title":{"rendered":"VerdesPlus 133 g (polvo) Sura Vitasan"},"content":{"rendered":"<p>Ingredientes: lecitina de girasol (Helianthus annuus), espirulina (Spirulina platensis), pectina de manzana (Pyrus malus), extracto de fruto de Ci Li (Rosa roxburghii), hoja de alfalfa (Medicago sativa), centeno (Hordeum vulgare), chlorella (Chlorella pyrenoidosa), salvado de arroz (Oryza sativa), bacterias \u00e1cido-l\u00e1cticas (ver informaci\u00f3n nutricional, en contacto con leche y soja), edulcorante (gluc\u00f3sidos de esteviol de Stevia rebaudiana), polen de abeja multiflora, D-ribosa, antiaglomerante (estearato de magnesio vegetal), zumo de hoja de trigo en polvo (Triticum aestivum), extracto de ra\u00edz de regaliz (Glycyrrhiza uralensis), zumo de acerola en polvo (Malpighia glabra), ra\u00edz de remolacha (Beta vulgaris), extracto de semillas de cardo mariano (Silybum marianum), extracto de ra\u00edz de ginseng siberiano (Eleutherococcus senticosus), extracto de br\u00f3coli (Brassica oleracea var. italica), rhodymenia de Nueva Escocia (Palmaria palmata), inulina en polvo (de Cichorium intybus), extracto de semillas de uva (Vitis vin\u00edfera), extracto de hoja de Ginkgo biloba, extracto de t\u00e9 verde (Camellia sinensis), extracto de fruto de mirtilo (Vaccinium myrtillus), enzimas digestivas de plantas, c\u00e1psula vegetal (agente de recubrimiento: hidroxipropilmetilcelulosa; humectante: agua purificada).<br \/>\ndvertencias<br \/>\nSe recomienda no tomar durante el embarazo y la lactancia y consultar con el profesional antes de tomar este producto si est\u00e1 en tratamiento con medicaci\u00f3n, o presenta unas condicionesm\u00e9dicas especiales. Tomar el producto con mucha agua para asegurarse de que la sustancia llega al est\u00f3mago. Se advierte de peligro de asfixia para personas con problemas de degluci\u00f3n. Evitar el consumo junto con medicamentos y otros complementos alimenticios a base de fibra.<\/p>\n<p>Dosis recomendada<br \/>\n13 c\u00e1psulas al d\u00eda con un vaso de agua o zumo (250 ml). Preferiblemente tomar en ayunas o 15 minutos antes de una comida. Se sugiere tomar entre 4 y 6 vasos de agua al d\u00eda cuando se toma este producto para ayudar a la limpieza.<\/p>\n<p>No superar la dosis diaria recomendada.<\/p>\n<p>Indicaciones y usos<br \/>\nSe sugiere tomar VERDES PLUS como: Vitalizante: aumenta la energ\u00eda, fortaleza y resistencia, energetiza y estimula, aliviando la fatiga y el estr\u00e9s sin necesidad de estimulantes. Antioxidante: protege contra los radicales libres y la poluci\u00f3n ambiental. Regenerador y activador de las c\u00e9lulas. Fortalece el sistema inmunitario. Optimiza la funci\u00f3n neurol\u00f3gica. Aumenta la agudeza mental gracias a la lecitina y sus fosfol\u00edpidos y el Ginkgo Biloba. Detoxifica: limpia el organismo y ayuda a reducir el estre\u00f1imiento.Incrementa los niveles de probi\u00f3ticos: gracias a la completa mezcla de probi\u00f3ticos y el co-factor FOS y establece un Ph apropiado en el intestino.<\/p>\n<p>Lo m\u00e1s destacado<br \/>\nNo<br \/>\nRecomendaci\u00f3n importante<br \/>\nEs preferible beber despacio, de esta manera VERDES PLUS comenzar\u00e1 a digerirse y a absorberse inmediatamente. Es beneficioso tomar entre 4 y 6 vasos de agua m\u00ednimo cuando se toma VERDES PLUS as\u00ed se promover\u00e1 m\u00e1s la limpieza.<\/p>\n<p>Detalles<br \/>\nEsta f\u00f3rmula se ha creado pensando en la necesidad de productos nutricionales que apoyar\u00e1n la limpieza y desintoxicaci\u00f3n interna del organismo, elevar\u00e1n la vitalidad y reforzar\u00e1n el sistema inmunitario.<\/p>\n<p>Por eso se combinaron los s\u00faper alimentos que est\u00e1n llenos de vitaminas, minerales, amino\u00e1cidos y otros elementos que necesitamos para estar sanos. Con sus 25 ingredientes contiene una concentraci\u00f3n muy significativa de vitaminas, minerales, amino\u00e1cidos esenciales, enzimas, co-enzimas, extractos de hierbas estandarizados, extractos bot\u00e1nicos, fibras solubles e insolubles, antioxidantes y m\u00e1s. VERDES PLUS se convierte en un s\u00faper alimento que puede fomentar la salud en muchos aspectos y a personas de casi todas las edades. Imag\u00ednese a\u00f1adir todos estos magn\u00edficos ingredientes a su dieta cada d\u00eda.<\/p>\n<p>La gran cantidad de clorofila que posee VERDES PLUS es la que da ese color verde intenso al producto. La clorofila es un componente vital y de gran importancia para el organismo, es absorbida por el sistema circulatorio oxigenando, limpiando y reforzando la sangre. Purifica, desodoriza, desintoxica y alcaliniza el organismo y juega un papel importante en fortalecer el sistema inmunitario. La clorofila refuerza el organismo, contribuye a la salud y juega un papel primordial en combatir las infecciones. La alcalinidad de los ingredientes de VERDES PLUS es muy importante, ya que puede ayudar a un organismo \u00e1cido a nivelar su pH. Adem\u00e1s el organismo tiende a funcionar mejor, con m\u00e1s vitalidad y mantiene un nivel de energ\u00eda m\u00e1s elevado en un medio ligeramente alcalino.<\/p>\n","protected":false},"excerpt":{"rendered":"<p>Verdes Plus es un complemento alimenticio a base de un concentrado de nutrientes naturales que aporta 50 ingredientes de alta valor nutricional para ayudar a equilibrar el organismo y sentirse mejor. Es una avanzada formulaci\u00f3n a base de brotes de alfalfa, centeno, zumo de hoja de trigo, extracto de broc\u00f3li, algas de cultivo org\u00e1nico, 10 cepas de bacterias \u00e1cido-lacticas adem\u00e1s de nutrac\u00e9uticos estandarizados como la remolacha, fibra de pectina de manzana y arroz integral, D-ribosa, Ci-Li, polen de abeja, acerola de cultivo org\u00e1nico, lecitina, ginkgo biloba entre otros muchos nutrientes, en una base enzim\u00e1tica para incrementar la absorci\u00f3n de los activos y edulcorada con estevia.\u201d<\/p>\n","protected":false},"featured_media":6148,"comment_status":"open","ping_status":"closed","template":"","meta":{"_joinchat":[]},"product_brand":[],"product_cat":[135,128,127,15,126],"product_tag":[],"class_list":{"0":"post-6147","1":"product","2":"type-product","3":"status-publish","4":"has-post-thumbnail","6":"product_cat-energeticos","7":"product_cat-fitoterapia-capsulas-y-comprimidos","8":"product_cat-nutricion-ortomolecular","9":"product_cat-sin-categorizar","10":"product_cat-suplementos-naturales","12":"first","13":"instock","14":"taxable","15":"shipping-taxable","16":"purchasable","17":"product-type-simple"},"_links":{"self":[{"href":"https:\/\/www.naturclic.com\/index.php?rest_route=\/wp\/v2\/product\/6147","targetHints":{"allow":["GET"]}}],"collection":[{"href":"https:\/\/www.naturclic.com\/index.php?rest_route=\/wp\/v2\/product"}],"about":[{"href":"https:\/\/www.naturclic.com\/index.php?rest_route=\/wp\/v2\/types\/product"}],"replies":[{"embeddable":true,"href":"https:\/\/www.naturclic.com\/index.php?rest_route=%2Fwp%2Fv2%2Fcomments&post=6147"}],"wp:featuredmedia":[{"embeddable":true,"href":"https:\/\/www.naturclic.com\/index.php?rest_route=\/wp\/v2\/media\/6148"}],"wp:attachment":[{"href":"https:\/\/www.naturclic.com\/index.php?rest_route=%2Fwp%2Fv2%2Fmedia&parent=6147"}],"wp:term":[{"taxonomy":"product_brand","embeddable":true,"href":"https:\/\/www.naturclic.com\/index.php?rest_route=%2Fwp%2Fv2%2Fproduct_brand&post=6147"},{"taxonomy":"product_cat","embeddable":true,"href":"https:\/\/www.naturclic.com\/index.php?rest_route=%2Fwp%2Fv2%2Fproduct_cat&post=6147"},{"taxonomy":"product_tag","embeddable":true,"href":"https:\/\/www.naturclic.com\/index.php?rest_route=%2Fwp%2Fv2%2Fproduct_tag&post=6147"}],"curies":[{"name":"wp","href":"https:\/\/api.w.org\/{rel}","templated":true}]}}