{"id":6149,"date":"2020-03-30T13:04:18","date_gmt":"2020-03-30T11:04:18","guid":{"rendered":"http:\/\/www.naturclic.com\/?post_type=product&#038;p=6149"},"modified":"2024-08-14T16:33:14","modified_gmt":"2024-08-14T14:33:14","slug":"visionamax-30-capsulas-sura-vitasan","status":"publish","type":"product","link":"https:\/\/www.naturclic.com\/?product=visionamax-30-capsulas-sura-vitasan","title":{"rendered":"VisionaMax 30 c\u00e1psulas Sura Vitasan"},"content":{"rendered":"<p>ngredientes: \u00e1cido L-asc\u00f3rbico (vit. C), extracto de fruto de mirtilo (Vaccinium myrtillus),nicotinamida (vit. B3), \u00e1cido alfa-lipoico, extracto de semilla de uva (Vitisvinifera), acetato de D-alfa-tocoferilo (vit. E), lute\u00edna (de Tagetes erecta), riboflavina(vit. B2), L-glutation, extracto de mezcla de bayas (de fruto de Vaccinium myrtillus y piel y semilla de Vitis vinifera), hexanicotinato de inositol (vit. B3), antiaglomerante:di\u00f3xido de silicio, citrato de zinc, antiaglomerante: estearato de magnesio vegetal,extracto de Haematococcus pluvialis, extracto de tagete (Tagetes erecta), extracto de tomate (Solanum lycopersicum), clorhidrato de tiamina (vit. B1), riboflavina 5\u00b4-fosfato s\u00f3dico (vit. B2), clorhidrato de piridoxina (vit. B6), gluconato c\u00faprico, L-seleniometionina, piridoxal 5\u00b4-fosfato (vit. B6), c\u00e1psula vegetal (agente de L-seleniometionina, piridoxal 5\u00b4-fosfato (vit. B6), c\u00e1psula vegetal (agente de recubrimiento: hidroxipropilmetilcelulosa; humectante: agua purificada).<\/p>\n<p>Advertencias<br \/>\nconsulte al profesional en caso de embarazo o lactancia, si est\u00e1 en tratamiento con medicaci\u00f3n (anticoagulantes, antihipertensivos), o si presenta unas condiciones m\u00e9dicas especiales (diabetes, problemas de tiroides). No administrar en caso de alergia conocida a plantas de la familia Asteraceae\/Compositae\/margaritas.<\/p>\n<p>Dosis recomendada<br \/>\nComo complemento alimenticio se sugiere tomar 1 c\u00e1psula al d\u00eda con comida. o seguir las indicaciones de un especialista.<\/p>\n<p>Indicaciones y usos<br \/>\nPrevenci\u00f3n y ayuda en el tratamiento de la degeneraci\u00f3n macular senil y otros trastornos oculares en los que se requiere una mayor protecci\u00f3n ocular como son en los casos de cataratas, glaucoma y retinopat\u00eda diab\u00e9tica. Personas expuestas durante largos per\u00edodos ante las pantallas de ordenador, o personas cuyo trabajo o actividad requiera una alta intensidad lum\u00ednica (cirujanos, relojeros, soldadores, actores\u2026.). Personas que viven o trabajan en lugares donde la intensidad de la radiaci\u00f3n solar es mayor (esquiadores, socorristas\u2026). Mejora de la visi\u00f3n nocturna, la adaptaci\u00f3n a la oscuridad y restaura la agudeza visual. Alivio de la fatiga ocular.<\/p>\n<p>Lo m\u00e1s destacado<br \/>\nNo<br \/>\nRecomendaci\u00f3n importante<br \/>\nNo<br \/>\nDetalles<br \/>\nVISIONAMAX es un producto cuya formulaci\u00f3n proporciona una completa combinaci\u00f3n de vitaminas, minerales, antioxidantes y compuestos fitoqu\u00edmicos espec\u00edficos para reforzar y favorecer el mantenimiento \u00f3ptimo de la funci\u00f3n visual. Los ingredientes act\u00faan protegiendo el tejido ocular contra las lesiones oxidativas, refuerzan la densidad del pigmento macular y protegen los fotorreceptores restaurando la agudeza visual. VISIONAMAX protege el ojo de la degeneraci\u00f3n macular vinculadas a la edad y la fatiga ocular.<\/p>\n<p>MIRTILO: Se han aislado distintos componentes activos de las hojas y de los frutos del mirtilo pero son los antocian\u00f3sidos (glic\u00f3sidos de antocianidinas o antocianinas) los compuestos m\u00e1s estudiados por sus aplicaciones en oftalmolog\u00eda. Los antocian\u00f3sidos act\u00faan sobre enzimas de la retina, concretamente el lactato deshidrogenasa, y aumentan la velocidad de regeneraci\u00f3n de los pigmentos retinianos mejorando as\u00ed la calidad de la vista. Favorecen la adaptaci\u00f3n a la oscuridad, por incremento en la velocidad de regeneraci\u00f3n de la rodopsina, pigmento<\/p>\n<p>implicado en la visi\u00f3n. Posee afinidad por el epitelio pigmentado de la retina, responsable de la visi\u00f3n y ajuste a la luz y oscuridad. Tiene la habilidad de mejorar el aporte sangu\u00edneo y oxigenaci\u00f3n del ojo y de captar radicales libres que pueden desorganizar las estructuras del col\u00e1geno y contribuir a la generaci\u00f3n de cataratas y degeneraci\u00f3n macular. Diversos estudios confirmaron sus beneficios sobre la agudeza visual nocturna acelerando la acomodaci\u00f3n a la oscuridad y la recuperaci\u00f3n despu\u00e9s de exposici\u00f3n a la luz. Estudios con extractos de mirtilo en pacientes con retinitis pigmentosa y hemeralop\u00eda demostraron mejor\u00eda significativa en el rendimiento visual. Se ha descrito que tambi\u00e9n puede ofrecer protecci\u00f3n significativa contra el desarrollo de glaucoma, debido a sus propiedades antioxidantes y estabilizadoras del col\u00e1geno. La disminuci\u00f3n de la fuerza tensil e integridad de los tejidos oculares que envejecen puede producir un aumento de la presi\u00f3n ocular con p\u00e9rdida de la visi\u00f3n perif\u00e9rica, como se observa en el glaucoma. En un estudio elaborado sobre pacientes con glaucoma que recibieron una sola dosis de 200 mg de antocian\u00f3sidos demostraron mejor\u00eda por medio de electroretinograf\u00eda. El mecanismo propuesto es un potente efecto estabilizador del col\u00e1geno de la red trabecular, lo que facilita la salida del flujo acuoso. En otro estudio se administr\u00f3 180 mg de extracto de mirtilo 2 veces al d\u00eda junto con vitamina E durante 4 meses, demostrando la detenci\u00f3n de la formaci\u00f3n de cataratas en pacientes con cataratas corticales seniles. Por \u00faltimo se\u00f1alar que los antocian\u00f3sidos son reconocidos como altamente efectivos en la prevenci\u00f3n y tratamiento de la retinopat\u00eda diab\u00e9tica.<\/p>\n","protected":false},"excerpt":{"rendered":"<p>VisionaMax es un complemento alimenticio a base de 21 ingredientes que proporcionan una cuidada seleccion de extractos de plantas como Mirtilo, Semilla de uva, carotenoides, glutation reducido, multi-antocianidinas, vitamina C, vitaminas del complejo B y minerales como zinc, cobre o selenio.<\/p>\n<p>Declaraciones saludables (Reglamento UE N\u00ba 432\/2012): La vitamina B2 y el Zinc contribuyen al mantenimiento de la visi\u00f3n en condiciones normales.<\/p>\n","protected":false},"featured_media":6150,"comment_status":"open","ping_status":"closed","template":"","meta":{"_joinchat":[]},"product_brand":[],"product_cat":[139,128,129,127,138,126],"product_tag":[213,212,211],"class_list":{"0":"post-6149","1":"product","2":"type-product","3":"status-publish","4":"has-post-thumbnail","6":"product_cat-cosmetica-facial","7":"product_cat-fitoterapia-capsulas-y-comprimidos","8":"product_cat-fitoterapia-extracto-liquido","9":"product_cat-nutricion-ortomolecular","10":"product_cat-nutricosmetica","11":"product_cat-suplementos-naturales","12":"product_tag-ojos","13":"product_tag-prevencion","14":"product_tag-vision","16":"first","17":"outofstock","18":"taxable","19":"shipping-taxable","20":"purchasable","21":"product-type-simple"},"_links":{"self":[{"href":"https:\/\/www.naturclic.com\/index.php?rest_route=\/wp\/v2\/product\/6149","targetHints":{"allow":["GET"]}}],"collection":[{"href":"https:\/\/www.naturclic.com\/index.php?rest_route=\/wp\/v2\/product"}],"about":[{"href":"https:\/\/www.naturclic.com\/index.php?rest_route=\/wp\/v2\/types\/product"}],"replies":[{"embeddable":true,"href":"https:\/\/www.naturclic.com\/index.php?rest_route=%2Fwp%2Fv2%2Fcomments&post=6149"}],"wp:featuredmedia":[{"embeddable":true,"href":"https:\/\/www.naturclic.com\/index.php?rest_route=\/wp\/v2\/media\/6150"}],"wp:attachment":[{"href":"https:\/\/www.naturclic.com\/index.php?rest_route=%2Fwp%2Fv2%2Fmedia&parent=6149"}],"wp:term":[{"taxonomy":"product_brand","embeddable":true,"href":"https:\/\/www.naturclic.com\/index.php?rest_route=%2Fwp%2Fv2%2Fproduct_brand&post=6149"},{"taxonomy":"product_cat","embeddable":true,"href":"https:\/\/www.naturclic.com\/index.php?rest_route=%2Fwp%2Fv2%2Fproduct_cat&post=6149"},{"taxonomy":"product_tag","embeddable":true,"href":"https:\/\/www.naturclic.com\/index.php?rest_route=%2Fwp%2Fv2%2Fproduct_tag&post=6149"}],"curies":[{"name":"wp","href":"https:\/\/api.w.org\/{rel}","templated":true}]}}