{"id":6157,"date":"2020-03-30T15:44:31","date_gmt":"2020-03-30T13:44:31","guid":{"rendered":"http:\/\/www.naturclic.com\/?post_type=product&#038;p=6157"},"modified":"2025-11-17T22:28:53","modified_gmt":"2025-11-17T21:28:53","slug":"wellis-air-wadu-02","status":"publish","type":"product","link":"https:\/\/www.naturclic.com\/?product=wellis-air-wadu-02","title":{"rendered":"Wellis Wellisair oficial WADU 02 + 1 Cartucho gratis (IVA INCLUIDO)"},"content":{"rendered":"<p><strong>Wellisair WADU 02<\/strong><\/p>\n<p>-Dispositivo para purificar y desinfectar el aire y las superficies de espacios cerrados generando y expandiendo eficazmente radicales hidroxilos (OH).<br \/>\n&#8211; Elimina virus, bacterias, al\u00e9rgenos, moho, olores y compuestos org\u00e1nicos vol\u00e1tiles (COVs) existentes en un 99,9%<br \/>\n&#8211; Dise\u00f1o compacto y elegante con formas y radios redondeados.<br \/>\n&#8211; Consumo el\u00e9ctrico muy bajo de 3,6 Watts por hora. (equivalente a 5 \u20ac al a\u00f1o aproximadamente)<br \/>\n&#8211; Funciona con cartuchos cargados con una soluci\u00f3n de per\u00f3xido de hidr\u00f3geno. Cada consumible tiene una durabilidad de 3 meses.<br \/>\n&#8211; Alcance en espacios abiertos de 50 a 60 metros cuadrados como media.<br \/>\n&#8211; Panel de control t\u00e1ctil integrado con botones de encendido, modo noche e indicadores de alarmas.<br \/>\n&#8211; Indicador led a tiempo real del estado de contaminaci\u00f3n del aire y las superficies en la zona de actuaci\u00f3n.<br \/>\n&#8211; Muy bajo nivel sonoro.<br \/>\n&#8211; El modo noche apaga el indicador led y reduce el ruido del dispositivo facilitando el sue\u00f1o.<br \/>\n&#8211; Sin filtros.<br \/>\n&#8211; Para conseguir una mejor y m\u00e1s amplia acci\u00f3n de desinfecci\u00f3n, se recomienda la ubicaci\u00f3n del aparato a una altura de 1,5 metros del suelo, separado de rincones m\u00ednimo 60cm y en sitios tan ventilados como sea posible.<\/p>\n<p>Revolucionario producto diferenciador en el mercado, pues es mucho m\u00e1s que un purificador de filtros HEPA, este aparato va mucho m\u00e1s all\u00e1 porque tiene un sistema que imita la naturaleza y consigue eliminar la membrana de toda bacteria y virus nocibo, de manera que hace una reacci\u00f3n en cadena en todo el ambiente y lo deja tan limpio y as\u00e9ptico como el aire puro de alta monta\u00f1a.<\/p>\n<p>Wellisair (en Europa)\/Wellis (nombre mundial) es un Purificador y desinfectante de aire y superficies que a partir de la emisi\u00f3n de Radicales Hidroxilos (OH\u00b7) imita a la naturaleza<br \/>\n<strong>\u00bfPor qu\u00e9 te puede ser \u00fatil?<\/strong> pues por que ha demostrado eliminar el 99,9% de microorganismos testados (virus, bacterias y hongos: e.coli, p.aeuginosa, s. pneumoniae, s.aereus, salmonella, Coxackie virus, formaldhe\u00eddos, compuestos org\u00e1nicos vol\u00e1tiles, elimina olores y descontamina <strong>superficies m\u00ednimas de hasta 60 m2.<\/strong><br \/>\nLas ventajas de su aplicaci\u00f3n en consultorios, cl\u00ednicas, salas de espera, centros de ocio, escuelas, guarder\u00edas, restaurantes, cocinas y en los propios domicilios es inigualable.<\/p>\n<p>&nbsp;<\/p>\n<p>&nbsp;<\/p>\n","protected":false},"excerpt":{"rendered":"<p>En el precio de la m\u00e1quina se incluye:<br \/>\n&#8211; Incluye 1 cartucho para los\u00a0 3 meses iniciales<br \/>\n&#8211; producto con el certificado CE<br \/>\n&#8211; sevicio t\u00e9cnico para toda Europa, en Espa\u00f1a, Catu\u00f1a, Castellar del Valles<\/p>\n","protected":false},"featured_media":6554,"comment_status":"open","ping_status":"closed","template":"","meta":{"_joinchat":[]},"product_brand":[],"product_cat":[234],"product_tag":[236,209,229,237,238,210,230,228,155,208],"class_list":{"0":"post-6157","1":"product","2":"type-product","3":"status-publish","4":"has-post-thumbnail","6":"product_cat-tecnologia-saludable","7":"product_tag-alergias","8":"product_tag-desinfection","9":"product_tag-hidroxilos","10":"product_tag-hongos","11":"product_tag-moho","12":"product_tag-oh","13":"product_tag-oxidantes","14":"product_tag-purificador","15":"product_tag-virus","16":"product_tag-wellisair","18":"first","19":"instock","20":"sale","21":"sold-individually","22":"taxable","23":"shipping-taxable","24":"purchasable","25":"product-type-simple"},"_links":{"self":[{"href":"https:\/\/www.naturclic.com\/index.php?rest_route=\/wp\/v2\/product\/6157","targetHints":{"allow":["GET"]}}],"collection":[{"href":"https:\/\/www.naturclic.com\/index.php?rest_route=\/wp\/v2\/product"}],"about":[{"href":"https:\/\/www.naturclic.com\/index.php?rest_route=\/wp\/v2\/types\/product"}],"replies":[{"embeddable":true,"href":"https:\/\/www.naturclic.com\/index.php?rest_route=%2Fwp%2Fv2%2Fcomments&post=6157"}],"wp:featuredmedia":[{"embeddable":true,"href":"https:\/\/www.naturclic.com\/index.php?rest_route=\/wp\/v2\/media\/6554"}],"wp:attachment":[{"href":"https:\/\/www.naturclic.com\/index.php?rest_route=%2Fwp%2Fv2%2Fmedia&parent=6157"}],"wp:term":[{"taxonomy":"product_brand","embeddable":true,"href":"https:\/\/www.naturclic.com\/index.php?rest_route=%2Fwp%2Fv2%2Fproduct_brand&post=6157"},{"taxonomy":"product_cat","embeddable":true,"href":"https:\/\/www.naturclic.com\/index.php?rest_route=%2Fwp%2Fv2%2Fproduct_cat&post=6157"},{"taxonomy":"product_tag","embeddable":true,"href":"https:\/\/www.naturclic.com\/index.php?rest_route=%2Fwp%2Fv2%2Fproduct_tag&post=6157"}],"curies":[{"name":"wp","href":"https:\/\/api.w.org\/{rel}","templated":true}]}}