{"id":6813,"date":"2020-05-06T11:23:18","date_gmt":"2020-05-06T09:23:18","guid":{"rendered":"http:\/\/www.naturclic.com\/?post_type=product&#038;p=6813"},"modified":"2022-03-30T23:04:09","modified_gmt":"2022-03-30T21:04:09","slug":"crataegisan-liquido-100ml-a-vogel","status":"publish","type":"product","link":"https:\/\/www.naturclic.com\/?product=crataegisan-liquido-100ml-a-vogel","title":{"rendered":"Crataegisan l\u00edquido 100ml A. Vogel"},"content":{"rendered":"<p>Composici\u00f3n:<br \/>\nPor dosis diaria de 90 gotas Crataegisan contiene:<br \/>\nExtracto hidroalcoh\u00f3lico de espino blanco (Crataegus oxycantha et monogyna)* 2425 mg<br \/>\nINGREDIENTES: Extracto hidroalcoh\u00f3lico de espino blanco (Crataegus oxycantha et monogyna)<br \/>\n* Planta fresca de cultivo silvestre<\/p>\n<p>Modo de empleo:<br \/>\nAdultos: 30 gotas, 3 veces al d\u00eda<br \/>\nTomar disueltas en agua o infusi\u00f3n media hora antes de las comidas<br \/>\nInformaci\u00f3n adicional:<br \/>\nContenido alcoh\u00f3lico: 47%<br \/>\nEste producto es un complemento alimenticio. Mantener fuera del alcance de los ni\u00f1os m\u00e1s peque\u00f1os. No superar la dosis diaria expresamente recomendada. Almacenar en un lugar fresco y seco. Los complementos alimenticios no son sustitutos de una dieta equilibrada. Se recomienda tener una dieta equilibrada y variada y un estilo de vida saludable.<\/p>\n","protected":false},"excerpt":{"rendered":"<p>Composici\u00f3n:<br \/>\nPor dosis diaria de 90 gotas Crataegisan contiene:<br \/>\nExtracto hidroalcoh\u00f3lico de espino blanco (Crataegus oxycantha et monogyna)* 2425 mg<br \/>\nINGREDIENTES: Extracto hidroalcoh\u00f3lico de espino blanco (Crataegus oxycantha et monogyna)<br \/>\n* Planta fresca de cultivo silvestre<\/p>\n<p>Modo de empleo:<br \/>\nAdultos: 30 gotas, 3 veces al d\u00eda<br \/>\nTomar disueltas en agua o infusi\u00f3n media hora antes de las comidas<\/p>\n","protected":false},"featured_media":6814,"comment_status":"open","ping_status":"closed","template":"","meta":{"_joinchat":[]},"product_brand":[],"product_cat":[15],"product_tag":[],"class_list":{"0":"post-6813","1":"product","2":"type-product","3":"status-publish","4":"has-post-thumbnail","6":"product_cat-sin-categorizar","8":"first","9":"instock","10":"taxable","11":"shipping-taxable","12":"purchasable","13":"product-type-simple"},"_links":{"self":[{"href":"https:\/\/www.naturclic.com\/index.php?rest_route=\/wp\/v2\/product\/6813","targetHints":{"allow":["GET"]}}],"collection":[{"href":"https:\/\/www.naturclic.com\/index.php?rest_route=\/wp\/v2\/product"}],"about":[{"href":"https:\/\/www.naturclic.com\/index.php?rest_route=\/wp\/v2\/types\/product"}],"replies":[{"embeddable":true,"href":"https:\/\/www.naturclic.com\/index.php?rest_route=%2Fwp%2Fv2%2Fcomments&post=6813"}],"wp:featuredmedia":[{"embeddable":true,"href":"https:\/\/www.naturclic.com\/index.php?rest_route=\/wp\/v2\/media\/6814"}],"wp:attachment":[{"href":"https:\/\/www.naturclic.com\/index.php?rest_route=%2Fwp%2Fv2%2Fmedia&parent=6813"}],"wp:term":[{"taxonomy":"product_brand","embeddable":true,"href":"https:\/\/www.naturclic.com\/index.php?rest_route=%2Fwp%2Fv2%2Fproduct_brand&post=6813"},{"taxonomy":"product_cat","embeddable":true,"href":"https:\/\/www.naturclic.com\/index.php?rest_route=%2Fwp%2Fv2%2Fproduct_cat&post=6813"},{"taxonomy":"product_tag","embeddable":true,"href":"https:\/\/www.naturclic.com\/index.php?rest_route=%2Fwp%2Fv2%2Fproduct_tag&post=6813"}],"curies":[{"name":"wp","href":"https:\/\/api.w.org\/{rel}","templated":true}]}}