{"id":6821,"date":"2020-05-06T12:29:24","date_gmt":"2020-05-06T10:29:24","guid":{"rendered":"http:\/\/www.naturclic.com\/?post_type=product&#038;p=6821"},"modified":"2023-04-27T06:32:54","modified_gmt":"2023-04-27T04:32:54","slug":"hemaplex-ii-naturesplus","status":"publish","type":"product","link":"https:\/\/www.naturclic.com\/?product=hemaplex-ii-naturesplus","title":{"rendered":"Hemaplex II Natures Plus"},"content":{"rendered":"<p>Hema-Plex II de Nature&#8217;s Plus es complemento alimenticio rico en hierro formulado con ingredientes de origen natural. Su equilibrada f\u00f3rmula combina sin\u00e9rgicamente hierro y otros componentes nutricionales que favorecen la absorci\u00f3n y asimilaci\u00f3n del hierro sobre una base vegetal activa con un sistema de liberaci\u00f3n sostenida.<\/p>\n<p>Indicaci\u00f3n<br \/>\nAumenta el tono venoso y disminuye la permeabilidad capilar, estando indicado en el tratamiento de s\u00edntomas, como la pesadez e hinchaz\u00f3n de piernas y de varices, flebitis, insuficiencia venosa y hemorroides.<\/p>\n<p>El hierro contribuye a la formaci\u00f3n normal de los gl\u00f3bulos rojos y la hemoglobina, el transporte normal de ox\u00edgeno en el cuerpo y la ayuda a la disminuci\u00f3n del cansancio y la fatiga.<\/p>\n<p>Modo de empleo<br \/>\nSe recomienda tomar medio comprimido al d\u00eda.<\/p>\n<p>Composici\u00f3n<br \/>\n6-palmitato de L-ascorbilo, complejo de hierro (hidroxipropil metilcelulosa, celulosa microcristalina), \u00e1cido L-asc\u00f3rbico, fumarante ferroso, emulsionante (estearato de magnesio), antiaglomerantes (fosfato dicalcico, di\u00f3xido de silicio), nicotinamida, L- ciste\u00edna, agentes de recubrimiento, endurecedor (\u00e1cido este\u00e1rico), citrato de manganeso, D-pantotenato c\u00e1lcico, proanthoplex (complejo pantentado de proantoacianidinas y bioflavonoides), acetato de D -alfa-tocoferilo, riboflavina, clorhidrato de piridoxina, clorhidrato de tiamina, citrato de zinc, zumo de remolacha, clorifila, espinaca, br\u00f3coli, complejo cobre-lisina, BioPerine\u00ae (extrato de piper nigrum L.), zumo de hierba de cebada, cianocobalamina, \u00e1cido pteroilmonoglut\u00e1mico, selenito s\u00f3dico.<\/p>\n<p>Por medio comprimido:<\/p>\n<p>Vitamina C (6-palmitato de L-ascorbilo, \u00e1cido L-asc\u00f3rbico) 100 mg 125%VRN<br \/>\nHierro (fumarato ferroso, sulfato ferroso e hidroloizado de prote\u00edna) 21 mg 150%VRN<br \/>\nNiacina (nicotinamida) 12,5 mg 78%VRN<br \/>\nL-ciste\u00edna 12,5 mg<br \/>\nManganeso (citrato) 1,5 mg 75%VRN<br \/>\n\u00c1cido pantot\u00e9nico (pantotenato de calcio) 6,25 mg 104%VRN<br \/>\nProanthoplex (complejo patentado de proantocianidinas y bioflavonoides: bioflavonoides (exocarpo de citrus limon), Ar\u00e1ndano (fruto de vaccinium myrtillus), mora (fruto de rubus villosus), t\u00e9 verde (hoja de camellia sinesis), frambuesa (rubus idaeus). 6,25 mg<br \/>\nVitamina E (acetato de d-alfa-tocoferilo) 5 mg 41,6%VRN<br \/>\nVitamina B2 (riboflavina) 4,2 mg 300%VRN<br \/>\nVitamina B6 (piridoxina HCI) 4,2 mg 300%VRN<br \/>\nVitamina B1 (tiamina HCl) 3,3 mg 300%VRN<br \/>\nZinc (citrato) 1,5 mg 15%VRN<br \/>\nZumo de remolacha (beta vulgaris) 3,75 mg<br \/>\nClorofila 2,5 mg<br \/>\nEspinaca (hoja de spinacea oleracea) 2,5 mg<br \/>\nBrocoli (brassica oleracea) 2,5 mg<br \/>\nCobre (lisinato) 0,5 mg 50%VRN<br \/>\nBioPerina (extracto del fruto de piper nigrum) (estandarizado al 95% [0,5937mg] de 1-piperoilpiperidina) 0,625 mg<br \/>\nZumo de hierba de cebada (hordeum vulgare) 0,5 mg<br \/>\nVitamina B12 (cianocobalamina) 3 mg 120%VRN<br \/>\n\u00c1cido f\u00f3lico 100 mg 50%VRN<br \/>\nSelenio (selenito s\u00f3dico) 8,26 mg 15%VRN<\/p>\n<p>VRN: Valor de referencia de nutriente<\/p>\n<p>Advertencias<br \/>\nSe recomienda separar la toma de este complemento de la ingesta de l\u00e1cteos.<\/p>\n<p>MOSTRAR M\u00c1S<br \/>\nESPECIFICACIONES<\/p>\n<p>Lo encontrar\u00e1s en<\/p>\n","protected":false},"excerpt":{"rendered":"<p>Hema-Plex II de Nature&#8217;s Plus es complemento alimenticio rico en hierro formulado con ingredientes de origen natural. Su equilibrada f\u00f3rmula combina sin\u00e9rgicamente hierro y otros componentes nutricionales que favorecen la absorci\u00f3n y asimilaci\u00f3n del hierro sobre una base vegetal activa con un sistema de liberaci\u00f3n sostenida.<\/p>\n<p>Indicaci\u00f3n<br \/>\nAumenta el tono venoso y disminuye la permeabilidad capilar, estando indicado en el tratamiento de s\u00edntomas, como la pesadez e hinchaz\u00f3n de piernas y de varices, flebitis, insuficiencia venosa y hemorroides.<\/p>\n<p>El hierro contribuye a la formaci\u00f3n normal de los gl\u00f3bulos rojos y la hemoglobina, el transporte normal de ox\u00edgeno en el cuerpo y la ayuda a la disminuci\u00f3n del cansancio y la fatiga.<\/p>\n<p>Modo de empleo<br \/>\nSe recomienda tomar medio comprimido al d\u00eda.<\/p>\n<p>Composici\u00f3n<br \/>\n6-palmitato de L-ascorbilo, complejo de hierro (hidroxipropil metilcelulosa, celulosa microcristalina), \u00e1cido L-asc\u00f3rbico, fumarante ferroso, emulsionante (estearato de magnesio), antiaglomerantes (fosfato dicalcico, di\u00f3xido de silicio), nicotinamida, L- ciste\u00edna, agentes de recubrimiento, endurecedor (\u00e1cido este\u00e1rico), citrato de manganeso, D-pantotenato c\u00e1lcico, proanthoplex (complejo pantentado de proantoacianidinas y bioflavonoides), acetato de D -alfa-tocoferilo, riboflavina, clorhidrato de piridoxina, clorhidrato de tiamina, citrato de zinc, zumo de remolacha, clorifila, espinaca, br\u00f3coli, complejo cobre-lisina, BioPerine\u00ae (extrato de piper nigrum L.), zumo de hierba de cebada, cianocobalamina, \u00e1cido pteroilmonoglut\u00e1mico, selenito s\u00f3dico.<\/p>\n<p>Por medio comprimido:<\/p>\n<p>Vitamina C (6-palmitato de L-ascorbilo, \u00e1cido L-asc\u00f3rbico) 100 mg 125%VRN<br \/>\nHierro (fumarato ferroso, sulfato ferroso e hidroloizado de prote\u00edna) 21 mg 150%VRN<br \/>\nNiacina (nicotinamida) 12,5 mg 78%VRN<br \/>\nL-ciste\u00edna 12,5 mg<br \/>\nManganeso (citrato) 1,5 mg 75%VRN<br \/>\n\u00c1cido pantot\u00e9nico (pantotenato de calcio) 6,25 mg 104%VRN<br \/>\nProanthoplex (complejo patentado de proantocianidinas y bioflavonoides: bioflavonoides (exocarpo de citrus limon), Ar\u00e1ndano (fruto de vaccinium myrtillus), mora (fruto de rubus villosus), t\u00e9 verde (hoja de camellia sinesis), frambuesa (rubus idaeus). 6,25 mg<br \/>\nVitamina E (acetato de d-alfa-tocoferilo) 5 mg 41,6%VRN<br \/>\nVitamina B2 (riboflavina) 4,2 mg 300%VRN<br \/>\nVitamina B6 (piridoxina HCI) 4,2 mg 300%VRN<br \/>\nVitamina B1 (tiamina HCl) 3,3 mg 300%VRN<br \/>\nZinc (citrato) 1,5 mg 15%VRN<br \/>\nZumo de remolacha (beta vulgaris) 3,75 mg<br \/>\nClorofila 2,5 mg<br \/>\nEspinaca (hoja de spinacea oleracea) 2,5 mg<br \/>\nBrocoli (brassica oleracea) 2,5 mg<br \/>\nCobre (lisinato) 0,5 mg 50%VRN<br \/>\nBioPerina (extracto del fruto de piper nigrum) (estandarizado al 95% [0,5937mg] de 1-piperoilpiperidina) 0,625 mg<br \/>\nZumo de hierba de cebada (hordeum vulgare) 0,5 mg<br \/>\nVitamina B12 (cianocobalamina) 3 mg 120%VRN<br \/>\n\u00c1cido f\u00f3lico 100 mg 50%VRN<br \/>\nSelenio (selenito s\u00f3dico) 8,26 mg 15%VRN<\/p>\n","protected":false},"featured_media":6822,"comment_status":"open","ping_status":"closed","template":"","meta":{"_joinchat":[]},"product_brand":[],"product_cat":[128,127,126],"product_tag":[214],"class_list":{"0":"post-6821","1":"product","2":"type-product","3":"status-publish","4":"has-post-thumbnail","6":"product_cat-fitoterapia-capsulas-y-comprimidos","7":"product_cat-nutricion-ortomolecular","8":"product_cat-suplementos-naturales","9":"product_tag-hierro","11":"first","12":"instock","13":"taxable","14":"shipping-taxable","15":"purchasable","16":"product-type-simple"},"_links":{"self":[{"href":"https:\/\/www.naturclic.com\/index.php?rest_route=\/wp\/v2\/product\/6821","targetHints":{"allow":["GET"]}}],"collection":[{"href":"https:\/\/www.naturclic.com\/index.php?rest_route=\/wp\/v2\/product"}],"about":[{"href":"https:\/\/www.naturclic.com\/index.php?rest_route=\/wp\/v2\/types\/product"}],"replies":[{"embeddable":true,"href":"https:\/\/www.naturclic.com\/index.php?rest_route=%2Fwp%2Fv2%2Fcomments&post=6821"}],"wp:featuredmedia":[{"embeddable":true,"href":"https:\/\/www.naturclic.com\/index.php?rest_route=\/wp\/v2\/media\/6822"}],"wp:attachment":[{"href":"https:\/\/www.naturclic.com\/index.php?rest_route=%2Fwp%2Fv2%2Fmedia&parent=6821"}],"wp:term":[{"taxonomy":"product_brand","embeddable":true,"href":"https:\/\/www.naturclic.com\/index.php?rest_route=%2Fwp%2Fv2%2Fproduct_brand&post=6821"},{"taxonomy":"product_cat","embeddable":true,"href":"https:\/\/www.naturclic.com\/index.php?rest_route=%2Fwp%2Fv2%2Fproduct_cat&post=6821"},{"taxonomy":"product_tag","embeddable":true,"href":"https:\/\/www.naturclic.com\/index.php?rest_route=%2Fwp%2Fv2%2Fproduct_tag&post=6821"}],"curies":[{"name":"wp","href":"https:\/\/api.w.org\/{rel}","templated":true}]}}