{"id":6823,"date":"2020-05-06T12:36:59","date_gmt":"2020-05-06T10:36:59","guid":{"rendered":"http:\/\/www.naturclic.com\/?post_type=product&#038;p=6823"},"modified":"2023-04-27T06:34:38","modified_gmt":"2023-04-27T04:34:38","slug":"gi-natural-90-comprimidos-naturesplus","status":"publish","type":"product","link":"https:\/\/www.naturclic.com\/?product=gi-natural-90-comprimidos-naturesplus","title":{"rendered":"Gi Natural  90 comprimidos Natures Plus"},"content":{"rendered":"<p>DESCRIPCI\u00d3N<br \/>\nGi Natural de Natures Plus es una mezcla \u00fanica de fermentos l\u00e1cticos, fibras solubles y enzimas digestivas. Se presenta en forma de comprimidos de liberaci\u00f3n bif\u00e1sica, permitiendo una liberaci\u00f3n de los ingredientes en dos etapas.<\/p>\n<p>Indicaci\u00f3n<br \/>\nIndicado para combatir problemas de acidez ocasional, reflujo, gases, hinchaz\u00f3n, diarrea, flatulencia y otras molestias digestivas.<\/p>\n<p>Esta f\u00f3rmula libera 1000 mg de L-Glutamina, alimentos enteros alcalinizantes y ricos en enzimas, fibras que alimentan a las bacterias amigas del intestino y cepas bacterianas amigas. Adem\u00e1s, libera calcio, que contribuye al funcionamiento normal de las enzimas digestivas, y zinc, que protege a las c\u00e9lulas del estr\u00e9s oxidativo y contribuye al metabolismo normal \u00e1cido-base y al metabolismo normal de los hidratos de carbono y de los \u00e1cidos grasos, para ayudarte a disfrutar de una adecuada digesti\u00f3n.<\/p>\n","protected":false},"excerpt":{"rendered":"<p>DESCRIPCI\u00d3N<br \/>\nGi Natural de Natures Plus es una mezcla \u00fanica de fermentos l\u00e1cticos, fibras solubles y enzimas digestivas. Se presenta en forma de comprimidos de liberaci\u00f3n bif\u00e1sica, permitiendo una liberaci\u00f3n de los ingredientes en dos etapas.<\/p>\n<p>Indicaci\u00f3n<br \/>\nIndicado para combatir problemas de acidez ocasional, reflujo, gases, hinchaz\u00f3n, diarrea, flatulencia y otras molestias digestivas.<\/p>\n<p>Esta f\u00f3rmula libera 1000 mg de L-Glutamina, alimentos enteros alcalinizantes y ricos en enzimas, fibras que alimentan a las bacterias amigas del intestino y cepas bacterianas amigas. Adem\u00e1s, libera calcio, que contribuye al funcionamiento normal de las enzimas digestivas, y zinc, que protege a las c\u00e9lulas del estr\u00e9s oxidativo y contribuye al metabolismo normal \u00e1cido-base y al metabolismo normal de los hidratos de carbono y de los \u00e1cidos grasos, para ayudarte a disfrutar de una adecuada digesti\u00f3n.<\/p>\n","protected":false},"featured_media":6824,"comment_status":"open","ping_status":"closed","template":"","meta":{"_joinchat":[]},"product_brand":[],"product_cat":[128,127,126],"product_tag":[],"class_list":{"0":"post-6823","1":"product","2":"type-product","3":"status-publish","4":"has-post-thumbnail","6":"product_cat-fitoterapia-capsulas-y-comprimidos","7":"product_cat-nutricion-ortomolecular","8":"product_cat-suplementos-naturales","10":"first","11":"instock","12":"taxable","13":"shipping-taxable","14":"purchasable","15":"product-type-simple"},"_links":{"self":[{"href":"https:\/\/www.naturclic.com\/index.php?rest_route=\/wp\/v2\/product\/6823","targetHints":{"allow":["GET"]}}],"collection":[{"href":"https:\/\/www.naturclic.com\/index.php?rest_route=\/wp\/v2\/product"}],"about":[{"href":"https:\/\/www.naturclic.com\/index.php?rest_route=\/wp\/v2\/types\/product"}],"replies":[{"embeddable":true,"href":"https:\/\/www.naturclic.com\/index.php?rest_route=%2Fwp%2Fv2%2Fcomments&post=6823"}],"wp:featuredmedia":[{"embeddable":true,"href":"https:\/\/www.naturclic.com\/index.php?rest_route=\/wp\/v2\/media\/6824"}],"wp:attachment":[{"href":"https:\/\/www.naturclic.com\/index.php?rest_route=%2Fwp%2Fv2%2Fmedia&parent=6823"}],"wp:term":[{"taxonomy":"product_brand","embeddable":true,"href":"https:\/\/www.naturclic.com\/index.php?rest_route=%2Fwp%2Fv2%2Fproduct_brand&post=6823"},{"taxonomy":"product_cat","embeddable":true,"href":"https:\/\/www.naturclic.com\/index.php?rest_route=%2Fwp%2Fv2%2Fproduct_cat&post=6823"},{"taxonomy":"product_tag","embeddable":true,"href":"https:\/\/www.naturclic.com\/index.php?rest_route=%2Fwp%2Fv2%2Fproduct_tag&post=6823"}],"curies":[{"name":"wp","href":"https:\/\/api.w.org\/{rel}","templated":true}]}}