{"id":6836,"date":"2020-05-14T18:43:49","date_gmt":"2020-05-14T16:43:49","guid":{"rendered":"http:\/\/www.naturclic.com\/?post_type=product&#038;p=6836"},"modified":"2023-04-27T06:35:19","modified_gmt":"2023-04-27T04:35:19","slug":"metalcontrol-120-comprimidos-naturesplus","status":"publish","type":"product","link":"https:\/\/www.naturclic.com\/?product=metalcontrol-120-comprimidos-naturesplus","title":{"rendered":"MetalControl 120 comprimidos Natures Plus"},"content":{"rendered":"<div id=\"product-description\" class=\"product-description\">\n<h2><span id=\"product-description\" class=\"heading\" style=\"color: #000000;\">DESCRIPCI\u00d3N<\/span><\/h2>\n<div class=\"product-description_text\">\n<p><span style=\"color: #000000;\">Metal Control Natures Plus es un complemento nutricional que act\u00faa como quelador natural de metales pesados y ayuda en el proceso de detoxificaci\u00f3n natural del organismo.<\/span><\/p>\n<div class=\"tab\" data-target=\"product\">\n<h2><span style=\"color: #000000;\">Indicaci\u00f3n: capacidad de captar y eliminar los metales pesados del organismo\u00a0<\/span><\/h2>\n<h2><span style=\"color: #000000;\">Modo de empleo: Se recomienda tomar separados de las comidas.<\/span><\/h2>\n<h2><span style=\"color: #000000;\">\u00a0<span style=\"font-size: 1.25rem;\">Composici\u00f3n <\/span><span style=\"font-size: 1rem;\">Por 4 comprimido:\u00a0\u00a0<\/span><\/span><\/h2>\n<p><span style=\"color: #000000;\">Pectina de Manzana (125 mg), Vitamina C (125 mg), Alga Kelp (125 mg), Rhodiola (75 mg), Ajo (25 mg), Alga chlorella (25 mg), Alga espirulina (25 mg), Mostaza parda (25 mg), Selenio (0.125 mg), Di\u00f3xido de Silicio, Estearato de magnesio, Celulosa microcristalina, \u00c1cido Este\u00e1rico, Fosfato dic\u00e1lcico, Carboximetilcelulosa s\u00f3dica, Agente de recubrimiento.<\/span><\/p>\n<h2><span style=\"color: #000000;\">\u00a0<\/span><\/h2>\n<div class=\"infoblock\">\n<h2><span style=\"color: #000000;\">Advertencias: No.<\/span><\/h2>\n<\/div>\n<\/div>\n<\/div>\n<\/div>\n<div class=\"product-tables\"><\/div>\n","protected":false},"excerpt":{"rendered":"<p>DESCRIPCI\u00d3N Metal Control Natures Plus es un complemento nutricional que act\u00faa como quelador natural de metales pesados y ayuda en el proceso de detoxificaci\u00f3n natural del organismo. Indicaci\u00f3n: capacidad de captar y eliminar los metales pesados del organismo\u00a0 Modo de empleo: Se recomienda tomar separados de las comidas. \u00a0Composici\u00f3n Por 4 comprimido:\u00a0\u00a0 Pectina de Manzana &hellip; <\/p>\n<p class=\"link-more\"><a href=\"https:\/\/www.naturclic.com\/?product=metalcontrol-120-comprimidos-naturesplus\" class=\"more-link\">Continue reading<span class=\"screen-reader-text\"> &#8220;MetalControl 120 comprimidos Natures Plus&#8221;<\/span><\/a><\/p>\n","protected":false},"featured_media":6837,"comment_status":"open","ping_status":"closed","template":"","meta":{"_joinchat":[]},"product_brand":[],"product_cat":[128,127,126],"product_tag":[],"class_list":{"0":"post-6836","1":"product","2":"type-product","3":"status-publish","4":"has-post-thumbnail","6":"product_cat-fitoterapia-capsulas-y-comprimidos","7":"product_cat-nutricion-ortomolecular","8":"product_cat-suplementos-naturales","10":"first","11":"outofstock","12":"taxable","13":"shipping-taxable","14":"purchasable","15":"product-type-simple"},"_links":{"self":[{"href":"https:\/\/www.naturclic.com\/index.php?rest_route=\/wp\/v2\/product\/6836","targetHints":{"allow":["GET"]}}],"collection":[{"href":"https:\/\/www.naturclic.com\/index.php?rest_route=\/wp\/v2\/product"}],"about":[{"href":"https:\/\/www.naturclic.com\/index.php?rest_route=\/wp\/v2\/types\/product"}],"replies":[{"embeddable":true,"href":"https:\/\/www.naturclic.com\/index.php?rest_route=%2Fwp%2Fv2%2Fcomments&post=6836"}],"wp:featuredmedia":[{"embeddable":true,"href":"https:\/\/www.naturclic.com\/index.php?rest_route=\/wp\/v2\/media\/6837"}],"wp:attachment":[{"href":"https:\/\/www.naturclic.com\/index.php?rest_route=%2Fwp%2Fv2%2Fmedia&parent=6836"}],"wp:term":[{"taxonomy":"product_brand","embeddable":true,"href":"https:\/\/www.naturclic.com\/index.php?rest_route=%2Fwp%2Fv2%2Fproduct_brand&post=6836"},{"taxonomy":"product_cat","embeddable":true,"href":"https:\/\/www.naturclic.com\/index.php?rest_route=%2Fwp%2Fv2%2Fproduct_cat&post=6836"},{"taxonomy":"product_tag","embeddable":true,"href":"https:\/\/www.naturclic.com\/index.php?rest_route=%2Fwp%2Fv2%2Fproduct_tag&post=6836"}],"curies":[{"name":"wp","href":"https:\/\/api.w.org\/{rel}","templated":true}]}}