{"id":6838,"date":"2020-05-14T18:46:39","date_gmt":"2020-05-14T16:46:39","guid":{"rendered":"http:\/\/www.naturclic.com\/?post_type=product&#038;p=6838"},"modified":"2023-04-27T06:35:05","modified_gmt":"2023-04-27T04:35:05","slug":"phbasic-60-capsulas-naturesplus","status":"publish","type":"product","link":"https:\/\/www.naturclic.com\/?product=phbasic-60-capsulas-naturesplus","title":{"rendered":"PHbasic 60 c\u00e1psulas Natures Plus"},"content":{"rendered":"<h2><span id=\"product-description\" class=\"heading\" style=\"color: #000000;\">DESCRIPCI\u00d3N<\/span><\/h2>\n<div class=\"product-description_text\">\n<p><span style=\"color: #000000;\">Ph Basic Natures Plus es un complemento mineral a base de citratos que ayuda a neutralizar y favorece la eliminaci\u00f3n de sustancias \u00e1cidas en el organismo.<\/span><\/p>\n<div class=\"tab\" data-target=\"product\">\n<h2><span style=\"color: #000000;\">Indicaci\u00f3n<\/span><\/h2>\n<p><span style=\"color: #000000;\">-desmineralizaci\u00f3n, irritaci\u00f3n de los tejidos, formaci\u00f3n de dep\u00f3sitos, disminuci\u00f3n de las defensas org\u00e1nicas, dolores de cabeza (cefalea), caries, acidez estomacal, mala circulaci\u00f3n.<\/span><br \/>\n<span style=\"color: #000000;\">-equilibrio del terreno \u00e1cido-base<\/span><\/p>\n<h2><span style=\"color: #000000;\">\u00a0Modo de empleo:(el ph urinario debe oscilar entre 7 y 7.5 a partir de la segunda orina de la ma\u00f1ana. la primera orina de la ma\u00f1ana puede tener un valor 5 o inferior, porque es durante la noche cuando los ri\u00f1\u00f3nes eliminan los desechos \u00e1cidos.<\/span><\/h2>\n<p><span style=\"color: #000000;\">ph 6,5-6,2: 1 c\u00e1ps.\/d\u00eda; ph 6,2-5,8: 2 c\u00e1ps.\/d\u00eda; por debajo de 5,8: 3 c\u00e1ps.\/d\u00eda<\/span><\/p>\n<h2><span style=\"color: #000000;\">\u00a0Composici\u00f3n Por 1 c\u00e1psula:\u00a0\u00a0<\/span><\/h2>\n<p><span style=\"color: #000000;\">Calcio (86 mg), Cola de Caballo (50 mg), Magnesio (43 mg), Potasio (18 mg), Hierro (1 mg), Hinojo (1 mg), Manzanilla (1 mg), Di\u00f3xido de Silicio, Celulosa Vegetal, Agua purificada.<\/span><\/p>\n<h2><span style=\"color: #000000;\">\u00a0Advertencias<\/span><\/h2>\n<div class=\"infoblock\">\n<h2><span style=\"color: #000000;\">hipoalerg\u00e9nico<\/span><br \/>\n<span style=\"color: #000000;\">no problemas de sabor\/ no contiene sodio\/ no contiene lactosa<\/span><\/h2>\n<\/div>\n<\/div>\n<\/div>\n","protected":false},"excerpt":{"rendered":"<p>DESCRIPCI\u00d3N Ph Basic Natures Plus es un complemento mineral a base de citratos que ayuda a neutralizar y favorece la eliminaci\u00f3n de sustancias \u00e1cidas en el organismo. Indicaci\u00f3n -desmineralizaci\u00f3n, irritaci\u00f3n de los tejidos, formaci\u00f3n de dep\u00f3sitos, disminuci\u00f3n de las defensas org\u00e1nicas, dolores de cabeza (cefalea), caries, acidez estomacal, mala circulaci\u00f3n. -equilibrio del terreno \u00e1cido-base \u00a0Modo &hellip; <\/p>\n<p class=\"link-more\"><a href=\"https:\/\/www.naturclic.com\/?product=phbasic-60-capsulas-naturesplus\" class=\"more-link\">Continue reading<span class=\"screen-reader-text\"> &#8220;PHbasic 60 c\u00e1psulas Natures Plus&#8221;<\/span><\/a><\/p>\n","protected":false},"featured_media":6839,"comment_status":"open","ping_status":"closed","template":"","meta":{"_joinchat":[]},"product_brand":[],"product_cat":[128,127,126],"product_tag":[],"class_list":{"0":"post-6838","1":"product","2":"type-product","3":"status-publish","4":"has-post-thumbnail","6":"product_cat-fitoterapia-capsulas-y-comprimidos","7":"product_cat-nutricion-ortomolecular","8":"product_cat-suplementos-naturales","10":"first","11":"instock","12":"taxable","13":"shipping-taxable","14":"purchasable","15":"product-type-simple"},"_links":{"self":[{"href":"https:\/\/www.naturclic.com\/index.php?rest_route=\/wp\/v2\/product\/6838","targetHints":{"allow":["GET"]}}],"collection":[{"href":"https:\/\/www.naturclic.com\/index.php?rest_route=\/wp\/v2\/product"}],"about":[{"href":"https:\/\/www.naturclic.com\/index.php?rest_route=\/wp\/v2\/types\/product"}],"replies":[{"embeddable":true,"href":"https:\/\/www.naturclic.com\/index.php?rest_route=%2Fwp%2Fv2%2Fcomments&post=6838"}],"wp:featuredmedia":[{"embeddable":true,"href":"https:\/\/www.naturclic.com\/index.php?rest_route=\/wp\/v2\/media\/6839"}],"wp:attachment":[{"href":"https:\/\/www.naturclic.com\/index.php?rest_route=%2Fwp%2Fv2%2Fmedia&parent=6838"}],"wp:term":[{"taxonomy":"product_brand","embeddable":true,"href":"https:\/\/www.naturclic.com\/index.php?rest_route=%2Fwp%2Fv2%2Fproduct_brand&post=6838"},{"taxonomy":"product_cat","embeddable":true,"href":"https:\/\/www.naturclic.com\/index.php?rest_route=%2Fwp%2Fv2%2Fproduct_cat&post=6838"},{"taxonomy":"product_tag","embeddable":true,"href":"https:\/\/www.naturclic.com\/index.php?rest_route=%2Fwp%2Fv2%2Fproduct_tag&post=6838"}],"curies":[{"name":"wp","href":"https:\/\/api.w.org\/{rel}","templated":true}]}}