{"id":6842,"date":"2020-05-15T19:53:21","date_gmt":"2020-05-15T17:53:21","guid":{"rendered":"http:\/\/www.naturclic.com\/?post_type=product&#038;p=6842"},"modified":"2022-02-03T19:05:01","modified_gmt":"2022-02-03T18:05:01","slug":"ergyphilus-plus-60-capsulas-nutergia","status":"publish","type":"product","link":"https:\/\/www.naturclic.com\/?product=ergyphilus-plus-60-capsulas-nutergia","title":{"rendered":"Ergyphilus Plus 60 c\u00e1psulas Nutergia"},"content":{"rendered":"<p><span id=\"product-description\" class=\"heading\">DESCRIPCI\u00d3N<\/span><\/p>\n<div class=\"product-description_text\">\n<div class=\"std\">\n<p>Ergyphilus Plus de Nutergia es un complemento alimentario ideal para el\u00a0<strong>aparato digestivo<\/strong>.<\/p>\n<\/div>\n<div class=\"tab\" data-target=\"product\">\n<div class=\"infoblock\">\n<h2>Indicaci\u00f3n<\/h2>\n<p>Contiene fermentos l\u00e1cticos y L. rhamnosus GG. Esta \u00faltima, la m\u00e1s estudiada a d\u00eda de hoy, contribuye a mejorar la resistencia del organismo cepa seleccionada por Valio Ltd (Finlandia) por su eficacia. Esta formulaci\u00f3n favorecen el equilibrio y la protecci\u00f3n de la flora intestinal y resultan por lo tanto beneficiosos para estimular la inmunidad local y general, en caso de terreno al\u00e9rgico, restaurar el equilibrio de la flora intestinal en caso de tratamiento con antibi\u00f3ticos, diarreas, trastornos vaginales repetidos. Es la opci\u00f3n perfecta para mantener el equilibrio en el aparato digestivo.<\/p>\n<\/div>\n<div class=\"infoblock\">\n<h2>Modo de empleo<\/h2>\n<p>Se recomienda tomar de 2 a 4 c\u00e1psulas al d\u00eda antes de comer, preferentemente en ayunas por la ma\u00f1ana.<\/p>\n<\/div>\n<div class=\"infoblock\">\n<h2>Composici\u00f3n<\/h2>\n<p>Lactobacillus Rhamnosus, lactobacillus rhammosus, Lactobacillus paracasei, Lactobacillus Acidophilus, Bifidobacterium bifidum.<\/p>\n<\/div>\n<\/div>\n<\/div>\n","protected":false},"excerpt":{"rendered":"<p>DESCRIPCI\u00d3N Ergyphilus Plus de Nutergia es un complemento alimentario ideal para el\u00a0aparato digestivo. Indicaci\u00f3n Contiene fermentos l\u00e1cticos y L. rhamnosus GG. Esta \u00faltima, la m\u00e1s estudiada a d\u00eda de hoy, contribuye a mejorar la resistencia del organismo cepa seleccionada por Valio Ltd (Finlandia) por su eficacia. Esta formulaci\u00f3n favorecen el equilibrio y la protecci\u00f3n de &hellip; <\/p>\n<p class=\"link-more\"><a href=\"https:\/\/www.naturclic.com\/?product=ergyphilus-plus-60-capsulas-nutergia\" class=\"more-link\">Continue reading<span class=\"screen-reader-text\"> &#8220;Ergyphilus Plus 60 c\u00e1psulas Nutergia&#8221;<\/span><\/a><\/p>\n","protected":false},"featured_media":6843,"comment_status":"open","ping_status":"closed","template":"","meta":{"_joinchat":[]},"product_brand":[],"product_cat":[128,127,126],"product_tag":[175],"class_list":{"0":"post-6842","1":"product","2":"type-product","3":"status-publish","4":"has-post-thumbnail","6":"product_cat-fitoterapia-capsulas-y-comprimidos","7":"product_cat-nutricion-ortomolecular","8":"product_cat-suplementos-naturales","9":"product_tag-probiotico","11":"first","12":"instock","13":"taxable","14":"shipping-taxable","15":"purchasable","16":"product-type-simple"},"_links":{"self":[{"href":"https:\/\/www.naturclic.com\/index.php?rest_route=\/wp\/v2\/product\/6842","targetHints":{"allow":["GET"]}}],"collection":[{"href":"https:\/\/www.naturclic.com\/index.php?rest_route=\/wp\/v2\/product"}],"about":[{"href":"https:\/\/www.naturclic.com\/index.php?rest_route=\/wp\/v2\/types\/product"}],"replies":[{"embeddable":true,"href":"https:\/\/www.naturclic.com\/index.php?rest_route=%2Fwp%2Fv2%2Fcomments&post=6842"}],"wp:featuredmedia":[{"embeddable":true,"href":"https:\/\/www.naturclic.com\/index.php?rest_route=\/wp\/v2\/media\/6843"}],"wp:attachment":[{"href":"https:\/\/www.naturclic.com\/index.php?rest_route=%2Fwp%2Fv2%2Fmedia&parent=6842"}],"wp:term":[{"taxonomy":"product_brand","embeddable":true,"href":"https:\/\/www.naturclic.com\/index.php?rest_route=%2Fwp%2Fv2%2Fproduct_brand&post=6842"},{"taxonomy":"product_cat","embeddable":true,"href":"https:\/\/www.naturclic.com\/index.php?rest_route=%2Fwp%2Fv2%2Fproduct_cat&post=6842"},{"taxonomy":"product_tag","embeddable":true,"href":"https:\/\/www.naturclic.com\/index.php?rest_route=%2Fwp%2Fv2%2Fproduct_tag&post=6842"}],"curies":[{"name":"wp","href":"https:\/\/api.w.org\/{rel}","templated":true}]}}