{"id":6844,"date":"2020-05-15T19:56:06","date_gmt":"2020-05-15T17:56:06","guid":{"rendered":"http:\/\/www.naturclic.com\/?post_type=product&#038;p=6844"},"modified":"2022-02-03T19:04:14","modified_gmt":"2022-02-03T18:04:14","slug":"greenflor-90-comprimidos-nutergia","status":"publish","type":"product","link":"https:\/\/www.naturclic.com\/?product=greenflor-90-comprimidos-nutergia","title":{"rendered":"Greenflor 90 comprimidos Nutergia"},"content":{"rendered":"<div id=\"product-description\" class=\"product-description\">\n<p><span id=\"product-description\" class=\"heading\">DESCRIPCI\u00d3N<\/span><\/p>\n<div class=\"product-description_text\">\n<div class=\"std\">\n<h2><\/h2>\n<p>Green&#8217;Flor de Nutergia es un complemento alimenticio que est\u00e1\u00a0<strong>recomendado para la higiene y el confort intestinal<\/strong>.<\/p>\n<p>Este complemento alimenticio contiene\u00a0<strong>chlorella, spirulina, diente de le\u00f3n<\/strong>. Las algas verdes, en particular la chlorella, contribuyen en la eliminaci\u00f3n de las toxinas y metales pesados, estimulando h\u00edgado y ri\u00f1ones, \u00f3rganos de la \u201cdetox\u201d. Esta acci\u00f3n se ve completada por la presencia de ajo y diente de le\u00f3n. Todas estas plantas, as\u00ed como el fucus, se conocen por su acci\u00f3n a nivel intestinal.<\/p>\n<p>Green&#8217;Flor de Nutergia est\u00e1 recomendado para la eliminaci\u00f3n de toxinas y metales pesados (amalgamas dentales, contaminaci\u00f3n&#8230;), la higiene y el\u00a0<strong>confort intestinal<\/strong>.<\/p>\n<h2><strong>Advertencias de Green&#8217;Flor de Nutergia<\/strong><\/h2>\n<p>Este producto no contiene contraindicaciones, no obstante, conviene mantenerlo lejos de los ni\u00f1os m\u00e1s peque\u00f1os y no superar la dosis diaria recomendada.<\/p>\n<p>Se recomienda tomar de\u00a0<strong>3 a 6 comprimidos<\/strong>\u00a0al d\u00eda fuera de las comidas.<\/p>\n<\/div>\n<div class=\"tab\" data-target=\"product\">\n<div class=\"infoblock\">\n<h2>Composici\u00f3n<\/h2>\n<p>Diente de Le\u00f3n, Fucus, Estearato de magnesio, S\u00edlice, Espirulina \/ Spirulina, Chicorea Inulina, Chlorella, Extracto seco de fruto de acerola (Malpighia emarginata), Ajo, Pectina de Manzana, Celulosa.<\/p>\n<\/div>\n<\/div>\n<\/div>\n<\/div>\n<div class=\"product-tables\"><\/div>\n","protected":false},"excerpt":{"rendered":"<p>DESCRIPCI\u00d3N Green&#8217;Flor de Nutergia es un complemento alimenticio que est\u00e1\u00a0recomendado para la higiene y el confort intestinal. Este complemento alimenticio contiene\u00a0chlorella, spirulina, diente de le\u00f3n. Las algas verdes, en particular la chlorella, contribuyen en la eliminaci\u00f3n de las toxinas y metales pesados, estimulando h\u00edgado y ri\u00f1ones, \u00f3rganos de la \u201cdetox\u201d. Esta acci\u00f3n se ve completada &hellip; <\/p>\n<p class=\"link-more\"><a href=\"https:\/\/www.naturclic.com\/?product=greenflor-90-comprimidos-nutergia\" class=\"more-link\">Continue reading<span class=\"screen-reader-text\"> &#8220;Greenflor 90 comprimidos Nutergia&#8221;<\/span><\/a><\/p>\n","protected":false},"featured_media":6845,"comment_status":"open","ping_status":"closed","template":"","meta":{"_joinchat":[]},"product_brand":[],"product_cat":[128,127,126],"product_tag":[],"class_list":{"0":"post-6844","1":"product","2":"type-product","3":"status-publish","4":"has-post-thumbnail","6":"product_cat-fitoterapia-capsulas-y-comprimidos","7":"product_cat-nutricion-ortomolecular","8":"product_cat-suplementos-naturales","10":"first","11":"instock","12":"taxable","13":"shipping-taxable","14":"purchasable","15":"product-type-simple"},"_links":{"self":[{"href":"https:\/\/www.naturclic.com\/index.php?rest_route=\/wp\/v2\/product\/6844","targetHints":{"allow":["GET"]}}],"collection":[{"href":"https:\/\/www.naturclic.com\/index.php?rest_route=\/wp\/v2\/product"}],"about":[{"href":"https:\/\/www.naturclic.com\/index.php?rest_route=\/wp\/v2\/types\/product"}],"replies":[{"embeddable":true,"href":"https:\/\/www.naturclic.com\/index.php?rest_route=%2Fwp%2Fv2%2Fcomments&post=6844"}],"wp:featuredmedia":[{"embeddable":true,"href":"https:\/\/www.naturclic.com\/index.php?rest_route=\/wp\/v2\/media\/6845"}],"wp:attachment":[{"href":"https:\/\/www.naturclic.com\/index.php?rest_route=%2Fwp%2Fv2%2Fmedia&parent=6844"}],"wp:term":[{"taxonomy":"product_brand","embeddable":true,"href":"https:\/\/www.naturclic.com\/index.php?rest_route=%2Fwp%2Fv2%2Fproduct_brand&post=6844"},{"taxonomy":"product_cat","embeddable":true,"href":"https:\/\/www.naturclic.com\/index.php?rest_route=%2Fwp%2Fv2%2Fproduct_cat&post=6844"},{"taxonomy":"product_tag","embeddable":true,"href":"https:\/\/www.naturclic.com\/index.php?rest_route=%2Fwp%2Fv2%2Fproduct_tag&post=6844"}],"curies":[{"name":"wp","href":"https:\/\/api.w.org\/{rel}","templated":true}]}}