{"id":6846,"date":"2020-05-15T19:59:27","date_gmt":"2020-05-15T17:59:27","guid":{"rendered":"http:\/\/www.naturclic.com\/?post_type=product&#038;p=6846"},"modified":"2022-02-03T19:03:15","modified_gmt":"2022-02-03T18:03:15","slug":"ergytaurina-100-capsulas-nutergia","status":"publish","type":"product","link":"https:\/\/www.naturclic.com\/?product=ergytaurina-100-capsulas-nutergia","title":{"rendered":"Ergytaurina 60 c\u00e1psulas Nutergia"},"content":{"rendered":"<p>Descripci\u00f3n producto<br \/>\nNutergia Ergytaurina Detox es un nuevo complemento alimenticio de laboratorios Nutergia que sustituye la antigua formulaci\u00f3n de Ergytaurina.<br \/>\nErgytaurina Detox es un complemento alimenticio a base de extractos de r\u00e1bano negro, mijo, br\u00f3coli, ajo, as\u00ed como zinc, vitamina B6 y B9 y potentes antioxidantes como la taurina y el glutation.<br \/>\nFunci\u00f3n detoxificante hep\u00e1tica gracias a su riqueza en sustancias azufradas.<br \/>\nPotente acci\u00f3n antioxidante.<br \/>\n2 c\u00e1psulas al d\u00eda. 60 c\u00e1psulas por bote.<br \/>\nNutergia Ergytaurina Detox: estimula el proceso de detoxificaci\u00f3n hep\u00e1tico gracias a sus compuestos azufrados de origen natural<br \/>\nEl h\u00edgado es uno de los \u00f3rganos m\u00e1s importantes de nuestro cuerpo y, por eso, es fundamental mantenerlo sano. Adem\u00e1s de evitar los alimentos procesados, el az\u00facar y los estimulantes, la toma de Ergytaurina puede ayudarte a estimular el proceso \u201cdetox\u201d hep\u00e1tico.<\/p>\n<p>Ergytaurina es un complemento alimentario con compuestos azufrados de origen natural: contiene cruc\u00edferas, ajo, taurina, metionina y glutati\u00f3n. Todos estos compuestos contribuyen a estimular el proceso de detoxificaci\u00f3n del h\u00edgado.<\/p>\n<p>Si sientes que tu h\u00edgado est\u00e1 sobrecargado y que necesitas limpiarlo, Ergytaurina es el suplemento indicado para ti. Adem\u00e1s, la f\u00f3rmula de Ergytaurina se completa con el zinc y el selenio, que participan en la protecci\u00f3n de las c\u00e9lulas contra el estr\u00e9s oxidativo.<\/p>\n<p>Observaciones:<\/p>\n<p>No superes la dosis diaria recomendada de Ergytaurina y mant\u00e9n el producto fuera de la vista y del alcance de los ni\u00f1os m\u00e1s peque\u00f1os.<br \/>\nConserva Ergytaurina en un lugar fresco y seco, a temperaturas inferiores a los 25 \u00baC.<br \/>\nLos complementos alimenticios como Ergytaurina no deben usarse como sustitutos de una dieta equilibrada y variada, ni de un estilo de vida saludable.<br \/>\nBeneficios de Ergytaurina<br \/>\nNutergia Ergytaurina es un complemento alimenticio a base de amino\u00e1cidos azufrados y sulforafano, combinados con las vitaminas B6 y B9 (\u00e1cido f\u00f3lico), y el mineral zinc. Los amino\u00e1cidos azufrados se diferencian del resto porque, tal y como indica la palabra, contienen azufre en su composici\u00f3n.<\/p>\n<p>Ergytaurina est\u00e1 indicado para estimular numerosos procesos biol\u00f3gicos de detoxificaci\u00f3n, que sirven para neutralizar y eliminar las toxinas de nuestro organismo. Este sistema se realiza, principalmente, a nivel hep\u00e1tico (sulfoconjugaci\u00f3n), y Ergytaurina tiene un peso importante en la neutralizaci\u00f3n de los metales pesados.<\/p>\n<p>Todos los compuestos azufrados descritos provienen de fuentes naturales: br\u00f3coli y r\u00e1bano negro, extracto de mijo, ajo, levaduras ricas en glutati\u00f3n y polvo de ostras. En conjunto, ayudan al proceso de detoxificaci\u00f3n en el h\u00edgado:<\/p>\n<p>Metionina y taurina. Ambas hacen posible el funcionamiento normal de la sulfoconjugaci\u00f3n, que es una de las principales v\u00edas de detoxificaci\u00f3n hep\u00e1tica. Nuestro h\u00edgado necesita mol\u00e9culas azufradas como las que aportan algunos amino\u00e1cidos, como la metionina y la taurina.<br \/>\nMientras que la metionina se considera un amino\u00e1cido esencial (es decir, que nuestro organismo no lo produce por s\u00ed mismo, sino que lo obtenemos a trav\u00e9s de nuestra dieta), la taurina s\u00ed que puede producirse en nuestro cuerpo gracias a la ciste\u00edna.<br \/>\nGlutati\u00f3n. Es un trip\u00e9ptido que produce nuestro organismo. Tiene un papel clave en la detoxificaci\u00f3n de numerosos compuestos y, adem\u00e1s, tambi\u00e9n tiene propiedades antioxidantes.<br \/>\nZinc y selenio. Son dos minerales que, entre sus muchas propiedades beneficiosas para la salud, destaca la protecci\u00f3n que ofrecen a las c\u00e9lulas frente al da\u00f1o oxidativo.<br \/>\nVitaminas B6 y B9 (\u00e1cido f\u00f3lico). Ambas contribuyen al metabolismo normal de la homociste\u00edna. Algunos estudios han demostrado que los niveles elevados de homociste\u00edna pueden aumentar el riesgo de padecer enfermedades cardiovasculares.<br \/>\nEn general, la suplementaci\u00f3n de Nutergia Ergytaurina puede ser aconsejable para los siguientes casos:<\/p>\n<p>Combatir la presencia de contaminantes y metales pesados: consumo de tabaco, amalgamas dentales, contaminaci\u00f3n ambiental, etc.<br \/>\nPolimedicaci\u00f3n.<br \/>\nDar apoyo para una funci\u00f3n hep\u00e1tica saludable.<br \/>\nControlar los niveles de homociste\u00edna.<br \/>\nMejorar la fatiga general<\/p>\n","protected":false},"excerpt":{"rendered":"<p>Descripci\u00f3n producto Nutergia Ergytaurina Detox es un nuevo complemento alimenticio de laboratorios Nutergia que sustituye la antigua formulaci\u00f3n de Ergytaurina. Ergytaurina Detox es un complemento alimenticio a base de extractos de r\u00e1bano negro, mijo, br\u00f3coli, ajo, as\u00ed como zinc, vitamina B6 y B9 y potentes antioxidantes como la taurina y el glutation. Funci\u00f3n detoxificante hep\u00e1tica &hellip; <\/p>\n<p class=\"link-more\"><a href=\"https:\/\/www.naturclic.com\/?product=ergytaurina-100-capsulas-nutergia\" class=\"more-link\">Continue reading<span class=\"screen-reader-text\"> &#8220;Ergytaurina 60 c\u00e1psulas Nutergia&#8221;<\/span><\/a><\/p>\n","protected":false},"featured_media":7037,"comment_status":"open","ping_status":"closed","template":"","meta":{"_joinchat":[]},"product_brand":[],"product_cat":[129,127,126],"product_tag":[],"class_list":{"0":"post-6846","1":"product","2":"type-product","3":"status-publish","4":"has-post-thumbnail","6":"product_cat-fitoterapia-extracto-liquido","7":"product_cat-nutricion-ortomolecular","8":"product_cat-suplementos-naturales","10":"first","11":"instock","12":"taxable","13":"shipping-taxable","14":"purchasable","15":"product-type-simple"},"_links":{"self":[{"href":"https:\/\/www.naturclic.com\/index.php?rest_route=\/wp\/v2\/product\/6846","targetHints":{"allow":["GET"]}}],"collection":[{"href":"https:\/\/www.naturclic.com\/index.php?rest_route=\/wp\/v2\/product"}],"about":[{"href":"https:\/\/www.naturclic.com\/index.php?rest_route=\/wp\/v2\/types\/product"}],"replies":[{"embeddable":true,"href":"https:\/\/www.naturclic.com\/index.php?rest_route=%2Fwp%2Fv2%2Fcomments&post=6846"}],"wp:featuredmedia":[{"embeddable":true,"href":"https:\/\/www.naturclic.com\/index.php?rest_route=\/wp\/v2\/media\/7037"}],"wp:attachment":[{"href":"https:\/\/www.naturclic.com\/index.php?rest_route=%2Fwp%2Fv2%2Fmedia&parent=6846"}],"wp:term":[{"taxonomy":"product_brand","embeddable":true,"href":"https:\/\/www.naturclic.com\/index.php?rest_route=%2Fwp%2Fv2%2Fproduct_brand&post=6846"},{"taxonomy":"product_cat","embeddable":true,"href":"https:\/\/www.naturclic.com\/index.php?rest_route=%2Fwp%2Fv2%2Fproduct_cat&post=6846"},{"taxonomy":"product_tag","embeddable":true,"href":"https:\/\/www.naturclic.com\/index.php?rest_route=%2Fwp%2Fv2%2Fproduct_tag&post=6846"}],"curies":[{"name":"wp","href":"https:\/\/api.w.org\/{rel}","templated":true}]}}