{"id":6848,"date":"2020-05-18T15:51:25","date_gmt":"2020-05-18T13:51:25","guid":{"rendered":"http:\/\/www.naturclic.com\/?post_type=product&#038;p=6848"},"modified":"2022-06-20T10:28:37","modified_gmt":"2022-06-20T08:28:37","slug":"ergymag-100-capsulas-nutergia","status":"publish","type":"product","link":"https:\/\/www.naturclic.com\/?product=ergymag-100-capsulas-nutergia","title":{"rendered":"Ergymag 100 c\u00e1psulas Nutergia"},"content":{"rendered":"<h2 id=\"product-description\" class=\"product-description\"><span id=\"product-description\" class=\"heading\">DESCRIPCI\u00d3N:<\/span><\/h2>\n<h2 class=\"product-description\">Ergymag de Nutergia es un complemento elaborado con magnesio y vitaminas B que permite\u00a0<strong style=\"font-size: 1.25rem;\">compensar las carencias en magnesio y vitaminas B<\/strong><span style=\"font-size: 1.25rem;\">\u00a0en el cuerpo.<\/span><\/h2>\n<div class=\"product-description_text\">\n<div class=\"std\">\n<h2><strong>Propiedades de Ergymag de Nutergia<\/strong><\/h2>\n<p>Ergymag de Nutergia aporta elementos importantes para el metabolismo general e indispensables para el equilibrio neurovegetativo. Est\u00e1\u00a0<strong>compuesto por 4 sales de magnesio<\/strong>, los citratos y carbonatos desacidificantes y remineralizantes, bisglicinato y magnesio marino.<\/p>\n<p>La f\u00f3rmula asocia\u00a0<strong>zinc<\/strong>, catalizador de la anhidrasa carb\u00f3nica, que equilibra los \u00e1cidos b\u00e1sicos, y tambi\u00e9n aporta\u00a0<strong>vitaminas B<\/strong>. Asimismo, brinda un aporte de magnesio, calcio y potasio a la acci\u00f3n de estos minerales se ve completada con las vitaminas B que permiten optimizar su acci\u00f3n al remineralizar el cuerpo.<\/p>\n<h2><strong>Beneficios: <\/strong>Ergymag de Nutergia<strong>\u00a0combate la fatiga f\u00edsica o nerviosa\u00a0<\/strong>que puede surgir debido al estr\u00e9s. Adem\u00e1s, tambi\u00e9n tiene una acci\u00f3n todoterreno ya que mejora la calidad del sue\u00f1o, evita la p\u00e9rdida de cabello y mejora los trastornos \u00f3seos y articulares.<\/h2>\n<h2><strong>Advertencias<\/strong><\/h2>\n<p>Este complemento no tiene contraindicaciones, sin embargo, conviene mantener el envase fuera del alcance de los ni\u00f1os y no superar la dosis diaria recomendada.<\/p>\n<h2><strong>Posologia<\/strong><\/h2>\n<p>Se recomienda tomar de\u00a0<strong>1 a 3 c\u00e1psulas al d\u00eda<\/strong>.<\/p>\n<\/div>\n<div class=\"tab\" data-target=\"product\">\n<div class=\"infoblock\">\n<h2>Composici\u00f3n<\/h2>\n<p>Por 3 c\u00e1psulas:<\/p>\n<p>Magnesio (300 mg), Vitamina B6 (1,4 mg), Vitamina B8 (50\u00a0\u00b5g), Vitamina B1 (1,1 mg), Vitamina B3 (16 mg), Vitamina B5 (6 mg), Zinc (4,5 mg), Vitamina B2 (1.4 mg).<\/p>\n<\/div>\n<\/div>\n<\/div>\n<h2 class=\"product-tables\"><\/h2>\n","protected":false},"excerpt":{"rendered":"<p>DESCRIPCI\u00d3N: Ergymag de Nutergia es un complemento elaborado con magnesio y vitaminas B que permite\u00a0compensar las carencias en magnesio y vitaminas B\u00a0en el cuerpo. Propiedades de Ergymag de Nutergia Ergymag de Nutergia aporta elementos importantes para el metabolismo general e indispensables para el equilibrio neurovegetativo. Est\u00e1\u00a0compuesto por 4 sales de magnesio, los citratos y carbonatos &hellip; <\/p>\n<p class=\"link-more\"><a href=\"https:\/\/www.naturclic.com\/?product=ergymag-100-capsulas-nutergia\" class=\"more-link\">Continue reading<span class=\"screen-reader-text\"> &#8220;Ergymag 100 c\u00e1psulas Nutergia&#8221;<\/span><\/a><\/p>\n","protected":false},"featured_media":6849,"comment_status":"open","ping_status":"closed","template":"","meta":{"_joinchat":[]},"product_brand":[],"product_cat":[128,127,126],"product_tag":[215],"class_list":{"0":"post-6848","1":"product","2":"type-product","3":"status-publish","4":"has-post-thumbnail","6":"product_cat-fitoterapia-capsulas-y-comprimidos","7":"product_cat-nutricion-ortomolecular","8":"product_cat-suplementos-naturales","9":"product_tag-sistemanervioso","11":"first","12":"instock","13":"taxable","14":"shipping-taxable","15":"purchasable","16":"product-type-simple"},"_links":{"self":[{"href":"https:\/\/www.naturclic.com\/index.php?rest_route=\/wp\/v2\/product\/6848","targetHints":{"allow":["GET"]}}],"collection":[{"href":"https:\/\/www.naturclic.com\/index.php?rest_route=\/wp\/v2\/product"}],"about":[{"href":"https:\/\/www.naturclic.com\/index.php?rest_route=\/wp\/v2\/types\/product"}],"replies":[{"embeddable":true,"href":"https:\/\/www.naturclic.com\/index.php?rest_route=%2Fwp%2Fv2%2Fcomments&post=6848"}],"wp:featuredmedia":[{"embeddable":true,"href":"https:\/\/www.naturclic.com\/index.php?rest_route=\/wp\/v2\/media\/6849"}],"wp:attachment":[{"href":"https:\/\/www.naturclic.com\/index.php?rest_route=%2Fwp%2Fv2%2Fmedia&parent=6848"}],"wp:term":[{"taxonomy":"product_brand","embeddable":true,"href":"https:\/\/www.naturclic.com\/index.php?rest_route=%2Fwp%2Fv2%2Fproduct_brand&post=6848"},{"taxonomy":"product_cat","embeddable":true,"href":"https:\/\/www.naturclic.com\/index.php?rest_route=%2Fwp%2Fv2%2Fproduct_cat&post=6848"},{"taxonomy":"product_tag","embeddable":true,"href":"https:\/\/www.naturclic.com\/index.php?rest_route=%2Fwp%2Fv2%2Fproduct_tag&post=6848"}],"curies":[{"name":"wp","href":"https:\/\/api.w.org\/{rel}","templated":true}]}}