{"id":6852,"date":"2020-05-18T17:09:56","date_gmt":"2020-05-18T15:09:56","guid":{"rendered":"http:\/\/www.naturclic.com\/?post_type=product&#038;p=6852"},"modified":"2022-02-03T19:01:48","modified_gmt":"2022-02-03T18:01:48","slug":"vecti-seren-60-capsulas-nutergia","status":"publish","type":"product","link":"https:\/\/www.naturclic.com\/?product=vecti-seren-60-capsulas-nutergia","title":{"rendered":"Vectiseren 60 c\u00e1psulas Nutergia Vecti-seren"},"content":{"rendered":"<div id=\"product-description\" class=\"product-description\">\n<h2><span id=\"product-description\" class=\"heading\">DESCRIPCI\u00d3N<\/span><\/h2>\n<div class=\"product-description_text\">\n<p>Vecti-Seren de Nutergia es un complemento alimenticio a base de rodiola, L-tript\u00f3fano y vitaminas B.<\/p>\n<div class=\"tab\" data-target=\"product\">\n<h2>Indicaci\u00f3n<\/h2>\n<p>L-tript\u00f3fano aumenta los niveles de dopamina, noradrenalina y betaendorfinas. Cuando uno lo toma, tiene efectos significativos en trastornos del humor y del sue\u00f1o, mejora la depresi\u00f3n pasajera y moderada, reduce la ansiedad cuando se quiere dejar de fumar.<\/p>\n<p>Las vitaminas B1, B3, B6, B9 y la vitamina C son cofactores que intervienen en la s\u00edntesis de la serotonina y participan en la regulaci\u00f3n del estr\u00e9s.<\/p>\n<p>El magnesio es indispensable para todas la situaciones de estr\u00e9s, durante las cuales su consumo es muy alto. Tambi\u00e9n es excretado por v\u00eda urinaria en caso de estr\u00e9s cr\u00f3nico. Se sabe que una carencia en magnesio a nivel cerebral reduce las tasas de serotonina.<\/p>\n<p>El zinc es un oligoelemento mayoritario en el hipocampo, tiene propiedades antidepresivas, tambi\u00e9n presenta propiedades antiinflamatorias y estimula la inmunidad, mejora los si\u0301ntomas de las personas con trastornos del humor.<\/p>\n<p>El cromo juega un papel muy importante en el metabolismo de la glucosa y de las grasas, y mejora la sensibilidad a la insulina en el hipota\u0301lamo.<\/p>\n<h2>\u00a0Modo de empleo<\/h2>\n<p>Se recomienda tomar 1 c\u00e1psula por dia.<\/p>\n<h2>\u00a0Composici\u00f3n<\/h2>\n<div class=\"infoblock\">\n<h2>Por c\u00e1psula:<\/h2>\n<h2>L-tript\u00f3fano 220 mg<br \/>\nInositol 50 mg<br \/>\nExtracto de Rhodiola 33 mg<br \/>\nMagnesio 57 mg 15%VRN<br \/>\nZinc 2 mg 15%VRN<br \/>\nCromo 20 mcg 50 %VRN<br \/>\nVitamina C 27 mg 33%VRN<br \/>\nVitamina B1 0.37 mg 33%VRN<br \/>\nVitamina B2 0.47 mg 33%VRN<br \/>\nVitamina B3 5.3 mg 33%VRN<br \/>\nVitamina B5 2 mg 33%VRN<br \/>\nVitamina B6 0.47 mg 33%VRN<br \/>\nBiotina 16 mcg 33%VRN<br \/>\n\u00c1cido f\u00f3lico 67 mcg 33%VRN<\/h2>\n<h2>VRN: Valor de Referencia de Nutrientes<\/h2>\n<\/div>\n<\/div>\n<\/div>\n<\/div>\n<div class=\"product-tables\"><\/div>\n","protected":false},"excerpt":{"rendered":"<p>DESCRIPCI\u00d3N Vecti-Seren de Nutergia es un complemento alimenticio a base de rodiola, L-tript\u00f3fano y vitaminas B. Indicaci\u00f3n L-tript\u00f3fano aumenta los niveles de dopamina, noradrenalina y betaendorfinas. Cuando uno lo toma, tiene efectos significativos en trastornos del humor y del sue\u00f1o, mejora la depresi\u00f3n pasajera y moderada, reduce la ansiedad cuando se quiere dejar de fumar. &hellip; <\/p>\n<p class=\"link-more\"><a href=\"https:\/\/www.naturclic.com\/?product=vecti-seren-60-capsulas-nutergia\" class=\"more-link\">Continue reading<span class=\"screen-reader-text\"> &#8220;Vectiseren 60 c\u00e1psulas Nutergia Vecti-seren&#8221;<\/span><\/a><\/p>\n","protected":false},"featured_media":6853,"comment_status":"open","ping_status":"closed","template":"","meta":{"_joinchat":[]},"product_brand":[],"product_cat":[128,127],"product_tag":[],"class_list":{"0":"post-6852","1":"product","2":"type-product","3":"status-publish","4":"has-post-thumbnail","6":"product_cat-fitoterapia-capsulas-y-comprimidos","7":"product_cat-nutricion-ortomolecular","9":"first","10":"instock","11":"taxable","12":"shipping-taxable","13":"purchasable","14":"product-type-simple"},"_links":{"self":[{"href":"https:\/\/www.naturclic.com\/index.php?rest_route=\/wp\/v2\/product\/6852","targetHints":{"allow":["GET"]}}],"collection":[{"href":"https:\/\/www.naturclic.com\/index.php?rest_route=\/wp\/v2\/product"}],"about":[{"href":"https:\/\/www.naturclic.com\/index.php?rest_route=\/wp\/v2\/types\/product"}],"replies":[{"embeddable":true,"href":"https:\/\/www.naturclic.com\/index.php?rest_route=%2Fwp%2Fv2%2Fcomments&post=6852"}],"wp:featuredmedia":[{"embeddable":true,"href":"https:\/\/www.naturclic.com\/index.php?rest_route=\/wp\/v2\/media\/6853"}],"wp:attachment":[{"href":"https:\/\/www.naturclic.com\/index.php?rest_route=%2Fwp%2Fv2%2Fmedia&parent=6852"}],"wp:term":[{"taxonomy":"product_brand","embeddable":true,"href":"https:\/\/www.naturclic.com\/index.php?rest_route=%2Fwp%2Fv2%2Fproduct_brand&post=6852"},{"taxonomy":"product_cat","embeddable":true,"href":"https:\/\/www.naturclic.com\/index.php?rest_route=%2Fwp%2Fv2%2Fproduct_cat&post=6852"},{"taxonomy":"product_tag","embeddable":true,"href":"https:\/\/www.naturclic.com\/index.php?rest_route=%2Fwp%2Fv2%2Fproduct_tag&post=6852"}],"curies":[{"name":"wp","href":"https:\/\/api.w.org\/{rel}","templated":true}]}}