{"id":6856,"date":"2020-05-18T17:30:30","date_gmt":"2020-05-18T15:30:30","guid":{"rendered":"http:\/\/www.naturclic.com\/?post_type=product&#038;p=6856"},"modified":"2025-07-10T10:17:50","modified_gmt":"2025-07-10T08:17:50","slug":"mycokyl-90-comprimidos-nutergia","status":"publish","type":"product","link":"https:\/\/www.naturclic.com\/?product=mycokyl-90-comprimidos-nutergia","title":{"rendered":"My&#8217;cokyl 90 comprimidos Nutergia"},"content":{"rendered":"<p><span id=\"product-description\" class=\"heading\">DESCRIPCI\u00d3N<\/span><\/p>\n<div class=\"product-description_text\">\n<div class=\"std\">\n<p>My\u2019Cokyl de Nutergia es un complemento alimenticio con ajo, pomelo, romero y acentes esenciales, toda una sinergia de plantas bajo la forma de extractos y esencias que contribuyen a una buena higiene intestinal.<\/p>\n<\/div>\n<div class=\"tab\" data-target=\"product\">\n<div class=\"infoblock\">\n<h2>Indicaci\u00f3n<\/h2>\n<p>Suplemento diet\u00e9tico que re\u00fane extractos de plantas como el tomillo, el olivo o el romero, que act\u00faan favorablemente sobre el sistema gastrointestinal.<\/p>\n<p>Contiene ajo que contribuye a mantenimiento del equilibrio microbiano en el intestino y a la defensa frente a microorganismos tales como los hongos.<\/p>\n<p>Fortalece el terreno en caso de candidiasis en estado vegetativo.<\/p>\n<\/div>\n<div class=\"infoblock\">\n<h2>Modo de empleo<\/h2>\n<p>Se recomienda tomar 2 comprimidos 3 veces fuera de las comidas.<\/p>\n<\/div>\n<div class=\"infoblock\">\n<h2>Composici\u00f3n<\/h2>\n<p>Agentes de carga: celulosa, maltodrexina, carbonato de calcio, polvo de Allium sativum (ajo), extractos de Citrus paradisi (pomelo), de Olea europaea (olivo), de Thymus vulgaris, y de Rosmarinus officinalis (romero), anti-aglomerantes: silicio, estearato de magnesio vegetal, fosfato de calcio, esencia de Eugenia caryophyllata (clavo), de Cinnamomum cassia (canela) y de Origanum compactum (or\u00e9gano compacto).<\/p>\n<\/div>\n<div class=\"infoblock\">\n<h2>Advertencias<\/h2>\n<p>No se han descrito.<\/p>\n<\/div>\n<\/div>\n<\/div>\n","protected":false},"excerpt":{"rendered":"<p>DESCRIPCI\u00d3N My\u2019Cokyl de Nutergia es un complemento alimenticio con ajo, pomelo, romero y acentes esenciales, toda una sinergia de plantas bajo la forma de extractos y esencias que contribuyen a una buena higiene intestinal. Indicaci\u00f3n Suplemento diet\u00e9tico que re\u00fane extractos de plantas como el tomillo, el olivo o el romero, que act\u00faan favorablemente sobre el &hellip; <\/p>\n<p class=\"link-more\"><a href=\"https:\/\/www.naturclic.com\/?product=mycokyl-90-comprimidos-nutergia\" class=\"more-link\">Continue reading<span class=\"screen-reader-text\"> &#8220;My&#8217;cokyl 90 comprimidos Nutergia&#8221;<\/span><\/a><\/p>\n","protected":false},"featured_media":6857,"comment_status":"open","ping_status":"closed","template":"","meta":{"_joinchat":[]},"product_brand":[],"product_cat":[128,127,126],"product_tag":[],"class_list":{"0":"post-6856","1":"product","2":"type-product","3":"status-publish","4":"has-post-thumbnail","6":"product_cat-fitoterapia-capsulas-y-comprimidos","7":"product_cat-nutricion-ortomolecular","8":"product_cat-suplementos-naturales","10":"first","11":"instock","12":"taxable","13":"shipping-taxable","14":"purchasable","15":"product-type-simple"},"_links":{"self":[{"href":"https:\/\/www.naturclic.com\/index.php?rest_route=\/wp\/v2\/product\/6856","targetHints":{"allow":["GET"]}}],"collection":[{"href":"https:\/\/www.naturclic.com\/index.php?rest_route=\/wp\/v2\/product"}],"about":[{"href":"https:\/\/www.naturclic.com\/index.php?rest_route=\/wp\/v2\/types\/product"}],"replies":[{"embeddable":true,"href":"https:\/\/www.naturclic.com\/index.php?rest_route=%2Fwp%2Fv2%2Fcomments&post=6856"}],"wp:featuredmedia":[{"embeddable":true,"href":"https:\/\/www.naturclic.com\/index.php?rest_route=\/wp\/v2\/media\/6857"}],"wp:attachment":[{"href":"https:\/\/www.naturclic.com\/index.php?rest_route=%2Fwp%2Fv2%2Fmedia&parent=6856"}],"wp:term":[{"taxonomy":"product_brand","embeddable":true,"href":"https:\/\/www.naturclic.com\/index.php?rest_route=%2Fwp%2Fv2%2Fproduct_brand&post=6856"},{"taxonomy":"product_cat","embeddable":true,"href":"https:\/\/www.naturclic.com\/index.php?rest_route=%2Fwp%2Fv2%2Fproduct_cat&post=6856"},{"taxonomy":"product_tag","embeddable":true,"href":"https:\/\/www.naturclic.com\/index.php?rest_route=%2Fwp%2Fv2%2Fproduct_tag&post=6856"}],"curies":[{"name":"wp","href":"https:\/\/api.w.org\/{rel}","templated":true}]}}