{"id":6860,"date":"2020-05-18T17:34:35","date_gmt":"2020-05-18T15:34:35","guid":{"rendered":"http:\/\/www.naturclic.com\/?post_type=product&#038;p=6860"},"modified":"2022-07-25T17:19:17","modified_gmt":"2022-07-25T15:19:17","slug":"metalopes-120-comprimidos-sorianatural","status":"publish","type":"product","link":"https:\/\/www.naturclic.com\/?product=metalopes-120-comprimidos-sorianatural","title":{"rendered":"Metalopes 120 comprimidos SoriaNatural"},"content":{"rendered":"<div id=\"product-description\" class=\"product-description\">\n<p><span id=\"product-description\" class=\"heading\">DESCRIPCI\u00d3N<\/span><\/p>\n<div class=\"product-description_text\">\n<div class=\"std\">\n<p>Metalopes de Soria Natural nos ofrece Metalopes con selenio y vitamina C que contribuyen a la protecci\u00f3n de las c\u00e9lulas frente al da\u00f1o oxidativo. Comprimidos de liberaci\u00f3n retardada, de elevada absorci\u00f3n y aprovechamiento.<\/p>\n<\/div>\n<div class=\"tab\" data-target=\"product\">\n<div class=\"infoblock\">\n<h2>Indicaci\u00f3n<\/h2>\n<p>Complemento alimenticio que aporta Selenio y Vitamina C que contribuyen a la protecci\u00f3n de las c\u00e9lulas frente al da\u00f1o oxidativo.<\/p>\n<\/div>\n<div class=\"infoblock\">\n<h2>Modo de empleo<\/h2>\n<p>Se recomienda tomar 20 minutos antes del desayuno y de la cena.<\/p>\n<\/div>\n<div class=\"infoblock\">\n<h2>Composici\u00f3n<\/h2>\n<p>Contiene estabilizante de celulosa microcristalina, extracto seco de cilantro (Coriandrum sativum L, semillas)(100 mg), polvo de clorella (Chlorella pyrenoidosa, alga)(100 mg), \u00e1cido alfa lipoico, agente de recubrimiento: copol\u00edmero neutro de metacrilato, \u00e1cido L-asc\u00f3rbico, antiaglomerante: sal magn\u00e9sica de \u00e1cidos grasos, agente de recubrimiento: talco, L-selenometionina.<\/p>\n<\/div>\n<\/div>\n<\/div>\n<\/div>\n<div class=\"product-tables\"><\/div>\n","protected":false},"excerpt":{"rendered":"<p>DESCRIPCI\u00d3N Metalopes de Soria Natural nos ofrece Metalopes con selenio y vitamina C que contribuyen a la protecci\u00f3n de las c\u00e9lulas frente al da\u00f1o oxidativo. Comprimidos de liberaci\u00f3n retardada, de elevada absorci\u00f3n y aprovechamiento. Indicaci\u00f3n Complemento alimenticio que aporta Selenio y Vitamina C que contribuyen a la protecci\u00f3n de las c\u00e9lulas frente al da\u00f1o oxidativo. &hellip; <\/p>\n<p class=\"link-more\"><a href=\"https:\/\/www.naturclic.com\/?product=metalopes-120-comprimidos-sorianatural\" class=\"more-link\">Continue reading<span class=\"screen-reader-text\"> &#8220;Metalopes 120 comprimidos SoriaNatural&#8221;<\/span><\/a><\/p>\n","protected":false},"featured_media":6861,"comment_status":"open","ping_status":"closed","template":"","meta":{"_joinchat":[]},"product_brand":[],"product_cat":[128,127,126],"product_tag":[216],"class_list":{"0":"post-6860","1":"product","2":"type-product","3":"status-publish","4":"has-post-thumbnail","6":"product_cat-fitoterapia-capsulas-y-comprimidos","7":"product_cat-nutricion-ortomolecular","8":"product_cat-suplementos-naturales","9":"product_tag-metalespesados","11":"first","12":"instock","13":"taxable","14":"shipping-taxable","15":"purchasable","16":"product-type-simple"},"_links":{"self":[{"href":"https:\/\/www.naturclic.com\/index.php?rest_route=\/wp\/v2\/product\/6860","targetHints":{"allow":["GET"]}}],"collection":[{"href":"https:\/\/www.naturclic.com\/index.php?rest_route=\/wp\/v2\/product"}],"about":[{"href":"https:\/\/www.naturclic.com\/index.php?rest_route=\/wp\/v2\/types\/product"}],"replies":[{"embeddable":true,"href":"https:\/\/www.naturclic.com\/index.php?rest_route=%2Fwp%2Fv2%2Fcomments&post=6860"}],"wp:featuredmedia":[{"embeddable":true,"href":"https:\/\/www.naturclic.com\/index.php?rest_route=\/wp\/v2\/media\/6861"}],"wp:attachment":[{"href":"https:\/\/www.naturclic.com\/index.php?rest_route=%2Fwp%2Fv2%2Fmedia&parent=6860"}],"wp:term":[{"taxonomy":"product_brand","embeddable":true,"href":"https:\/\/www.naturclic.com\/index.php?rest_route=%2Fwp%2Fv2%2Fproduct_brand&post=6860"},{"taxonomy":"product_cat","embeddable":true,"href":"https:\/\/www.naturclic.com\/index.php?rest_route=%2Fwp%2Fv2%2Fproduct_cat&post=6860"},{"taxonomy":"product_tag","embeddable":true,"href":"https:\/\/www.naturclic.com\/index.php?rest_route=%2Fwp%2Fv2%2Fproduct_tag&post=6860"}],"curies":[{"name":"wp","href":"https:\/\/api.w.org\/{rel}","templated":true}]}}