{"id":6862,"date":"2020-05-18T17:36:35","date_gmt":"2020-05-18T15:36:35","guid":{"rendered":"http:\/\/www.naturclic.com\/?post_type=product&#038;p=6862"},"modified":"2020-05-18T17:36:35","modified_gmt":"2020-05-18T15:36:35","slug":"extracto-bardana-50ml-xxi-sorianatural","status":"publish","type":"product","link":"https:\/\/www.naturclic.com\/?product=extracto-bardana-50ml-xxi-sorianatural","title":{"rendered":"Extracto Bardana 50ml XXI SoriaNatural"},"content":{"rendered":"<p><span id=\"product-description\" class=\"heading\">DESCRIPCI\u00d3N<\/span><\/p>\n<div class=\"product-description_text\">\n<div class=\"std\"><\/div>\n<div class=\"tab\" data-target=\"product\">\n<div class=\"infoblock\">\n<h2>Indicaci\u00f3n<\/h2>\n<p>Extracto de Bardana de Soria Natural mejora trastornos de la piel en general (acn\u00e9, dermatitis, abscesos).<\/p>\n<\/div>\n<div class=\"infoblock\">\n<h2>Modo de empleo<\/h2>\n<p>&#8211; Adultos: 15-20 gotas 2 o 3 veces al d\u00eda con un poco de agua o cualquier otro l\u00edquido (infusi\u00f3n, zumo). Se puede endulzar al gusto.<\/p>\n<p>&#8211; Ni\u00f1os: 5-10 gotas 2 o 3 veces al d\u00eda con un poco de agua o cualquier otro l\u00edquido (infusi\u00f3n, zumo). Se puede endulzar al gusto.<\/p>\n<\/div>\n<div class=\"infoblock\">\n<h2>Composici\u00f3n<\/h2>\n<p>Extracto de bardana (50 ml).<\/p>\n<\/div>\n<\/div>\n<\/div>\n","protected":false},"excerpt":{"rendered":"<p>DESCRIPCI\u00d3N Indicaci\u00f3n Extracto de Bardana de Soria Natural mejora trastornos de la piel en general (acn\u00e9, dermatitis, abscesos). Modo de empleo &#8211; Adultos: 15-20 gotas 2 o 3 veces al d\u00eda con un poco de agua o cualquier otro l\u00edquido (infusi\u00f3n, zumo). Se puede endulzar al gusto. &#8211; Ni\u00f1os: 5-10 gotas 2 o 3 veces &hellip; <\/p>\n<p class=\"link-more\"><a href=\"https:\/\/www.naturclic.com\/?product=extracto-bardana-50ml-xxi-sorianatural\" class=\"more-link\">Continue reading<span class=\"screen-reader-text\"> &#8220;Extracto Bardana 50ml XXI SoriaNatural&#8221;<\/span><\/a><\/p>\n","protected":false},"featured_media":6863,"comment_status":"open","ping_status":"closed","template":"","meta":{"_joinchat":[]},"product_brand":[],"product_cat":[128,129,126],"product_tag":[],"class_list":{"0":"post-6862","1":"product","2":"type-product","3":"status-publish","4":"has-post-thumbnail","6":"product_cat-fitoterapia-capsulas-y-comprimidos","7":"product_cat-fitoterapia-extracto-liquido","8":"product_cat-suplementos-naturales","10":"first","11":"instock","12":"sale","13":"taxable","14":"shipping-taxable","15":"purchasable","16":"product-type-simple"},"_links":{"self":[{"href":"https:\/\/www.naturclic.com\/index.php?rest_route=\/wp\/v2\/product\/6862","targetHints":{"allow":["GET"]}}],"collection":[{"href":"https:\/\/www.naturclic.com\/index.php?rest_route=\/wp\/v2\/product"}],"about":[{"href":"https:\/\/www.naturclic.com\/index.php?rest_route=\/wp\/v2\/types\/product"}],"replies":[{"embeddable":true,"href":"https:\/\/www.naturclic.com\/index.php?rest_route=%2Fwp%2Fv2%2Fcomments&post=6862"}],"wp:featuredmedia":[{"embeddable":true,"href":"https:\/\/www.naturclic.com\/index.php?rest_route=\/wp\/v2\/media\/6863"}],"wp:attachment":[{"href":"https:\/\/www.naturclic.com\/index.php?rest_route=%2Fwp%2Fv2%2Fmedia&parent=6862"}],"wp:term":[{"taxonomy":"product_brand","embeddable":true,"href":"https:\/\/www.naturclic.com\/index.php?rest_route=%2Fwp%2Fv2%2Fproduct_brand&post=6862"},{"taxonomy":"product_cat","embeddable":true,"href":"https:\/\/www.naturclic.com\/index.php?rest_route=%2Fwp%2Fv2%2Fproduct_cat&post=6862"},{"taxonomy":"product_tag","embeddable":true,"href":"https:\/\/www.naturclic.com\/index.php?rest_route=%2Fwp%2Fv2%2Fproduct_tag&post=6862"}],"curies":[{"name":"wp","href":"https:\/\/api.w.org\/{rel}","templated":true}]}}