{"id":6864,"date":"2020-05-18T17:38:19","date_gmt":"2020-05-18T15:38:19","guid":{"rendered":"http:\/\/www.naturclic.com\/?post_type=product&#038;p=6864"},"modified":"2022-02-03T18:54:32","modified_gmt":"2022-02-03T17:54:32","slug":"extracto-gayuba-50ml-liquido-xxi-sorianatural","status":"publish","type":"product","link":"https:\/\/www.naturclic.com\/?product=extracto-gayuba-50ml-liquido-xxi-sorianatural","title":{"rendered":"Extracto Gayuba 50ml l\u00edquido XXI SoriaNatural"},"content":{"rendered":"<p><span id=\"product-description\" class=\"heading\">DESCRIPCI\u00d3N<\/span><\/p>\n<div class=\"product-description_text\">\n<div class=\"std\">\n<p>El extracto de gayuba (F\u00f3rmula XXI) de Soria Natural ofrece esta nueva gama mejorada de extractos que se desarroll\u00f3 en el centro de I + D + i de Soria Natural. Se basa en un mayor estudio y conocimiento cient\u00edfico de las plantas medicinales, tanto en t\u00e9rminos de su composici\u00f3n qu\u00edmica y actividad farmacol\u00f3gica, eficacia cl\u00ednica y toxicidad, que dieron como resultado productos desarrollados de acuerdo con criterios de calidad, seguridad y eficacia.<\/p>\n<\/div>\n<div class=\"tab\" data-target=\"product\">\n<div class=\"infoblock\">\n<h2>Indicaci\u00f3n<\/h2>\n<p>Diur\u00e9tico, antis\u00e9ptico del tracto urinario, astringente.<\/p>\n<\/div>\n<div class=\"infoblock\">\n<h2>Modo de empleo<\/h2>\n<p>Se recomienda en adultos tomar 2 o 3 veces al d\u00eda diluido con un poco de agua. En ni\u00f1os, las siguientes dosis: entre 6 y 12 a\u00f1os, la mitad de la ingesta de adultos; a partir de 5 a\u00f1os: 8 gotas 3 veces al d\u00eda; a partir de 4 a\u00f1os: 6 gotas 3 veces al d\u00eda; a partir de 3 a\u00f1os: 5 gotas 3 veces al d\u00eda; a partir de 2 a\u00f1os: 3 gotas 3 veces al d\u00eda; a partir de 1 a\u00f1o: 2 gotas 3 veces al d\u00eda.<\/p>\n<\/div>\n<div class=\"infoblock\">\n<h2>Composici\u00f3n<\/h2>\n<p>Extracto de Gayuba liofilizado (360 mg), rango de ciclodextrina (120 mg), alfa-ciclodextrinas (60 mg), agua, glicerina.<\/p>\n<\/div>\n<div class=\"infoblock\">\n<h2>Advertencias<\/h2>\n<p>Agitar antes de usar. Aprieta el gotero y espera unos segundos. Puede aumentar los efectos de los medicamentos antiinflamatorios no esteroideos (AINE) como la indometacina. Los medicamentos o alimentos que acidifican la orina disminuyen la acci\u00f3n de los ar\u00e1ndanos. No lo use durante largos per\u00edodos de tiempo o cuando haya inflamaci\u00f3n renal. Su uso prolongado puede causar estre\u00f1imiento, irritaci\u00f3n de la mucosa digestiva, alteraci\u00f3n de la retina y sobrecarga hep\u00e1tica.<\/p>\n<\/div>\n<\/div>\n<\/div>\n","protected":false},"excerpt":{"rendered":"<p>DESCRIPCI\u00d3N El extracto de gayuba (F\u00f3rmula XXI) de Soria Natural ofrece esta nueva gama mejorada de extractos que se desarroll\u00f3 en el centro de I + D + i de Soria Natural. Se basa en un mayor estudio y conocimiento cient\u00edfico de las plantas medicinales, tanto en t\u00e9rminos de su composici\u00f3n qu\u00edmica y actividad farmacol\u00f3gica, &hellip; <\/p>\n<p class=\"link-more\"><a href=\"https:\/\/www.naturclic.com\/?product=extracto-gayuba-50ml-liquido-xxi-sorianatural\" class=\"more-link\">Continue reading<span class=\"screen-reader-text\"> &#8220;Extracto Gayuba 50ml l\u00edquido XXI SoriaNatural&#8221;<\/span><\/a><\/p>\n","protected":false},"featured_media":6865,"comment_status":"open","ping_status":"closed","template":"","meta":{"_joinchat":[]},"product_brand":[],"product_cat":[129,126],"product_tag":[],"class_list":{"0":"post-6864","1":"product","2":"type-product","3":"status-publish","4":"has-post-thumbnail","6":"product_cat-fitoterapia-extracto-liquido","7":"product_cat-suplementos-naturales","9":"first","10":"instock","11":"taxable","12":"shipping-taxable","13":"purchasable","14":"product-type-simple"},"_links":{"self":[{"href":"https:\/\/www.naturclic.com\/index.php?rest_route=\/wp\/v2\/product\/6864","targetHints":{"allow":["GET"]}}],"collection":[{"href":"https:\/\/www.naturclic.com\/index.php?rest_route=\/wp\/v2\/product"}],"about":[{"href":"https:\/\/www.naturclic.com\/index.php?rest_route=\/wp\/v2\/types\/product"}],"replies":[{"embeddable":true,"href":"https:\/\/www.naturclic.com\/index.php?rest_route=%2Fwp%2Fv2%2Fcomments&post=6864"}],"wp:featuredmedia":[{"embeddable":true,"href":"https:\/\/www.naturclic.com\/index.php?rest_route=\/wp\/v2\/media\/6865"}],"wp:attachment":[{"href":"https:\/\/www.naturclic.com\/index.php?rest_route=%2Fwp%2Fv2%2Fmedia&parent=6864"}],"wp:term":[{"taxonomy":"product_brand","embeddable":true,"href":"https:\/\/www.naturclic.com\/index.php?rest_route=%2Fwp%2Fv2%2Fproduct_brand&post=6864"},{"taxonomy":"product_cat","embeddable":true,"href":"https:\/\/www.naturclic.com\/index.php?rest_route=%2Fwp%2Fv2%2Fproduct_cat&post=6864"},{"taxonomy":"product_tag","embeddable":true,"href":"https:\/\/www.naturclic.com\/index.php?rest_route=%2Fwp%2Fv2%2Fproduct_tag&post=6864"}],"curies":[{"name":"wp","href":"https:\/\/api.w.org\/{rel}","templated":true}]}}