{"id":6866,"date":"2020-05-18T17:40:34","date_gmt":"2020-05-18T15:40:34","guid":{"rendered":"http:\/\/www.naturclic.com\/?post_type=product&#038;p=6866"},"modified":"2022-05-15T10:15:06","modified_gmt":"2022-05-15T08:15:06","slug":"extracto-desmodems-50ml-liquido-xxi-sorianatural","status":"publish","type":"product","link":"https:\/\/www.naturclic.com\/?product=extracto-desmodems-50ml-liquido-xxi-sorianatural","title":{"rendered":"Extracto Desmodems 50ml l\u00edquido XXI SoriaNatural"},"content":{"rendered":"<p><span id=\"product-description\" class=\"heading\">DESCRIPCI\u00d3N<\/span><\/p>\n<div class=\"product-description_text\">\n<div class=\"std\">\n<p>Extracto de Desmodens (F\u00f3rmula XXI) de Soria Natural ofrece esta nueva gama mejorada de extractos que ha sido desarrollada en el centro de I+D+i de Soria Natural. Se basa en un mayor estudio y conocimiento cient\u00edfico de las plantas medicinales, tanto de su composici\u00f3n qu\u00edmica, como de su actividad farmacol\u00f3gica, eficacia cl\u00ednica y toxicidad, lo que ha dado como resultado unos productos desarrollados bajo criterios de calidad, seguridad y eficacia.<\/p>\n<\/div>\n<div class=\"tab\" data-target=\"product\">\n<div class=\"infoblock\">\n<h2>Modo de empleo<\/h2>\n<p>Se recomienda en adultos tomar 2 o 3 veces al d\u00eda diluido con un poco de agua.<\/p>\n<\/div>\n<div class=\"infoblock\">\n<h2>Composici\u00f3n<\/h2>\n<p>Extracto liofilizado de desmodens (540 mg), Gamma ciclodextrinas (180 mg), Alfa ciclodextrinas (90 mg), Agua, Glicerina.<\/p>\n<\/div>\n<div class=\"infoblock\">\n<h2>Advertencias<\/h2>\n<p>Agitar antes de usar. Apretar la tetina y esperar unos segundos.<\/p>\n<\/div>\n<\/div>\n<\/div>\n","protected":false},"excerpt":{"rendered":"<p>DESCRIPCI\u00d3N Extracto de Desmodens (F\u00f3rmula XXI) de Soria Natural ofrece esta nueva gama mejorada de extractos que ha sido desarrollada en el centro de I+D+i de Soria Natural. Se basa en un mayor estudio y conocimiento cient\u00edfico de las plantas medicinales, tanto de su composici\u00f3n qu\u00edmica, como de su actividad farmacol\u00f3gica, eficacia cl\u00ednica y toxicidad, &hellip; <\/p>\n<p class=\"link-more\"><a href=\"https:\/\/www.naturclic.com\/?product=extracto-desmodems-50ml-liquido-xxi-sorianatural\" class=\"more-link\">Continue reading<span class=\"screen-reader-text\"> &#8220;Extracto Desmodems 50ml l\u00edquido XXI SoriaNatural&#8221;<\/span><\/a><\/p>\n","protected":false},"featured_media":6867,"comment_status":"open","ping_status":"closed","template":"","meta":{"_joinchat":[]},"product_brand":[],"product_cat":[129,126],"product_tag":[],"class_list":{"0":"post-6866","1":"product","2":"type-product","3":"status-publish","4":"has-post-thumbnail","6":"product_cat-fitoterapia-extracto-liquido","7":"product_cat-suplementos-naturales","9":"first","10":"instock","11":"taxable","12":"shipping-taxable","13":"purchasable","14":"product-type-simple"},"_links":{"self":[{"href":"https:\/\/www.naturclic.com\/index.php?rest_route=\/wp\/v2\/product\/6866","targetHints":{"allow":["GET"]}}],"collection":[{"href":"https:\/\/www.naturclic.com\/index.php?rest_route=\/wp\/v2\/product"}],"about":[{"href":"https:\/\/www.naturclic.com\/index.php?rest_route=\/wp\/v2\/types\/product"}],"replies":[{"embeddable":true,"href":"https:\/\/www.naturclic.com\/index.php?rest_route=%2Fwp%2Fv2%2Fcomments&post=6866"}],"wp:featuredmedia":[{"embeddable":true,"href":"https:\/\/www.naturclic.com\/index.php?rest_route=\/wp\/v2\/media\/6867"}],"wp:attachment":[{"href":"https:\/\/www.naturclic.com\/index.php?rest_route=%2Fwp%2Fv2%2Fmedia&parent=6866"}],"wp:term":[{"taxonomy":"product_brand","embeddable":true,"href":"https:\/\/www.naturclic.com\/index.php?rest_route=%2Fwp%2Fv2%2Fproduct_brand&post=6866"},{"taxonomy":"product_cat","embeddable":true,"href":"https:\/\/www.naturclic.com\/index.php?rest_route=%2Fwp%2Fv2%2Fproduct_cat&post=6866"},{"taxonomy":"product_tag","embeddable":true,"href":"https:\/\/www.naturclic.com\/index.php?rest_route=%2Fwp%2Fv2%2Fproduct_tag&post=6866"}],"curies":[{"name":"wp","href":"https:\/\/api.w.org\/{rel}","templated":true}]}}