{"id":6868,"date":"2020-05-18T17:42:38","date_gmt":"2020-05-18T15:42:38","guid":{"rendered":"http:\/\/www.naturclic.com\/?post_type=product&#038;p=6868"},"modified":"2022-02-03T18:51:31","modified_gmt":"2022-02-03T17:51:31","slug":"extracto-de-alcachofa-50ml-liquido-xxi-sorianatural","status":"publish","type":"product","link":"https:\/\/www.naturclic.com\/?product=extracto-de-alcachofa-50ml-liquido-xxi-sorianatural","title":{"rendered":"Extracto de Alcachofa 50ml l\u00edquido XXI SoriaNatural"},"content":{"rendered":"<p><span id=\"product-description\" class=\"heading\">DESCRIPCI\u00d3N<\/span><\/p>\n<div class=\"product-description_text\">\n<div class=\"std\">\n<p>El extracto de alcachofa natural (f\u00f3rmula XXI) de Soria Natural ofrece esta nueva gama mejorada de extractos que se desarroll\u00f3 en el centro de I + D + i de Soria Natural. Se basa en un mayor estudio y conocimiento cient\u00edfico de las plantas medicinales, tanto en t\u00e9rminos de su composici\u00f3n qu\u00edmica y actividad farmacol\u00f3gica, eficacia cl\u00ednica y toxicidad, que dieron como resultado productos desarrollados de acuerdo con criterios de calidad, seguridad y eficacia.<\/p>\n<\/div>\n<div class=\"tab\" data-target=\"product\">\n<div class=\"infoblock\">\n<h2>Indicaci\u00f3n<\/h2>\n<p>Trastornos hepatobiliares, dispepsia, flatulencia, sensaci\u00f3n de saciedad e hinchaz\u00f3n, hiperlipemia. La alcachofa es una planta con buenas propiedades col\u00e1genas y coler\u00e9ticas. Se ha utilizado para mejorar los s\u00edntomas de las enfermedades hepatobiliares, ya que promueve la regeneraci\u00f3n de las c\u00e9lulas hep\u00e1ticas, estimula la producci\u00f3n de bilis y promueve la eliminaci\u00f3n de la bilis. Adem\u00e1s, la alcachofa tambi\u00e9n est\u00e1 indicada para la hiperlipemia, ya que disminuye los niveles de colesterol en la sangre, as\u00ed como el clima, la sensaci\u00f3n de saciedad e hinchaz\u00f3n.<\/p>\n<\/div>\n<div class=\"infoblock\">\n<h2>Modo de empleo<\/h2>\n<p>Se recomienda en adultos tomar 2 o 3 veces al d\u00eda diluido con un poco de agua. Agite bien antes de usar. Aprieta el gotero y espera unos segundos.<\/p>\n<\/div>\n<div class=\"infoblock\">\n<h2>Composici\u00f3n<\/h2>\n<p>Extracto de alcachofa liofilizado (540 mg), rango de ciclodextrina (180 mg), alfa ciclodextrinas (90 mg), agua, glicerina.<\/p>\n<\/div>\n<div class=\"infoblock\">\n<h2>Advertencias<\/h2>\n<p>Se puede formar un ligero sedimento en el vial que no afecta su calidad. No lo use como sustituto de una dieta variada y equilibrada y un estilo de vida saludable. Mantener fuera del alcance de los ni\u00f1os. No exceda la dosis recomendada.<\/p>\n<\/div>\n<\/div>\n<\/div>\n","protected":false},"excerpt":{"rendered":"<p>DESCRIPCI\u00d3N El extracto de alcachofa natural (f\u00f3rmula XXI) de Soria Natural ofrece esta nueva gama mejorada de extractos que se desarroll\u00f3 en el centro de I + D + i de Soria Natural. Se basa en un mayor estudio y conocimiento cient\u00edfico de las plantas medicinales, tanto en t\u00e9rminos de su composici\u00f3n qu\u00edmica y actividad &hellip; <\/p>\n<p class=\"link-more\"><a href=\"https:\/\/www.naturclic.com\/?product=extracto-de-alcachofa-50ml-liquido-xxi-sorianatural\" class=\"more-link\">Continue reading<span class=\"screen-reader-text\"> &#8220;Extracto de Alcachofa 50ml l\u00edquido XXI SoriaNatural&#8221;<\/span><\/a><\/p>\n","protected":false},"featured_media":6869,"comment_status":"open","ping_status":"closed","template":"","meta":{"_joinchat":[]},"product_brand":[],"product_cat":[129,126],"product_tag":[217],"class_list":{"0":"post-6868","1":"product","2":"type-product","3":"status-publish","4":"has-post-thumbnail","6":"product_cat-fitoterapia-extracto-liquido","7":"product_cat-suplementos-naturales","8":"product_tag-depurativo","10":"first","11":"instock","12":"taxable","13":"shipping-taxable","14":"purchasable","15":"product-type-simple"},"_links":{"self":[{"href":"https:\/\/www.naturclic.com\/index.php?rest_route=\/wp\/v2\/product\/6868","targetHints":{"allow":["GET"]}}],"collection":[{"href":"https:\/\/www.naturclic.com\/index.php?rest_route=\/wp\/v2\/product"}],"about":[{"href":"https:\/\/www.naturclic.com\/index.php?rest_route=\/wp\/v2\/types\/product"}],"replies":[{"embeddable":true,"href":"https:\/\/www.naturclic.com\/index.php?rest_route=%2Fwp%2Fv2%2Fcomments&post=6868"}],"wp:featuredmedia":[{"embeddable":true,"href":"https:\/\/www.naturclic.com\/index.php?rest_route=\/wp\/v2\/media\/6869"}],"wp:attachment":[{"href":"https:\/\/www.naturclic.com\/index.php?rest_route=%2Fwp%2Fv2%2Fmedia&parent=6868"}],"wp:term":[{"taxonomy":"product_brand","embeddable":true,"href":"https:\/\/www.naturclic.com\/index.php?rest_route=%2Fwp%2Fv2%2Fproduct_brand&post=6868"},{"taxonomy":"product_cat","embeddable":true,"href":"https:\/\/www.naturclic.com\/index.php?rest_route=%2Fwp%2Fv2%2Fproduct_cat&post=6868"},{"taxonomy":"product_tag","embeddable":true,"href":"https:\/\/www.naturclic.com\/index.php?rest_route=%2Fwp%2Fv2%2Fproduct_tag&post=6868"}],"curies":[{"name":"wp","href":"https:\/\/api.w.org\/{rel}","templated":true}]}}