{"id":6876,"date":"2020-05-18T17:52:07","date_gmt":"2020-05-18T15:52:07","guid":{"rendered":"http:\/\/www.naturclic.com\/?post_type=product&#038;p=6876"},"modified":"2022-02-03T18:48:45","modified_gmt":"2022-02-03T17:48:45","slug":"composor-13-liquido-50ml-xxi-sorianatural","status":"publish","type":"product","link":"https:\/\/www.naturclic.com\/?product=composor-13-liquido-50ml-xxi-sorianatural","title":{"rendered":"Composor 13 l\u00edquido 50ml XXI SoriaNatural"},"content":{"rendered":"<p>Ayuda a eliminar par\u00e1sitos internos del organismo.<\/p>\n<p><strong>Precauciones:<\/strong><br \/>\nNo se han descrito.<\/p>\n<p><strong>Composici\u00f3n:<\/strong><br \/>\nAjo (Allium sativum L.), Manzanilla amarga (Anthemis nobilis L.), *Tomillo (Thymus vulgaris L.), Artemisa (Artemisia mar\u00edtima L.) en glicerina vegetal.<\/p>\n<p>(*)= Planta procedente de cultivos limpios en los cuales no se han empleado abonos inorg\u00e1nicos, herbicidas ni pesticidas.<\/p>\n<p>Por 3 ml:<br \/>\nFlavonoides&#8230;&#8230;&#8230;&#8230;&#8230;&#8230;&#8230;&#8230;.. 3 mg<br \/>\nAceite esencial&#8230;&#8230;&#8230;&#8230;&#8230;&#8230;&#8230;.10,5 mg<br \/>\nAllicina&#8230;&#8230;&#8230;&#8230;&#8230;&#8230;&#8230;&#8230;&#8230;&#8230;&#8230;0,75 mg<\/p>\n<p><strong>Modo de empleo:<\/strong><br \/>\nSe aconseja la toma de 1 ml 3 veces al d\u00eda diluido en agua.<br \/>\nNi\u00f1os hasta 5 a\u00f1os: Tomar 1 ml al d\u00eda (8 gotas 3 veces al d\u00eda)<br \/>\nNi\u00f1os entre 5 y 12 a\u00f1os: la mitad de la toma del adulto.<\/p>\n","protected":false},"excerpt":{"rendered":"<p>Ayuda a eliminar par\u00e1sitos internos del organismo. Precauciones: No se han descrito. Composici\u00f3n: Ajo (Allium sativum L.), Manzanilla amarga (Anthemis nobilis L.), *Tomillo (Thymus vulgaris L.), Artemisa (Artemisia mar\u00edtima L.) en glicerina vegetal. (*)= Planta procedente de cultivos limpios en los cuales no se han empleado abonos inorg\u00e1nicos, herbicidas ni pesticidas. Por 3 ml: Flavonoides&#8230;&#8230;&#8230;&#8230;&#8230;&#8230;&#8230;&#8230;.. &hellip; <\/p>\n<p class=\"link-more\"><a href=\"https:\/\/www.naturclic.com\/?product=composor-13-liquido-50ml-xxi-sorianatural\" class=\"more-link\">Continue reading<span class=\"screen-reader-text\"> &#8220;Composor 13 l\u00edquido 50ml XXI SoriaNatural&#8221;<\/span><\/a><\/p>\n","protected":false},"featured_media":6877,"comment_status":"open","ping_status":"closed","template":"","meta":{"_joinchat":[]},"product_brand":[],"product_cat":[129,126],"product_tag":[],"class_list":{"0":"post-6876","1":"product","2":"type-product","3":"status-publish","4":"has-post-thumbnail","6":"product_cat-fitoterapia-extracto-liquido","7":"product_cat-suplementos-naturales","9":"first","10":"instock","11":"taxable","12":"shipping-taxable","13":"purchasable","14":"product-type-simple"},"_links":{"self":[{"href":"https:\/\/www.naturclic.com\/index.php?rest_route=\/wp\/v2\/product\/6876","targetHints":{"allow":["GET"]}}],"collection":[{"href":"https:\/\/www.naturclic.com\/index.php?rest_route=\/wp\/v2\/product"}],"about":[{"href":"https:\/\/www.naturclic.com\/index.php?rest_route=\/wp\/v2\/types\/product"}],"replies":[{"embeddable":true,"href":"https:\/\/www.naturclic.com\/index.php?rest_route=%2Fwp%2Fv2%2Fcomments&post=6876"}],"wp:featuredmedia":[{"embeddable":true,"href":"https:\/\/www.naturclic.com\/index.php?rest_route=\/wp\/v2\/media\/6877"}],"wp:attachment":[{"href":"https:\/\/www.naturclic.com\/index.php?rest_route=%2Fwp%2Fv2%2Fmedia&parent=6876"}],"wp:term":[{"taxonomy":"product_brand","embeddable":true,"href":"https:\/\/www.naturclic.com\/index.php?rest_route=%2Fwp%2Fv2%2Fproduct_brand&post=6876"},{"taxonomy":"product_cat","embeddable":true,"href":"https:\/\/www.naturclic.com\/index.php?rest_route=%2Fwp%2Fv2%2Fproduct_cat&post=6876"},{"taxonomy":"product_tag","embeddable":true,"href":"https:\/\/www.naturclic.com\/index.php?rest_route=%2Fwp%2Fv2%2Fproduct_tag&post=6876"}],"curies":[{"name":"wp","href":"https:\/\/api.w.org\/{rel}","templated":true}]}}