{"id":6884,"date":"2020-05-18T18:01:49","date_gmt":"2020-05-18T16:01:49","guid":{"rendered":"http:\/\/www.naturclic.com\/?post_type=product&#038;p=6884"},"modified":"2021-05-18T10:31:15","modified_gmt":"2021-05-18T08:31:15","slug":"melena-de-leon-50-capsulas-microgranulo-neo","status":"publish","type":"product","link":"https:\/\/www.naturclic.com\/?product=melena-de-leon-50-capsulas-microgranulo-neo","title":{"rendered":"Melena de Le\u00f3n 50 c\u00e1psulas microgranulo Neo"},"content":{"rendered":"<p><span id=\"product-description\" class=\"heading\">DESCRIPCI\u00d3N<\/span><\/p>\n<div class=\"product-description_text\">\n<div class=\"std\">\n<p>Melena de Le\u00f3n de Neo es un complemento alimenticio a base de Melena de Le\u00f3n considerado una exquisitez que se desarrolla sobre casta\u00f1os, robles, hayas o nogales muy viejos pero a\u00fan vivos.<\/p>\n<p>En su fabricaci\u00f3n, se incorpora vitamina C natural en la cubierta exterior del microgr\u00e1nulo, obtenida de Camu-Camu (Myrciaria dubia). La vitamina C se libera inmediatamente antes que los activos del hongo, de manera que se favorece la absorci\u00f3n de los polisac\u00e1ridos y optimiza su acci\u00f3n fisiol\u00f3gica.<\/p>\n<\/div>\n<div class=\"tab\" data-target=\"product\">\n<div class=\"infoblock\">\n<h2>Indicaci\u00f3n<\/h2>\n<p>El cuerpo fruct\u00edfero parece la melena de un le\u00f3n, por ello recibe el nombre com\u00fan de melena de le\u00f3n. Es considerado el hongo regenerador digestivo y nervioso.<\/p>\n<\/div>\n<div class=\"infoblock\">\n<h2>Modo de empleo<\/h2>\n<p>Se recomienda tomar 1 o 2 c\u00e1psulas al d\u00eda, preferiblemente en ayunas.<\/p>\n<\/div>\n<div class=\"infoblock\">\n<h2>Composici\u00f3n<\/h2>\n<p>Por 1 c\u00e1psula:<\/p>\n<p>Extracto seco de Melena de Le\u00f3n BIO (Hericium erinaceus) estandarizado al 20% en polisac\u00e1ridos: 300 mg,\u00a0Extracto de Camu-Camu (Myrciaria dubia) estandarizado al 50% en Vitamina C: 24 mg,\u00a0Edulcorante (xilitol), antiaglomerante (E553), envoltura vegetal gastrorresistente (hidroxipropilmetilcelulosa).<\/p>\n<\/div>\n<\/div>\n<\/div>\n","protected":false},"excerpt":{"rendered":"<p>DESCRIPCI\u00d3N Melena de Le\u00f3n de Neo es un complemento alimenticio a base de Melena de Le\u00f3n considerado una exquisitez que se desarrolla sobre casta\u00f1os, robles, hayas o nogales muy viejos pero a\u00fan vivos. En su fabricaci\u00f3n, se incorpora vitamina C natural en la cubierta exterior del microgr\u00e1nulo, obtenida de Camu-Camu (Myrciaria dubia). La vitamina C &hellip; <\/p>\n<p class=\"link-more\"><a href=\"https:\/\/www.naturclic.com\/?product=melena-de-leon-50-capsulas-microgranulo-neo\" class=\"more-link\">Continue reading<span class=\"screen-reader-text\"> &#8220;Melena de Le\u00f3n 50 c\u00e1psulas microgranulo Neo&#8221;<\/span><\/a><\/p>\n","protected":false},"featured_media":6885,"comment_status":"open","ping_status":"closed","template":"","meta":{"_joinchat":[]},"product_brand":[],"product_cat":[128,130,126],"product_tag":[],"class_list":{"0":"post-6884","1":"product","2":"type-product","3":"status-publish","4":"has-post-thumbnail","6":"product_cat-fitoterapia-capsulas-y-comprimidos","7":"product_cat-hongos-medicinales","8":"product_cat-suplementos-naturales","10":"first","11":"instock","12":"taxable","13":"shipping-taxable","14":"purchasable","15":"product-type-simple"},"_links":{"self":[{"href":"https:\/\/www.naturclic.com\/index.php?rest_route=\/wp\/v2\/product\/6884","targetHints":{"allow":["GET"]}}],"collection":[{"href":"https:\/\/www.naturclic.com\/index.php?rest_route=\/wp\/v2\/product"}],"about":[{"href":"https:\/\/www.naturclic.com\/index.php?rest_route=\/wp\/v2\/types\/product"}],"replies":[{"embeddable":true,"href":"https:\/\/www.naturclic.com\/index.php?rest_route=%2Fwp%2Fv2%2Fcomments&post=6884"}],"wp:featuredmedia":[{"embeddable":true,"href":"https:\/\/www.naturclic.com\/index.php?rest_route=\/wp\/v2\/media\/6885"}],"wp:attachment":[{"href":"https:\/\/www.naturclic.com\/index.php?rest_route=%2Fwp%2Fv2%2Fmedia&parent=6884"}],"wp:term":[{"taxonomy":"product_brand","embeddable":true,"href":"https:\/\/www.naturclic.com\/index.php?rest_route=%2Fwp%2Fv2%2Fproduct_brand&post=6884"},{"taxonomy":"product_cat","embeddable":true,"href":"https:\/\/www.naturclic.com\/index.php?rest_route=%2Fwp%2Fv2%2Fproduct_cat&post=6884"},{"taxonomy":"product_tag","embeddable":true,"href":"https:\/\/www.naturclic.com\/index.php?rest_route=%2Fwp%2Fv2%2Fproduct_tag&post=6884"}],"curies":[{"name":"wp","href":"https:\/\/api.w.org\/{rel}","templated":true}]}}