{"id":6888,"date":"2020-05-18T18:06:14","date_gmt":"2020-05-18T16:06:14","guid":{"rendered":"http:\/\/www.naturclic.com\/?post_type=product&#038;p=6888"},"modified":"2020-05-18T18:06:14","modified_gmt":"2020-05-18T16:06:14","slug":"mico-rei-70-capsulas-hifas-da-terra","status":"publish","type":"product","link":"https:\/\/www.naturclic.com\/?product=mico-rei-70-capsulas-hifas-da-terra","title":{"rendered":"Mico-Rei 70 c\u00e1psulas Hifas Da Terra"},"content":{"rendered":"<h2>Seta de origen chino que se ha utilizado durante miles de a\u00f1os como complemento alimenticio para mejorar la salud. Se denomina ganoderma lucidum, tiene la capacidad de\u00a0<span class=\"negrita1\">normalizar y equilibrar las diferentes funciones del organismo sin causar efectos perjudiciales. Favorece el correcto funcionamiento del sistema circulatorio e inmune. Su principal veh\u00edculo de actuaci\u00f3n es la sangre. A trav\u00e9s de ella, limpia y elimina los excesos de impurezas, facilitando el adecuado funcionamiento del sistema circulatorio y favoreciendo la respuesta inmunol\u00f3gica. As\u00ed mismo,\u00a0activa, fortalece y regula el sistema inmune, actuando directamente sobre sus componentes<\/span><span class=\"negrita1\">.<\/span><\/h2>\n<h2><\/h2>\n<h2>Propiedades de los componentes activos:<\/h2>\n<ul>\n<li>\n<h2><strong>Inmunomodulaci\u00f3n y coadyuvante en el c\u00e1ncer:\u00a0<\/strong>Investigaciones recientes en el estudio de los efectos inmunomoduladores de las principales sustancias presentes en el reishi (ganoderma lucidum), B-D-glucanos y triterpenoides destacan su capacidad mitog\u00e9nica y activadora de c\u00e9lulas efectoras del sistema inmunol\u00f3gico.\u00a0Los efectos terap\u00e9uticos del reishi, como tratamiento en pacientes de c\u00e1ncer y las acciones antiinflamatorias, se han asociado con sus efectos inmunomoduladores. La diferenciaci\u00f3n y maduraci\u00f3n de las c\u00e9lulas dendr\u00edticas por parte de la fracci\u00f3n polisac\u00e1rida del reishi,\u00a0GL-PS, son eventos cruciales que definen su capacidad para inducir una respuesta inmune en contra de tumores. Ensayos cl\u00ednicos para evaluar la eficacia y seguridad de polisacaridos obtenidos a partir de extracto de reishi en pacientes de c\u00e1ncer avanzado, concluyeron que efectivamente dicho extracto puede tener un papel coadyuvante en el tratamiento de este tipo de pacientes.<\/h2>\n<\/li>\n<li>\n<h2><strong>Antiinflamatorio:\u00a0<\/strong>Su elevado contenido en triterpenos le confiere al\u00a0reishi una acci\u00f3n antiinflamatoria comparable a la hidrocortisona, sin sus efectos secundarios. Esta acci\u00f3n explica su r\u00e1pido efecto sobre los casos de artritis y patolog\u00edas inflamatorias cr\u00f3nicas en general. Ha sido estudiado el efecto inhibitorio sobre mediadores qu\u00edmicos liberados por los mastocitos, neutr\u00f3filos y macr\u00f3fagos de triterpenos y esteroides a partir del cuerpo fruct\u00edfero de\u00a0reishi, actuando, por lo tanto, como potentes anti-inflamatorios en pacientes asm\u00e1ticos y\/o al\u00e9rgicos.<\/h2>\n<\/li>\n<li>\n<h2><strong>Acci\u00f3n hipn\u00f3tica y sedativa:\u00a0<\/strong>Los triterpenos presentes en el reishi son los responsables del efecto calmante sobre el sistema nervioso. El extracto acuoso de\u00a0reishi posee efectos hipn\u00f3ticos y acciones sedantes sobre el sistema nerviosos central, aumentando en consecuencia el tiempo de sue\u00f1o y disminuyendo marcadamente la actividad motora espont\u00e1nea. El tratamiento a base de\u00a0reishi favorece un aumento de tiempo de sue\u00f1o as\u00ed como un aumento de apetito sin producir ning\u00fan tipo de adicci\u00f3n. El reishi ha sido utilizado tradicionalmente como factor promotor del sue\u00f1o, as\u00ed como en el tratamiento de neurosis causadas por estr\u00e9s ambiental.<\/h2>\n<\/li>\n<\/ul>\n<h2>Composici\u00f3n por c\u00e1psula:<\/h2>\n<ul>\n<li>\n<h2>390 mg de extracto puro 15:1 de ganoderma lucidum (24,6% beta-glucanos y 1,5% triterpenos).<\/h2>\n<\/li>\n<\/ul>\n<h2>Modo de empleo:<\/h2>\n<h2>Tomar de 1 a 2 c\u00e1psulas al d\u00eda en ayunas.<\/h2>\n<h2>Presentaci\u00f3n:<\/h2>\n<h2>Envase de 70 c\u00e1psulas.<\/h2>\n","protected":false},"excerpt":{"rendered":"<p>Seta de origen chino que se ha utilizado durante miles de a\u00f1os como complemento alimenticio para mejorar la salud. Se denomina ganoderma lucidum, tiene la capacidad de\u00a0normalizar y equilibrar las diferentes funciones del organismo sin causar efectos perjudiciales. Favorece el correcto funcionamiento del sistema circulatorio e inmune. Su principal veh\u00edculo de actuaci\u00f3n es la sangre. &hellip; <\/p>\n<p class=\"link-more\"><a href=\"https:\/\/www.naturclic.com\/?product=mico-rei-70-capsulas-hifas-da-terra\" class=\"more-link\">Continue reading<span class=\"screen-reader-text\"> &#8220;Mico-Rei 70 c\u00e1psulas Hifas Da Terra&#8221;<\/span><\/a><\/p>\n","protected":false},"featured_media":6890,"comment_status":"open","ping_status":"closed","template":"","meta":{"_joinchat":[]},"product_brand":[],"product_cat":[128,130,126],"product_tag":[],"class_list":{"0":"post-6888","1":"product","2":"type-product","3":"status-publish","4":"has-post-thumbnail","6":"product_cat-fitoterapia-capsulas-y-comprimidos","7":"product_cat-hongos-medicinales","8":"product_cat-suplementos-naturales","10":"first","11":"instock","12":"taxable","13":"shipping-taxable","14":"purchasable","15":"product-type-simple"},"_links":{"self":[{"href":"https:\/\/www.naturclic.com\/index.php?rest_route=\/wp\/v2\/product\/6888","targetHints":{"allow":["GET"]}}],"collection":[{"href":"https:\/\/www.naturclic.com\/index.php?rest_route=\/wp\/v2\/product"}],"about":[{"href":"https:\/\/www.naturclic.com\/index.php?rest_route=\/wp\/v2\/types\/product"}],"replies":[{"embeddable":true,"href":"https:\/\/www.naturclic.com\/index.php?rest_route=%2Fwp%2Fv2%2Fcomments&post=6888"}],"wp:featuredmedia":[{"embeddable":true,"href":"https:\/\/www.naturclic.com\/index.php?rest_route=\/wp\/v2\/media\/6890"}],"wp:attachment":[{"href":"https:\/\/www.naturclic.com\/index.php?rest_route=%2Fwp%2Fv2%2Fmedia&parent=6888"}],"wp:term":[{"taxonomy":"product_brand","embeddable":true,"href":"https:\/\/www.naturclic.com\/index.php?rest_route=%2Fwp%2Fv2%2Fproduct_brand&post=6888"},{"taxonomy":"product_cat","embeddable":true,"href":"https:\/\/www.naturclic.com\/index.php?rest_route=%2Fwp%2Fv2%2Fproduct_cat&post=6888"},{"taxonomy":"product_tag","embeddable":true,"href":"https:\/\/www.naturclic.com\/index.php?rest_route=%2Fwp%2Fv2%2Fproduct_tag&post=6888"}],"curies":[{"name":"wp","href":"https:\/\/api.w.org\/{rel}","templated":true}]}}