{"id":6891,"date":"2020-05-18T18:08:22","date_gmt":"2020-05-18T16:08:22","guid":{"rendered":"http:\/\/www.naturclic.com\/?post_type=product&#038;p=6891"},"modified":"2024-01-07T22:34:12","modified_gmt":"2024-01-07T21:34:12","slug":"mico-leo-70-capsulas-hifas-da-terra","status":"publish","type":"product","link":"https:\/\/www.naturclic.com\/?product=mico-leo-70-capsulas-hifas-da-terra","title":{"rendered":"Mico-Leo 70 c\u00e1psulas Hifas Da Terra"},"content":{"rendered":"<p><span id=\"product-description\" class=\"heading\">DESCRIPCI\u00d3N<\/span><\/p>\n<div class=\"product-description_text\">\n<div class=\"std\">\n<p>Mico-Leo (Melena de Le\u00f3n)\u00a0de Hifas da Terra es un complemento alimenticio que contribuye al funcionamiento normal del sistema nervioso y al mantenimiento de las mucosas en condiciones normales.<\/p>\n<\/div>\n<div class=\"tab\" data-target=\"product\">\n<div class=\"infoblock\">\n<h2>Indicaci\u00f3n<\/h2>\n<p>Contiene vitamina B2 que contribuye al funcionamiento normal del sistema nervioso y al mantenimiento de las mucosas en condiciones normales.<\/p>\n<p>Est\u00e1 indicado para:<\/p>\n<ul>\n<li>Estimular el sistema inmunol\u00f3gico.<\/li>\n<li>Regenerar el crecimiento de los nervios y t\u00f3nico para el cerebro.<\/li>\n<li>Tratamiento para la gastritis atr\u00f3fica.<\/li>\n<li>Detenci\u00f3n de la degeneraci\u00f3n neuronal por senilidad.<\/li>\n<li>Reparaci\u00f3n de tejidos corticales y n\u00facleos subcorticales.<\/li>\n<li>Mejorar las v\u00edas reflejas en afecciones neurol\u00f3gicas perif\u00e9ricas.<\/li>\n<li>Tiene efectos inmunomoduladores para casos de hepatitis, gripe end\u00e9mica y otras infecciones virales.<\/li>\n<li>Se recomienda en casos de gastritis, \u00falcera duodenal y trastornos del aparato digestivo.<\/li>\n<li>Incrementar la inteligencia en pacientes con d\u00e9ficit del aprendizaje.<\/li>\n<\/ul>\n<\/div>\n<div class=\"infoblock\">\n<h2>Modo de empleo<\/h2>\n<p>Se recomienda tomar de 1 a 2 c\u00e1psulas diarias.<\/p>\n<\/div>\n<div class=\"infoblock\">\n<h2>Composici\u00f3n<\/h2>\n<p>Por 1 c\u00e1psula:<\/p>\n<p>Extracto puro de Melena de Le\u00f3n\u00a0620 mg.<\/p>\n<\/div>\n<div class=\"infoblock\">\n<h2>Advertencias<\/h2>\n<p>No administrar en caso de alergia a las setas. En menores de 6 a\u00f1os existen preparados infantiles cuya dosis se ajusta seg\u00fan el peso del ni\u00f1o.<\/p>\n<\/div>\n<\/div>\n<\/div>\n","protected":false},"excerpt":{"rendered":"<p>DESCRIPCI\u00d3N Mico-Leo (Melena de Le\u00f3n)\u00a0de Hifas da Terra es un complemento alimenticio que contribuye al funcionamiento normal del sistema nervioso y al mantenimiento de las mucosas en condiciones normales. Indicaci\u00f3n Contiene vitamina B2 que contribuye al funcionamiento normal del sistema nervioso y al mantenimiento de las mucosas en condiciones normales. Est\u00e1 indicado para: Estimular el &hellip; <\/p>\n<p class=\"link-more\"><a href=\"https:\/\/www.naturclic.com\/?product=mico-leo-70-capsulas-hifas-da-terra\" class=\"more-link\">Continue reading<span class=\"screen-reader-text\"> &#8220;Mico-Leo 70 c\u00e1psulas Hifas Da Terra&#8221;<\/span><\/a><\/p>\n","protected":false},"featured_media":7867,"comment_status":"open","ping_status":"closed","template":"","meta":{"_joinchat":[]},"product_brand":[],"product_cat":[130,126],"product_tag":[],"class_list":{"0":"post-6891","1":"product","2":"type-product","3":"status-publish","4":"has-post-thumbnail","6":"product_cat-hongos-medicinales","7":"product_cat-suplementos-naturales","9":"first","10":"instock","11":"taxable","12":"shipping-taxable","13":"purchasable","14":"product-type-simple"},"_links":{"self":[{"href":"https:\/\/www.naturclic.com\/index.php?rest_route=\/wp\/v2\/product\/6891","targetHints":{"allow":["GET"]}}],"collection":[{"href":"https:\/\/www.naturclic.com\/index.php?rest_route=\/wp\/v2\/product"}],"about":[{"href":"https:\/\/www.naturclic.com\/index.php?rest_route=\/wp\/v2\/types\/product"}],"replies":[{"embeddable":true,"href":"https:\/\/www.naturclic.com\/index.php?rest_route=%2Fwp%2Fv2%2Fcomments&post=6891"}],"wp:featuredmedia":[{"embeddable":true,"href":"https:\/\/www.naturclic.com\/index.php?rest_route=\/wp\/v2\/media\/7867"}],"wp:attachment":[{"href":"https:\/\/www.naturclic.com\/index.php?rest_route=%2Fwp%2Fv2%2Fmedia&parent=6891"}],"wp:term":[{"taxonomy":"product_brand","embeddable":true,"href":"https:\/\/www.naturclic.com\/index.php?rest_route=%2Fwp%2Fv2%2Fproduct_brand&post=6891"},{"taxonomy":"product_cat","embeddable":true,"href":"https:\/\/www.naturclic.com\/index.php?rest_route=%2Fwp%2Fv2%2Fproduct_cat&post=6891"},{"taxonomy":"product_tag","embeddable":true,"href":"https:\/\/www.naturclic.com\/index.php?rest_route=%2Fwp%2Fv2%2Fproduct_tag&post=6891"}],"curies":[{"name":"wp","href":"https:\/\/api.w.org\/{rel}","templated":true}]}}