{"id":6895,"date":"2020-05-18T18:11:14","date_gmt":"2020-05-18T16:11:14","guid":{"rendered":"http:\/\/www.naturclic.com\/?post_type=product&#038;p=6895"},"modified":"2020-05-18T18:11:14","modified_gmt":"2020-05-18T16:11:14","slug":"betaina-hcl-pepsina-180-tabletas-lamberts","status":"publish","type":"product","link":"https:\/\/www.naturclic.com\/?product=betaina-hcl-pepsina-180-tabletas-lamberts","title":{"rendered":"Beta\u00edna Hcl pepsina 180 tabletas  Lamberts"},"content":{"rendered":"<div id=\"product-description\" class=\"product-description\"><span id=\"product-description\" class=\"heading\">DESCRIPCI\u00d3N<\/span><\/p>\n<div class=\"product-description_text\">\n<div class=\"std\">\n<p>Beta\u00edna HCL con Pepsina de Lamberts es un complemento alimenticio que ha sido dise\u00f1ado para\u00a0<strong>apoyar las diferentes partes del aparato digestivo<\/strong>\u00a0y hacer frente a la enorme variedad en la composici\u00f3n de la dieta. Adem\u00e1s puede ser de utilidad para aquellos que quieren asegurar una cantidad suficiente de \u00e1cido clorh\u00eddrico.<\/p>\n<p>Los comprimidos de este suplemento est\u00e1n dise\u00f1ados para disolverse en el est\u00f3mago, que es donde se requiere la acidificaci\u00f3n, ya que libera \u00e1cido clorh\u00eddrico, el mismo \u00e1cido que se produce naturalmente en el est\u00f3mago (pero no altera la acidez g\u00e1strica). De esta manera\u00a0<strong>ayuda a reemplazar parte de la acidez perdida en el est\u00f3mago<\/strong>, cooperando as\u00ed en la digesti\u00f3n de los alimentos.<\/p>\n<h2>Propiedades<\/h2>\n<p>La\u00a0<strong>Beta\u00edna Hidroclorh\u00eddrica<\/strong>\u00a0se utiliza como suplemento diet\u00e9tico para aumentar la acidez g\u00e1strica. La Beta\u00edna Hidroclorh\u00eddrica es una sustancia qu\u00edmica producida en un laboratorio y se produce a trav\u00e9s de la fermentaci\u00f3n de almid\u00f3n vegetal que puede incluir la glucosa de la remolacha.<\/p>\n<p>La\u00a0<strong>pepsina\u00a0<\/strong>es de origen porcino y, por lo tanto no ser\u00eda adecuada para personas vegetarianas. El producto est\u00e1 libre de ma\u00edz en todos sus ingredientes.<\/p>\n<h2>Beneficios de la Beta\u00edna HCL<\/h2>\n<p>El complemento de Beta\u00edna HCL con Pepsina de Lamberts\u00a0<strong>ayuda a combatir la falta de \u00e1cido en el est\u00f3mago<\/strong>\u00a0y las molestias que esto suele generar (hinchaz\u00f3n, dolor, regurgitaci\u00f3n, etc.). Tambi\u00e9n,\u00a0<strong>evita los ardores de est\u00f3mago<\/strong>.<\/p>\n<h2>Contraindicaciones<\/h2>\n<p>La Beta\u00edna HCL con Pepsina de Lamberts contiene ciertas contraindicaciones que deben tenerse muy en cuenta:<\/p>\n<ul>\n<li>No est\u00e1 recomendado para ni\u00f1os.<\/li>\n<li>Las mujeres embarazadas o que est\u00e1n lactando no deben tomarlo.<\/li>\n<li>En caso de \u00falcera p\u00e9ptica o sospecha de la misma no se debe consumir este complemento.<\/li>\n<li>Beta\u00edna HCL con Pepsina de Lamberts no sustituye a una dieta variada y equilibrada.<\/li>\n<\/ul>\n<h2>\u00bfC\u00f3mo tomar Beta\u00edna HCL con Pepsina de Lamberts?<\/h2>\n<p>Lamberts recomienda tomar hasta un m\u00e1ximo de\u00a0<strong>3 tabletas al d\u00eda<\/strong>, 1 con cada comida. Se deben tragar enteras.<\/p>\n<\/div>\n<div class=\"tab\" data-target=\"product\">\n<div class=\"infoblock\">\n<h2>Composici\u00f3n<\/h2>\n<p>Por 1 comprimido:<\/p>\n<p>Beta\u00edna HCL (324 mg), Pepsina (5 mg).<\/p>\n<\/div>\n<\/div>\n<\/div>\n<\/div>\n<div class=\"product-tables\"><\/div>\n","protected":false},"excerpt":{"rendered":"<p>DESCRIPCI\u00d3N Beta\u00edna HCL con Pepsina de Lamberts es un complemento alimenticio que ha sido dise\u00f1ado para\u00a0apoyar las diferentes partes del aparato digestivo\u00a0y hacer frente a la enorme variedad en la composici\u00f3n de la dieta. Adem\u00e1s puede ser de utilidad para aquellos que quieren asegurar una cantidad suficiente de \u00e1cido clorh\u00eddrico. Los comprimidos de este suplemento &hellip; <\/p>\n<p class=\"link-more\"><a href=\"https:\/\/www.naturclic.com\/?product=betaina-hcl-pepsina-180-tabletas-lamberts\" class=\"more-link\">Continue reading<span class=\"screen-reader-text\"> &#8220;Beta\u00edna Hcl pepsina 180 tabletas  Lamberts&#8221;<\/span><\/a><\/p>\n","protected":false},"featured_media":6896,"comment_status":"open","ping_status":"closed","template":"","meta":{"_joinchat":[]},"product_brand":[],"product_cat":[128,126],"product_tag":[],"class_list":{"0":"post-6895","1":"product","2":"type-product","3":"status-publish","4":"has-post-thumbnail","6":"product_cat-fitoterapia-capsulas-y-comprimidos","7":"product_cat-suplementos-naturales","9":"first","10":"instock","11":"sale","12":"taxable","13":"shipping-taxable","14":"purchasable","15":"product-type-simple"},"_links":{"self":[{"href":"https:\/\/www.naturclic.com\/index.php?rest_route=\/wp\/v2\/product\/6895","targetHints":{"allow":["GET"]}}],"collection":[{"href":"https:\/\/www.naturclic.com\/index.php?rest_route=\/wp\/v2\/product"}],"about":[{"href":"https:\/\/www.naturclic.com\/index.php?rest_route=\/wp\/v2\/types\/product"}],"replies":[{"embeddable":true,"href":"https:\/\/www.naturclic.com\/index.php?rest_route=%2Fwp%2Fv2%2Fcomments&post=6895"}],"wp:featuredmedia":[{"embeddable":true,"href":"https:\/\/www.naturclic.com\/index.php?rest_route=\/wp\/v2\/media\/6896"}],"wp:attachment":[{"href":"https:\/\/www.naturclic.com\/index.php?rest_route=%2Fwp%2Fv2%2Fmedia&parent=6895"}],"wp:term":[{"taxonomy":"product_brand","embeddable":true,"href":"https:\/\/www.naturclic.com\/index.php?rest_route=%2Fwp%2Fv2%2Fproduct_brand&post=6895"},{"taxonomy":"product_cat","embeddable":true,"href":"https:\/\/www.naturclic.com\/index.php?rest_route=%2Fwp%2Fv2%2Fproduct_cat&post=6895"},{"taxonomy":"product_tag","embeddable":true,"href":"https:\/\/www.naturclic.com\/index.php?rest_route=%2Fwp%2Fv2%2Fproduct_tag&post=6895"}],"curies":[{"name":"wp","href":"https:\/\/api.w.org\/{rel}","templated":true}]}}