{"id":6903,"date":"2020-06-02T18:30:54","date_gmt":"2020-06-02T16:30:54","guid":{"rendered":"http:\/\/www.naturclic.com\/?post_type=product&#038;p=6903"},"modified":"2022-03-31T20:08:17","modified_gmt":"2022-03-31T18:08:17","slug":"echinaforce-spray-30ml-a-vogel","status":"publish","type":"product","link":"https:\/\/www.naturclic.com\/?product=echinaforce-spray-30ml-a-vogel","title":{"rendered":"Echinaforce Spray 30ml A. Vogel"},"content":{"rendered":"<div id=\"composicin\" class=\"dt active\">\n<h2>Composici\u00f3n<\/h2>\n<\/div>\n<div class=\"dd link-underline\">\n<p class=\"selectionShareable\">Por dosis diaria de 12 pulverizaciones de Echinaforce<sup>\u00ae<\/sup>\u00a0Spray:<\/p>\n<p class=\"selectionShareable\"><em>Echinacea purpurea<\/em>* herba tintura 2244 mg<\/p>\n<p class=\"selectionShareable\"><em>Echinacea purpurea<\/em>* radix tintura 118,3 mg<\/p>\n<p class=\"selectionShareable\"><em>Salvia officinalis<\/em>* hoja tintura 1118 mg<\/p>\n<p class=\"selectionShareable\">INGREDIENTES: Extracto hidroalcoh\u00f3lico de la parte a\u00e9rea y ra\u00edz de equin\u00e1cea (<em>Echinacea purpurea<\/em>)*, edulcorante (sorbitol), extracto hidroalcoh\u00f3lico de salvia (<em>Salvia officinalis<\/em>)*, conservador (etanol), emulgentes (lecitina de\u00a0<strong>soja<\/strong>\u00a0y sacarosa l\u00e1urica vegetal), aceite esencial de menta (<em>Mentha x pipereta<\/em>)*<\/p>\n<p class=\"selectionShareable\">* planta fresca de cultivo biol\u00f3gico<\/p>\n<\/div>\n<div id=\"modo-de-empleo\" class=\"dt active\">\n<h2>Modo de empleo<\/h2>\n<\/div>\n<div class=\"dd link-underline\">\n<p class=\"selectionShareable\">Adultos: 2 pulverizaciones, de 6 a 10 veces al d\u00eda<\/p>\n<ul>\n<li>F\u00e1cil sistema de aplicaci\u00f3n<\/li>\n<\/ul>\n<\/div>\n<div id=\"informacin-para-alrgicos\" class=\"dt active\">\n<h2>Informaci\u00f3n para al\u00e9rgicos<\/h2>\n<\/div>\n<div class=\"dd link-underline\">\n<p class=\"selectionShareable\">Contiene soja<\/p>\n<\/div>\n<div id=\"presentacin\" class=\"dt active\">\n<h2>Presentaci\u00f3n<\/h2>\n<\/div>\n<div class=\"dd link-underline\">\n<p class=\"selectionShareable\">Echinaforce<sup>\u00ae<\/sup>\u00a0Spray 30 ml \/ C.N. 171069.7<\/p>\n<\/div>\n<div id=\"precauciones\" class=\"dt active\">\n<h2>Precauciones<\/h2>\n<\/div>\n<div class=\"dd link-underline\">\n<ul>\n<li>No pulverizar en la nariz<\/li>\n<li>Evitar el contacto con los ojos<\/li>\n<\/ul>\n<\/div>\n<div id=\"informacin-adicional\" class=\"dt active\">\n<h2>Informaci\u00f3n adicional<\/h2>\n<\/div>\n<div class=\"dd link-underline\">\n<p class=\"selectionShareable\">Este producto es un complemento alimenticio. Mantener fuera del alcance de los ni\u00f1os m\u00e1s peque\u00f1os. No superar la dosis diaria expresamente recomendada. Almacenar en un lugar fresco y seco. Los complementos alimenticios no son sustitutos de una dieta equilibrada. Se recomienda tener una dieta equilibrada y variada y un estilo de vida saludable.<\/p>\n<\/div>\n","protected":false},"excerpt":{"rendered":"<p>Composici\u00f3n Por dosis diaria de 12 pulverizaciones de Echinaforce\u00ae\u00a0Spray: Echinacea purpurea* herba tintura 2244 mg Echinacea purpurea* radix tintura 118,3 mg Salvia officinalis* hoja tintura 1118 mg INGREDIENTES: Extracto hidroalcoh\u00f3lico de la parte a\u00e9rea y ra\u00edz de equin\u00e1cea (Echinacea purpurea)*, edulcorante (sorbitol), extracto hidroalcoh\u00f3lico de salvia (Salvia officinalis)*, conservador (etanol), emulgentes (lecitina de\u00a0soja\u00a0y sacarosa l\u00e1urica &hellip; <\/p>\n<p class=\"link-more\"><a href=\"https:\/\/www.naturclic.com\/?product=echinaforce-spray-30ml-a-vogel\" class=\"more-link\">Continue reading<span class=\"screen-reader-text\"> &#8220;Echinaforce Spray 30ml A. Vogel&#8221;<\/span><\/a><\/p>\n","protected":false},"featured_media":6904,"comment_status":"open","ping_status":"closed","template":"","meta":{"_joinchat":[]},"product_brand":[],"product_cat":[129,126],"product_tag":[],"class_list":{"0":"post-6903","1":"product","2":"type-product","3":"status-publish","4":"has-post-thumbnail","6":"product_cat-fitoterapia-extracto-liquido","7":"product_cat-suplementos-naturales","9":"first","10":"instock","11":"taxable","12":"shipping-taxable","13":"purchasable","14":"product-type-simple"},"_links":{"self":[{"href":"https:\/\/www.naturclic.com\/index.php?rest_route=\/wp\/v2\/product\/6903","targetHints":{"allow":["GET"]}}],"collection":[{"href":"https:\/\/www.naturclic.com\/index.php?rest_route=\/wp\/v2\/product"}],"about":[{"href":"https:\/\/www.naturclic.com\/index.php?rest_route=\/wp\/v2\/types\/product"}],"replies":[{"embeddable":true,"href":"https:\/\/www.naturclic.com\/index.php?rest_route=%2Fwp%2Fv2%2Fcomments&post=6903"}],"wp:featuredmedia":[{"embeddable":true,"href":"https:\/\/www.naturclic.com\/index.php?rest_route=\/wp\/v2\/media\/6904"}],"wp:attachment":[{"href":"https:\/\/www.naturclic.com\/index.php?rest_route=%2Fwp%2Fv2%2Fmedia&parent=6903"}],"wp:term":[{"taxonomy":"product_brand","embeddable":true,"href":"https:\/\/www.naturclic.com\/index.php?rest_route=%2Fwp%2Fv2%2Fproduct_brand&post=6903"},{"taxonomy":"product_cat","embeddable":true,"href":"https:\/\/www.naturclic.com\/index.php?rest_route=%2Fwp%2Fv2%2Fproduct_cat&post=6903"},{"taxonomy":"product_tag","embeddable":true,"href":"https:\/\/www.naturclic.com\/index.php?rest_route=%2Fwp%2Fv2%2Fproduct_tag&post=6903"}],"curies":[{"name":"wp","href":"https:\/\/api.w.org\/{rel}","templated":true}]}}