{"id":6905,"date":"2020-06-02T18:34:32","date_gmt":"2020-06-02T16:34:32","guid":{"rendered":"http:\/\/www.naturclic.com\/?post_type=product&#038;p=6905"},"modified":"2022-07-07T11:03:11","modified_gmt":"2022-07-07T09:03:11","slug":"urticalcin-vit-d-600-comprimidos-a-vogel","status":"publish","type":"product","link":"https:\/\/www.naturclic.com\/?product=urticalcin-vit-d-600-comprimidos-a-vogel","title":{"rendered":"Urticalcin Vit D 600 comprimidos A. Vogel"},"content":{"rendered":"<div id=\"composicin\" class=\"dt active\">\n<h2>Composici\u00f3n<\/h2>\n<\/div>\n<div class=\"dd link-underline\">\n<p class=\"selectionShareable\">Por dosis de 6 comprimidos:<\/p>\n<p class=\"selectionShareable\">Vitamina D3 (Colecalciferol) &gt;5 \u03bcg (200 IU) 100% VRN*<\/p>\n<p class=\"selectionShareable\">Jugo de ortiga (<em>Urtica dioica<\/em>) &gt; 34 mg<\/p>\n<p class=\"selectionShareable\"><sup>*VRN: Valor Referencia Nutrientes<\/sup><\/p>\n<p class=\"selectionShareable\">INGREDIENTES:\u00a0Edulcorante (sorbitol),\u00a0<strong>carbonato de calcio (de conchas de ostra)<\/strong>, edulcorante (manitol), jugo de ortiga prensada (<em>Urtica dioica<\/em>)<sup>\u2663<\/sup>, antiaglomerante (sales magn\u00e9sicas de \u00e1cidos grasos), maltodextrina, vitamina D3 en polvo (de liquen).<\/p>\n<p class=\"selectionShareable\"><sup>\u2663 Planta fresca de cultivo biol\u00f3gico<\/sup><\/p>\n<\/div>\n<div id=\"modo-de-empleo\" class=\"dt active\">\n<h2>Modo de empleo<\/h2>\n<\/div>\n<div class=\"dd link-underline\">\n<p class=\"selectionShareable\">6 comprimidos al d\u00eda.<\/p>\n<p class=\"selectionShareable\">Masticar y dejar disolver en la boca.<\/p>\n<\/div>\n<div id=\"informacin-para-alrgicos\" class=\"dt active\">\n<h2>Informaci\u00f3n para al\u00e9rgicos<\/h2>\n<\/div>\n<div class=\"dd link-underline\">\n<p class=\"selectionShareable\">Contiene moluscos<\/p>\n<p class=\"selectionShareable\">Contiene crust\u00e1ceos<\/p>\n<\/div>\n<div id=\"presentacin\" class=\"dt active\">\n<h2>Presentaci\u00f3n<\/h2>\n<\/div>\n<div class=\"dd link-underline\">\n<p class=\"selectionShareable\"><span class=\"copytext\">Frasco 600 comprimidos<\/span><\/p>\n<p class=\"selectionShareable\">Este producto es un complemento alimenticio. Mantener fuera del alcance de los ni\u00f1os m\u00e1s peque\u00f1os. No superar la dosis diaria expresamente recomendada. Almacenar en un lugar fresco y seco.\u00a0Los complementos alimenticios no son sustitutos de una dieta equilibrada. Se recomienda tener una dieta equilibrada y variada y un estilo de vida saludable.<\/p>\n<\/div>\n","protected":false},"excerpt":{"rendered":"<p>Composici\u00f3n Por dosis de 6 comprimidos: Vitamina D3 (Colecalciferol) &gt;5 \u03bcg (200 IU) 100% VRN* Jugo de ortiga (Urtica dioica) &gt; 34 mg *VRN: Valor Referencia Nutrientes INGREDIENTES:\u00a0Edulcorante (sorbitol),\u00a0carbonato de calcio (de conchas de ostra), edulcorante (manitol), jugo de ortiga prensada (Urtica dioica)\u2663, antiaglomerante (sales magn\u00e9sicas de \u00e1cidos grasos), maltodextrina, vitamina D3 en polvo (de &hellip; <\/p>\n<p class=\"link-more\"><a href=\"https:\/\/www.naturclic.com\/?product=urticalcin-vit-d-600-comprimidos-a-vogel\" class=\"more-link\">Continue reading<span class=\"screen-reader-text\"> &#8220;Urticalcin Vit D 600 comprimidos A. Vogel&#8221;<\/span><\/a><\/p>\n","protected":false},"featured_media":6906,"comment_status":"open","ping_status":"closed","template":"","meta":{"_joinchat":[]},"product_brand":[],"product_cat":[136,128,126],"product_tag":[],"class_list":{"0":"post-6905","1":"product","2":"type-product","3":"status-publish","4":"has-post-thumbnail","6":"product_cat-dolor-lesiones","7":"product_cat-fitoterapia-capsulas-y-comprimidos","8":"product_cat-suplementos-naturales","10":"first","11":"outofstock","12":"taxable","13":"shipping-taxable","14":"purchasable","15":"product-type-simple"},"_links":{"self":[{"href":"https:\/\/www.naturclic.com\/index.php?rest_route=\/wp\/v2\/product\/6905","targetHints":{"allow":["GET"]}}],"collection":[{"href":"https:\/\/www.naturclic.com\/index.php?rest_route=\/wp\/v2\/product"}],"about":[{"href":"https:\/\/www.naturclic.com\/index.php?rest_route=\/wp\/v2\/types\/product"}],"replies":[{"embeddable":true,"href":"https:\/\/www.naturclic.com\/index.php?rest_route=%2Fwp%2Fv2%2Fcomments&post=6905"}],"wp:featuredmedia":[{"embeddable":true,"href":"https:\/\/www.naturclic.com\/index.php?rest_route=\/wp\/v2\/media\/6906"}],"wp:attachment":[{"href":"https:\/\/www.naturclic.com\/index.php?rest_route=%2Fwp%2Fv2%2Fmedia&parent=6905"}],"wp:term":[{"taxonomy":"product_brand","embeddable":true,"href":"https:\/\/www.naturclic.com\/index.php?rest_route=%2Fwp%2Fv2%2Fproduct_brand&post=6905"},{"taxonomy":"product_cat","embeddable":true,"href":"https:\/\/www.naturclic.com\/index.php?rest_route=%2Fwp%2Fv2%2Fproduct_cat&post=6905"},{"taxonomy":"product_tag","embeddable":true,"href":"https:\/\/www.naturclic.com\/index.php?rest_route=%2Fwp%2Fv2%2Fproduct_tag&post=6905"}],"curies":[{"name":"wp","href":"https:\/\/api.w.org\/{rel}","templated":true}]}}