{"id":6907,"date":"2020-06-02T18:38:27","date_gmt":"2020-06-02T16:38:27","guid":{"rendered":"http:\/\/www.naturclic.com\/?post_type=product&#038;p=6907"},"modified":"2022-02-03T18:30:17","modified_gmt":"2022-02-03T17:30:17","slug":"pylopass-100-capsulas-vbyotics","status":"publish","type":"product","link":"https:\/\/www.naturclic.com\/?product=pylopass-100-capsulas-vbyotics","title":{"rendered":"Pylopass 100 c\u00e1psulas Vbyotics"},"content":{"rendered":"<p><span id=\"product-description\" class=\"heading\">DESCRIPCI\u00d3N<\/span><\/p>\n<div class=\"product-description_text\">\n<div class=\"std\">\n<p>Pylopass de Vbyotics es un probi\u00f3tico que se produce mediante fermentaci\u00f3n en una planta de producci\u00f3n controlada. Debido a que la actividad de coagregaci\u00f3n es de m\u00e1xima importancia, Pylopass es elaborado para obtener una estandatizaci\u00f3n en los niveles de coagragaci\u00f3n. Esto lo diferencia de un prebi\u00f3tico tradicional, que es fermentado para obtener una cierta cantidad de c\u00e9lulas.<\/p>\n<\/div>\n<div class=\"tab\" data-target=\"product\">\n<div class=\"infoblock\">\n<h2>Composici\u00f3n<\/h2>\n<p>Por 2 c\u00e1psulas:<br \/>\nCarbonato c\u00e1lcico (500 mg), Pylopass (200 mg), Carbonato de magnesio (200 mg), Estearato de magnesio, Di\u00f3xido de silicio, Celulosa.<\/p>\n<\/div>\n<\/div>\n<\/div>\n","protected":false},"excerpt":{"rendered":"<p>DESCRIPCI\u00d3N Pylopass de Vbyotics es un probi\u00f3tico que se produce mediante fermentaci\u00f3n en una planta de producci\u00f3n controlada. Debido a que la actividad de coagregaci\u00f3n es de m\u00e1xima importancia, Pylopass es elaborado para obtener una estandatizaci\u00f3n en los niveles de coagragaci\u00f3n. Esto lo diferencia de un prebi\u00f3tico tradicional, que es fermentado para obtener una cierta &hellip; <\/p>\n<p class=\"link-more\"><a href=\"https:\/\/www.naturclic.com\/?product=pylopass-100-capsulas-vbyotics\" class=\"more-link\">Continue reading<span class=\"screen-reader-text\"> &#8220;Pylopass 100 c\u00e1psulas Vbyotics&#8221;<\/span><\/a><\/p>\n","protected":false},"featured_media":6908,"comment_status":"open","ping_status":"closed","template":"","meta":{"_joinchat":[]},"product_brand":[],"product_cat":[128,126],"product_tag":[],"class_list":{"0":"post-6907","1":"product","2":"type-product","3":"status-publish","4":"has-post-thumbnail","6":"product_cat-fitoterapia-capsulas-y-comprimidos","7":"product_cat-suplementos-naturales","9":"first","10":"instock","11":"taxable","12":"shipping-taxable","13":"purchasable","14":"product-type-simple"},"_links":{"self":[{"href":"https:\/\/www.naturclic.com\/index.php?rest_route=\/wp\/v2\/product\/6907","targetHints":{"allow":["GET"]}}],"collection":[{"href":"https:\/\/www.naturclic.com\/index.php?rest_route=\/wp\/v2\/product"}],"about":[{"href":"https:\/\/www.naturclic.com\/index.php?rest_route=\/wp\/v2\/types\/product"}],"replies":[{"embeddable":true,"href":"https:\/\/www.naturclic.com\/index.php?rest_route=%2Fwp%2Fv2%2Fcomments&post=6907"}],"wp:featuredmedia":[{"embeddable":true,"href":"https:\/\/www.naturclic.com\/index.php?rest_route=\/wp\/v2\/media\/6908"}],"wp:attachment":[{"href":"https:\/\/www.naturclic.com\/index.php?rest_route=%2Fwp%2Fv2%2Fmedia&parent=6907"}],"wp:term":[{"taxonomy":"product_brand","embeddable":true,"href":"https:\/\/www.naturclic.com\/index.php?rest_route=%2Fwp%2Fv2%2Fproduct_brand&post=6907"},{"taxonomy":"product_cat","embeddable":true,"href":"https:\/\/www.naturclic.com\/index.php?rest_route=%2Fwp%2Fv2%2Fproduct_cat&post=6907"},{"taxonomy":"product_tag","embeddable":true,"href":"https:\/\/www.naturclic.com\/index.php?rest_route=%2Fwp%2Fv2%2Fproduct_tag&post=6907"}],"curies":[{"name":"wp","href":"https:\/\/api.w.org\/{rel}","templated":true}]}}