{"id":6909,"date":"2020-06-02T18:41:59","date_gmt":"2020-06-02T16:41:59","guid":{"rendered":"http:\/\/www.naturclic.com\/?post_type=product&#038;p=6909"},"modified":"2022-02-03T18:27:56","modified_gmt":"2022-02-03T17:27:56","slug":"kyolic-103-90-capsulas-vitae","status":"publish","type":"product","link":"https:\/\/www.naturclic.com\/?product=kyolic-103-90-capsulas-vitae","title":{"rendered":"Kyolic 103 90 c\u00e1psulas VITAE"},"content":{"rendered":"<div id=\"product-description\" class=\"product-description\">\n<p><span id=\"product-description\" class=\"heading\">DESCRIPCI\u00d3N<\/span><\/p>\n<div class=\"product-description_text\">\n<div class=\"std\">\n<p>Vitae nos ofrece Kyolic 103 como una combinaci\u00f3n de extracto de ajo a\u00f1ejado org\u00e1nico con setas y plantas que ayuda a mejorar las defensas.<\/p>\n<\/div>\n<div class=\"tab\" data-target=\"product\">\n<div class=\"infoblock\">\n<h2>Indicaci\u00f3n<\/h2>\n<p>Kyolic 103 es una combinaci\u00f3n de extracto de ajo a\u00f1ejado org\u00e1nico con setas y plantas que ayuda a mejorar las defensas. Al ser un extracto a\u00f1ejado no tiene olor, no repite y no produce acidez.<\/p>\n<\/div>\n<div class=\"infoblock\">\n<h2>Modo de empleo<\/h2>\n<p>Se recomienda su toma con las comidas<\/p>\n<\/div>\n<div class=\"infoblock\">\n<h2>Composici\u00f3n<\/h2>\n<p>Por 4 c\u00e1psula:<\/p>\n<p>Extracto de Ajo A\u00f1ejado (880 g), Shiitake (300 mg), Mezcla de setas (300 g), Ascorbato c\u00e1lcico (280 mg), Extracto de Or\u00e9gano (200 mg), Extracto de raiz de Astr\u00e1galo (200 mg), Extracto de Hoja de Olivo (180 mg), Reishi, Maitake, Ag\u00e1ricus Blazei, Poria cocos.<\/p>\n<\/div>\n<\/div>\n<\/div>\n<\/div>\n<div class=\"product-tables\">\n<ul class=\"product-tables_tabs\">\n<li class=\"product-tables_tab active\"><a href=\"https:\/\/www.naturitas.es\/kyolic-103-90-capsulas-vitae-0000750#product-tables_nutrition\">TABLA NUTRICIONAL<\/a><\/li>\n<\/ul>\n<\/div>\n","protected":false},"excerpt":{"rendered":"<p>DESCRIPCI\u00d3N Vitae nos ofrece Kyolic 103 como una combinaci\u00f3n de extracto de ajo a\u00f1ejado org\u00e1nico con setas y plantas que ayuda a mejorar las defensas. Indicaci\u00f3n Kyolic 103 es una combinaci\u00f3n de extracto de ajo a\u00f1ejado org\u00e1nico con setas y plantas que ayuda a mejorar las defensas. Al ser un extracto a\u00f1ejado no tiene olor, &hellip; <\/p>\n<p class=\"link-more\"><a href=\"https:\/\/www.naturclic.com\/?product=kyolic-103-90-capsulas-vitae\" class=\"more-link\">Continue reading<span class=\"screen-reader-text\"> &#8220;Kyolic 103 90 c\u00e1psulas VITAE&#8221;<\/span><\/a><\/p>\n","protected":false},"featured_media":6910,"comment_status":"open","ping_status":"closed","template":"","meta":{"_joinchat":[]},"product_brand":[],"product_cat":[128,126],"product_tag":[],"class_list":{"0":"post-6909","1":"product","2":"type-product","3":"status-publish","4":"has-post-thumbnail","6":"product_cat-fitoterapia-capsulas-y-comprimidos","7":"product_cat-suplementos-naturales","9":"first","10":"instock","11":"taxable","12":"shipping-taxable","13":"purchasable","14":"product-type-simple"},"_links":{"self":[{"href":"https:\/\/www.naturclic.com\/index.php?rest_route=\/wp\/v2\/product\/6909","targetHints":{"allow":["GET"]}}],"collection":[{"href":"https:\/\/www.naturclic.com\/index.php?rest_route=\/wp\/v2\/product"}],"about":[{"href":"https:\/\/www.naturclic.com\/index.php?rest_route=\/wp\/v2\/types\/product"}],"replies":[{"embeddable":true,"href":"https:\/\/www.naturclic.com\/index.php?rest_route=%2Fwp%2Fv2%2Fcomments&post=6909"}],"wp:featuredmedia":[{"embeddable":true,"href":"https:\/\/www.naturclic.com\/index.php?rest_route=\/wp\/v2\/media\/6910"}],"wp:attachment":[{"href":"https:\/\/www.naturclic.com\/index.php?rest_route=%2Fwp%2Fv2%2Fmedia&parent=6909"}],"wp:term":[{"taxonomy":"product_brand","embeddable":true,"href":"https:\/\/www.naturclic.com\/index.php?rest_route=%2Fwp%2Fv2%2Fproduct_brand&post=6909"},{"taxonomy":"product_cat","embeddable":true,"href":"https:\/\/www.naturclic.com\/index.php?rest_route=%2Fwp%2Fv2%2Fproduct_cat&post=6909"},{"taxonomy":"product_tag","embeddable":true,"href":"https:\/\/www.naturclic.com\/index.php?rest_route=%2Fwp%2Fv2%2Fproduct_tag&post=6909"}],"curies":[{"name":"wp","href":"https:\/\/api.w.org\/{rel}","templated":true}]}}