{"id":6911,"date":"2020-06-02T18:44:47","date_gmt":"2020-06-02T16:44:47","guid":{"rendered":"http:\/\/www.naturclic.com\/?post_type=product&#038;p=6911"},"modified":"2022-02-03T18:26:10","modified_gmt":"2022-02-03T17:26:10","slug":"oligen-vision-60-capsulas-ifigen","status":"publish","type":"product","link":"https:\/\/www.naturclic.com\/?product=oligen-vision-60-capsulas-ifigen","title":{"rendered":"Oligen Vision 60 c\u00e1psulas Ifigen"},"content":{"rendered":"<div id=\"product-description\" class=\"product-description\">\n<p><span id=\"product-description\" class=\"heading\">DESCRIPCI\u00d3N<\/span><\/p>\n<div class=\"product-description_text\">\n<div class=\"std\">\n<p>Oligen Vision de Ifigen es un suplemento de aceite de pescado y extractos vegetales beneficiosos para la salud ocular.<\/p>\n<\/div>\n<div class=\"tab\" data-target=\"product\">\n<div class=\"infoblock\">\n<h2>Indicaci\u00f3n<\/h2>\n<p>M\u00e1s del 90% de \u00e1cidos grasos omega-3 totales.<br \/>\nel aceite se presenta en forma de triglic\u00e9rido, es rico en dha (80%) y se ha elaborado seg\u00fan un proceso enzim\u00e1tico. est\u00e1 libre de metales pesados y otros t\u00f3xicos.<\/p>\n<\/div>\n<div class=\"infoblock\">\n<h2>Modo de empleo<\/h2>\n<p>1-2 c\u00e1psulas al d\u00eda.<\/p>\n<\/div>\n<div class=\"infoblock\">\n<h2>Composici\u00f3n<\/h2>\n<p>Aceite de Pescado, Sulfato de Zinc, Lute\u00edna, Gelatina de pescado, Selenito S\u00f3dico, Zeaxantina, \u00c1cido L-Asc\u00f3rbico, Extracto de tagetes erecta, Dalfa tocoferol.<\/p>\n<\/div>\n<\/div>\n<\/div>\n<\/div>\n<div class=\"product-tables\"><\/div>\n","protected":false},"excerpt":{"rendered":"<p>DESCRIPCI\u00d3N Oligen Vision de Ifigen es un suplemento de aceite de pescado y extractos vegetales beneficiosos para la salud ocular. Indicaci\u00f3n M\u00e1s del 90% de \u00e1cidos grasos omega-3 totales. el aceite se presenta en forma de triglic\u00e9rido, es rico en dha (80%) y se ha elaborado seg\u00fan un proceso enzim\u00e1tico. est\u00e1 libre de metales pesados &hellip; <\/p>\n<p class=\"link-more\"><a href=\"https:\/\/www.naturclic.com\/?product=oligen-vision-60-capsulas-ifigen\" class=\"more-link\">Continue reading<span class=\"screen-reader-text\"> &#8220;Oligen Vision 60 c\u00e1psulas Ifigen&#8221;<\/span><\/a><\/p>\n","protected":false},"featured_media":6912,"comment_status":"open","ping_status":"closed","template":"","meta":{"_joinchat":[]},"product_brand":[],"product_cat":[128,126],"product_tag":[],"class_list":{"0":"post-6911","1":"product","2":"type-product","3":"status-publish","4":"has-post-thumbnail","6":"product_cat-fitoterapia-capsulas-y-comprimidos","7":"product_cat-suplementos-naturales","9":"first","10":"instock","11":"taxable","12":"shipping-taxable","13":"purchasable","14":"product-type-simple"},"_links":{"self":[{"href":"https:\/\/www.naturclic.com\/index.php?rest_route=\/wp\/v2\/product\/6911","targetHints":{"allow":["GET"]}}],"collection":[{"href":"https:\/\/www.naturclic.com\/index.php?rest_route=\/wp\/v2\/product"}],"about":[{"href":"https:\/\/www.naturclic.com\/index.php?rest_route=\/wp\/v2\/types\/product"}],"replies":[{"embeddable":true,"href":"https:\/\/www.naturclic.com\/index.php?rest_route=%2Fwp%2Fv2%2Fcomments&post=6911"}],"wp:featuredmedia":[{"embeddable":true,"href":"https:\/\/www.naturclic.com\/index.php?rest_route=\/wp\/v2\/media\/6912"}],"wp:attachment":[{"href":"https:\/\/www.naturclic.com\/index.php?rest_route=%2Fwp%2Fv2%2Fmedia&parent=6911"}],"wp:term":[{"taxonomy":"product_brand","embeddable":true,"href":"https:\/\/www.naturclic.com\/index.php?rest_route=%2Fwp%2Fv2%2Fproduct_brand&post=6911"},{"taxonomy":"product_cat","embeddable":true,"href":"https:\/\/www.naturclic.com\/index.php?rest_route=%2Fwp%2Fv2%2Fproduct_cat&post=6911"},{"taxonomy":"product_tag","embeddable":true,"href":"https:\/\/www.naturclic.com\/index.php?rest_route=%2Fwp%2Fv2%2Fproduct_tag&post=6911"}],"curies":[{"name":"wp","href":"https:\/\/api.w.org\/{rel}","templated":true}]}}