{"id":6913,"date":"2020-06-02T18:46:23","date_gmt":"2020-06-02T16:46:23","guid":{"rendered":"http:\/\/www.naturclic.com\/?post_type=product&#038;p=6913"},"modified":"2022-03-30T23:59:57","modified_gmt":"2022-03-30T21:59:57","slug":"floragen-30-capsulas-ifigen","status":"publish","type":"product","link":"https:\/\/www.naturclic.com\/?product=floragen-30-capsulas-ifigen","title":{"rendered":"Floragen 30 c\u00e1psulas Ifigen"},"content":{"rendered":"<p><span id=\"product-description\" class=\"heading\">DESCRIPCI\u00d3N<\/span><\/p>\n<div class=\"product-description_text\">\n<div class=\"std\">\n<p>Floragen de Ifigen es un suplemento de probi\u00f3ticos para el buen funcionamiento intestinal.<\/p>\n<\/div>\n<div class=\"tab\" data-target=\"product\">\n<div class=\"infoblock\">\n<h2>Indicaci\u00f3n<\/h2>\n<p>Mantener una buena salud y el equilibrio de la microbiota intestinal.<\/p>\n<\/div>\n<div class=\"infoblock\">\n<h2>Modo de empleo<\/h2>\n<p>1 c\u00e1psula al d\u00eda.<\/p>\n<\/div>\n<div class=\"infoblock\">\n<h2>Composici\u00f3n<\/h2>\n<p>Di\u00f3xido de Silicio, Estearato de magnesio, Celulosa microcristalina, gelatina vegetal, Di\u00f3xido de titanio, Clorhidrato de piridoxina, Cianocobalamina, Selenito De Sodio, Lactobacillus plantarum F2004.<\/p>\n<\/div>\n<div class=\"infoblock\">\n<h2>Advertencias<\/h2>\n<p>No superar esta dosis salvo indicaci\u00f3n expresa<\/p>\n<\/div>\n<\/div>\n<\/div>\n","protected":false},"excerpt":{"rendered":"<p>DESCRIPCI\u00d3N Floragen de Ifigen es un suplemento de probi\u00f3ticos para el buen funcionamiento intestinal. Indicaci\u00f3n Mantener una buena salud y el equilibrio de la microbiota intestinal. Modo de empleo 1 c\u00e1psula al d\u00eda. Composici\u00f3n Di\u00f3xido de Silicio, Estearato de magnesio, Celulosa microcristalina, gelatina vegetal, Di\u00f3xido de titanio, Clorhidrato de piridoxina, Cianocobalamina, Selenito De Sodio, Lactobacillus &hellip; <\/p>\n<p class=\"link-more\"><a href=\"https:\/\/www.naturclic.com\/?product=floragen-30-capsulas-ifigen\" class=\"more-link\">Continue reading<span class=\"screen-reader-text\"> &#8220;Floragen 30 c\u00e1psulas Ifigen&#8221;<\/span><\/a><\/p>\n","protected":false},"featured_media":6914,"comment_status":"open","ping_status":"closed","template":"","meta":{"_joinchat":[]},"product_brand":[],"product_cat":[128,126],"product_tag":[],"class_list":{"0":"post-6913","1":"product","2":"type-product","3":"status-publish","4":"has-post-thumbnail","6":"product_cat-fitoterapia-capsulas-y-comprimidos","7":"product_cat-suplementos-naturales","9":"first","10":"instock","11":"taxable","12":"shipping-taxable","13":"purchasable","14":"product-type-simple"},"_links":{"self":[{"href":"https:\/\/www.naturclic.com\/index.php?rest_route=\/wp\/v2\/product\/6913","targetHints":{"allow":["GET"]}}],"collection":[{"href":"https:\/\/www.naturclic.com\/index.php?rest_route=\/wp\/v2\/product"}],"about":[{"href":"https:\/\/www.naturclic.com\/index.php?rest_route=\/wp\/v2\/types\/product"}],"replies":[{"embeddable":true,"href":"https:\/\/www.naturclic.com\/index.php?rest_route=%2Fwp%2Fv2%2Fcomments&post=6913"}],"wp:featuredmedia":[{"embeddable":true,"href":"https:\/\/www.naturclic.com\/index.php?rest_route=\/wp\/v2\/media\/6914"}],"wp:attachment":[{"href":"https:\/\/www.naturclic.com\/index.php?rest_route=%2Fwp%2Fv2%2Fmedia&parent=6913"}],"wp:term":[{"taxonomy":"product_brand","embeddable":true,"href":"https:\/\/www.naturclic.com\/index.php?rest_route=%2Fwp%2Fv2%2Fproduct_brand&post=6913"},{"taxonomy":"product_cat","embeddable":true,"href":"https:\/\/www.naturclic.com\/index.php?rest_route=%2Fwp%2Fv2%2Fproduct_cat&post=6913"},{"taxonomy":"product_tag","embeddable":true,"href":"https:\/\/www.naturclic.com\/index.php?rest_route=%2Fwp%2Fv2%2Fproduct_tag&post=6913"}],"curies":[{"name":"wp","href":"https:\/\/api.w.org\/{rel}","templated":true}]}}