{"id":6915,"date":"2020-06-02T18:50:24","date_gmt":"2020-06-02T16:50:24","guid":{"rendered":"http:\/\/www.naturclic.com\/?post_type=product&#038;p=6915"},"modified":"2022-02-01T10:20:35","modified_gmt":"2022-02-01T09:20:35","slug":"aceite-de-oregano-liquido-15ml-sura-vitasan","status":"publish","type":"product","link":"https:\/\/www.naturclic.com\/?product=aceite-de-oregano-liquido-15ml-sura-vitasan","title":{"rendered":"Aceite de Or\u00e9gano liquido 15ml Sura Vitasan"},"content":{"rendered":"<div class=\"uk-first-column\">\n<div class=\"uk-card uk-card-small\">\n<h3 class=\"uk-card-title\">F\u00f3rmula<\/h3>\n<div class=\"uk-card-body\">\n<div class=\"uk-overflow-auto\">\n<p>Aceite de or\u00e9gano<\/p>\n<table class=\"uk-table uk-table-divider\" border=\"0\" cellspacing=\"0\" cellpadding=\"0\">\n<tbody>\n<tr>\n<td colspan=\"3\"><strong>Ingredientes:\u00a0<\/strong>aceite de oliva (<em>Olea europea<\/em>), aceite de or\u00e9gano (<em>Origanum minutiflorum<\/em>).<\/td>\n<\/tr>\n<tr>\n<td valign=\"bottom\"><strong>Informaci\u00f3n nutricional:<\/strong><\/td>\n<td valign=\"bottom\">\n<p align=\"right\"><strong>3 gotas<\/strong><\/p>\n<\/td>\n<td valign=\"bottom\"><strong>(0,087 ml)<\/strong><\/td>\n<\/tr>\n<\/tbody>\n<\/table>\n<\/div>\n<\/div>\n<\/div>\n<\/div>\n<div class=\"uk-grid-margin uk-first-column\">\n<div class=\"uk-card uk-card-small\">\n<h3 class=\"uk-card-title\">Advertencias<\/h3>\n<div class=\"uk-card-body\">No<\/div>\n<\/div>\n<\/div>\n<div class=\"uk-grid-margin uk-first-column\">\n<div class=\"uk-card uk-card-small\">\n<h3 class=\"uk-card-title\">Dosis recomendada<\/h3>\n<div class=\"uk-card-body\">\n<p>3 gotas en un poco de agua o zumo (30 ml) y mantener bajo la lengua unos minutos o hacer g\u00e1rgaras y despu\u00e9s tragar. Se puede repetir la administracio\u0301n hasta 8 veces al di\u0301a espaciando las tomas o seguir las recomendaciones de un profesional de la salud. Para su aplicacio\u0301n to\u0301pica se recomienda mezclar con un aceite vegetal portador.\u00a0No superar la dosis diaria recomendada.<\/p>\n<\/div>\n<\/div>\n<\/div>\n<div class=\"uk-grid-margin uk-first-column\">\n<div class=\"uk-card uk-card-small\">\n<h3 class=\"uk-card-title\">Indicaciones y usos<\/h3>\n<div class=\"uk-card-body\">\n<p>El aceite de or\u00e9gano puede ser de gran ayuda para tratar infecciones por bacterias y virus. Act\u00faa como potente estimulante inmunitario lo que unido a su acci\u00f3n antiv\u00edrica explica por qu\u00e9 se viene usando con muy buenos resultados para prevenir y tratar infecciones de las v\u00edas respiratorias en general, catarros, resfriados y gripes. Es efectivo incluso cuando ya han aparecido los primeros s\u00edntomas. Y si la afecci\u00f3n es de garganta, resultar\u00e1 de gran ayuda hacer g\u00e1rgaras con el aceite de or\u00e9gano mezclado con agua.Act\u00faa eficazmente en casos de candidiasis, par\u00e1sitos, verrugas, pie de atleta, picaduras de insecto y calenturas.Tambi\u00e9n puede tener efectos positivos sobre problemas gastrointestinales. Su efecto estimulante de la secreci\u00f3n de bilis y enzimas apoya y mejora la funci\u00f3n digestiva y junto con sus propiedades antis\u00e9pticas, antif\u00fangicas y antiparasitarias impiden as\u00ed la proliferaci\u00f3n de organismos pat\u00f3genos en el tracto gastrointestinal. Otros usos muy pr\u00e1cticos: para combatir la caspa y la seborrea causadas por una infecci\u00f3n de hongos en el cuero cabelludo (mezclar unas gotas con el champ\u00fa). Para mejorar o mantener la higiene bucal y combatir las infeccione<\/p>\n<\/div>\n<\/div>\n<\/div>\n","protected":false},"excerpt":{"rendered":"<p>F\u00f3rmula Aceite de or\u00e9gano Ingredientes:\u00a0aceite de oliva (Olea europea), aceite de or\u00e9gano (Origanum minutiflorum). Informaci\u00f3n nutricional: 3 gotas (0,087 ml) Advertencias No Dosis recomendada 3 gotas en un poco de agua o zumo (30 ml) y mantener bajo la lengua unos minutos o hacer g\u00e1rgaras y despu\u00e9s tragar. Se puede repetir la administracio\u0301n hasta 8 &hellip; <\/p>\n<p class=\"link-more\"><a href=\"https:\/\/www.naturclic.com\/?product=aceite-de-oregano-liquido-15ml-sura-vitasan\" class=\"more-link\">Continue reading<span class=\"screen-reader-text\"> &#8220;Aceite de Or\u00e9gano liquido 15ml Sura Vitasan&#8221;<\/span><\/a><\/p>\n","protected":false},"featured_media":6916,"comment_status":"open","ping_status":"closed","template":"","meta":{"_joinchat":[]},"product_brand":[],"product_cat":[129,126],"product_tag":[],"class_list":{"0":"post-6915","1":"product","2":"type-product","3":"status-publish","4":"has-post-thumbnail","6":"product_cat-fitoterapia-extracto-liquido","7":"product_cat-suplementos-naturales","9":"first","10":"instock","11":"taxable","12":"shipping-taxable","13":"purchasable","14":"product-type-simple"},"_links":{"self":[{"href":"https:\/\/www.naturclic.com\/index.php?rest_route=\/wp\/v2\/product\/6915","targetHints":{"allow":["GET"]}}],"collection":[{"href":"https:\/\/www.naturclic.com\/index.php?rest_route=\/wp\/v2\/product"}],"about":[{"href":"https:\/\/www.naturclic.com\/index.php?rest_route=\/wp\/v2\/types\/product"}],"replies":[{"embeddable":true,"href":"https:\/\/www.naturclic.com\/index.php?rest_route=%2Fwp%2Fv2%2Fcomments&post=6915"}],"wp:featuredmedia":[{"embeddable":true,"href":"https:\/\/www.naturclic.com\/index.php?rest_route=\/wp\/v2\/media\/6916"}],"wp:attachment":[{"href":"https:\/\/www.naturclic.com\/index.php?rest_route=%2Fwp%2Fv2%2Fmedia&parent=6915"}],"wp:term":[{"taxonomy":"product_brand","embeddable":true,"href":"https:\/\/www.naturclic.com\/index.php?rest_route=%2Fwp%2Fv2%2Fproduct_brand&post=6915"},{"taxonomy":"product_cat","embeddable":true,"href":"https:\/\/www.naturclic.com\/index.php?rest_route=%2Fwp%2Fv2%2Fproduct_cat&post=6915"},{"taxonomy":"product_tag","embeddable":true,"href":"https:\/\/www.naturclic.com\/index.php?rest_route=%2Fwp%2Fv2%2Fproduct_tag&post=6915"}],"curies":[{"name":"wp","href":"https:\/\/api.w.org\/{rel}","templated":true}]}}