{"id":6918,"date":"2020-06-05T06:46:17","date_gmt":"2020-06-05T04:46:17","guid":{"rendered":"http:\/\/www.naturclic.com\/?post_type=product&#038;p=6918"},"modified":"2024-08-09T16:37:38","modified_gmt":"2024-08-09T14:37:38","slug":"lapacho-pau-darco-100-capsulas-sura-vitasan","status":"publish","type":"product","link":"https:\/\/www.naturclic.com\/?product=lapacho-pau-darco-100-capsulas-sura-vitasan","title":{"rendered":"Lapacho pau d&#8217;arco 100 c\u00e1psulas Sura Vitasan"},"content":{"rendered":"<p>F\u00f3rmula<br \/>\nIngredientes: corteza de lapacho-Pau d\u2019arco (Tabebuia heptaphylla), antiaglomerante (estearato de magnesio vegetal), c\u00e1psula vegetal (agente de recubrimiento: hidroxipropilmetilcelulosa; humectante: agua purificada).<br \/>\nInformaci\u00f3n nutricional:<br \/>\n1 c\u00e1p (600 mg)<br \/>\nLapacho-Pau d\u2019arco (Tabebuia heptaphylla) (100% corteza) 500 mg<br \/>\nDe recolecci\u00f3n silvestre<\/p>\n<p>Advertencias<br \/>\nSe recomienda no tomar durante el embarazo y consultar con el profesional antes de tomar este producto si est\u00e1 en tratamiento con medicaci\u00f3n (anticoagulantes), o presenta unas condiciones m\u00e9dicas especiales.<br \/>\nDosis recomendada<br \/>\nComo complemento alimenticio se sugiere tomar de 1 a 2 c\u00e1psulas con agua o zumo 1 \u00f3 2 veces al d\u00eda o seguir las indicaciones de un especialista.<br \/>\nIndicaciones y usos<br \/>\nTradicionalmente el Lapacho o pau D\u2019Arco ha sido utilizado para combatir diversas afecciones como: catarro, fiebre, faringitis, anginas, alergias, infecciones causadas por hongos y bacterias, colitis, disenter\u00eda, \u00falceras, artritis y reumatismo. Diversos estudios demuestran los efectos beneficiosos del Lapacho o Pau d\u2019Arco en el tratamiento de candidiasis y como importante fortalecedor y protector del sistema inmunitario.<\/p>\n","protected":false},"excerpt":{"rendered":"<p>El Lapacho o Pau D\u2019Arco es la corteza interna del \u00e1rbol del mismo nombre. Este \u00e1rbol crece en las selvas de Sur Am\u00e9rica, sobre todo en Brasil.<br \/>\nEl Lapacho o Pau D\u2019Arco tiene un alto contenido en lapachol, un agente antibacteriano natural que ha demostrado tener importantes efectos anti-c\u00e1ndida.<br \/>\nEl Lapacho o Pau D\u2019Arco, se ha venido utilizando desde la antig\u00fcedad por los indios de Brasil con fines medicinales.<br \/>\nTiene propiedades antiinflamatorias, antif\u00fangicas, antibacterianas y antiparasitarias y es muy conocido por sus efectos beneficiosos sobre el sistema inmunitario.<br \/>\nLAPACHO-PAU D\u00b4ARCO: contiene varios compuestos con actividad antif\u00fangica, antibacteriana y antiparasitaria como el lapachol, xyloidona y naftoquinonas. Se han observado resultados muy positivos en el tratamiento y prevenci\u00f3n de candidiasis (1-7). Compuestos que contiene el Pau d&#8217;Arco se excretan a trav\u00e9s de la piel, donde forma una barrera natural que inactiva los microorganismos poco despu\u00e9s de que entren en contacto con la piel. En las membranas mucosas del tracto gastrointestinal sucede lo mismo, por lo que se evita la penetraci\u00f3n de par\u00e1sitos (8).<br \/>\nEstudios in vitro muestran una inhibici\u00f3n clara y potente de los radicales libres y sustancias inflamatorias (por ejemplo, leucotrienos) por las sustancias del Pau d&#8217;Arco. Puede ser de utilidad en enfermedades inflamatorias como la artritis, pasoriasis, dermatitis, etc. (9-15).<br \/>\nTambi\u00e9n es conocido por sus propiedades para reforzar el sistema inmunitario (16-18) y sus propiedades antitumorales (19-24)<\/p>\n","protected":false},"featured_media":6919,"comment_status":"open","ping_status":"closed","template":"","meta":{"_joinchat":[]},"product_brand":[],"product_cat":[128,127,126],"product_tag":[],"class_list":{"0":"post-6918","1":"product","2":"type-product","3":"status-publish","4":"has-post-thumbnail","6":"product_cat-fitoterapia-capsulas-y-comprimidos","7":"product_cat-nutricion-ortomolecular","8":"product_cat-suplementos-naturales","10":"first","11":"instock","12":"taxable","13":"shipping-taxable","14":"purchasable","15":"product-type-simple"},"_links":{"self":[{"href":"https:\/\/www.naturclic.com\/index.php?rest_route=\/wp\/v2\/product\/6918","targetHints":{"allow":["GET"]}}],"collection":[{"href":"https:\/\/www.naturclic.com\/index.php?rest_route=\/wp\/v2\/product"}],"about":[{"href":"https:\/\/www.naturclic.com\/index.php?rest_route=\/wp\/v2\/types\/product"}],"replies":[{"embeddable":true,"href":"https:\/\/www.naturclic.com\/index.php?rest_route=%2Fwp%2Fv2%2Fcomments&post=6918"}],"wp:featuredmedia":[{"embeddable":true,"href":"https:\/\/www.naturclic.com\/index.php?rest_route=\/wp\/v2\/media\/6919"}],"wp:attachment":[{"href":"https:\/\/www.naturclic.com\/index.php?rest_route=%2Fwp%2Fv2%2Fmedia&parent=6918"}],"wp:term":[{"taxonomy":"product_brand","embeddable":true,"href":"https:\/\/www.naturclic.com\/index.php?rest_route=%2Fwp%2Fv2%2Fproduct_brand&post=6918"},{"taxonomy":"product_cat","embeddable":true,"href":"https:\/\/www.naturclic.com\/index.php?rest_route=%2Fwp%2Fv2%2Fproduct_cat&post=6918"},{"taxonomy":"product_tag","embeddable":true,"href":"https:\/\/www.naturclic.com\/index.php?rest_route=%2Fwp%2Fv2%2Fproduct_tag&post=6918"}],"curies":[{"name":"wp","href":"https:\/\/api.w.org\/{rel}","templated":true}]}}