{"id":6923,"date":"2020-06-05T06:54:46","date_gmt":"2020-06-05T04:54:46","guid":{"rendered":"http:\/\/www.naturclic.com\/?post_type=product&#038;p=6923"},"modified":"2024-08-09T16:39:35","modified_gmt":"2024-08-09T14:39:35","slug":"m-s-m-90-capsulas-sura-vitasan","status":"publish","type":"product","link":"https:\/\/www.naturclic.com\/?product=m-s-m-90-capsulas-sura-vitasan","title":{"rendered":"M.S.M. 90 c\u00e1psulas Sura Vitasan"},"content":{"rendered":"<p>F\u00f3rmula<br \/>\nIngredientes: metilsulfonilmetano, antiaglomerantes: estearato de magnesio vegetal y di\u00f3xido de silicio, c\u00e1psula vegetal (agente de recubrimiento: hidroxipropilmetilcelulosa; humectante: agua purificada).<br \/>\nInformaci\u00f3n nutricional:<\/p>\n<p>1 c\u00e1p (989 mg)<br \/>\n2 c\u00e1p (1.978 mg)<br \/>\nM.S.M. (metilsulfonilmetano) 850 mg<br \/>\n1.700 mg<br \/>\n<strong>Advertencias<\/strong><br \/>\nNo<br \/>\n<strong>Dosis recomendada<\/strong><br \/>\nComo complemento alimenticio se sugiere tomar de 1 a 2 c\u00e1psulas al d\u00eda con comida.<br \/>\nIndicaciones y usos<br \/>\nGracias a sus propiedades analg\u00e9sicas, antiinflamatorias, como relajante muscular, protector y reparador de articulaciones, ligamentos y tendones y activador de la circulaci\u00f3n, puede ser de ayuda en los siguientes procesos: Osteoartritis .Dolor de cabeza por tensi\u00f3n. Artritis reumatoide .Fibromialgia. Dermoesclerosis. Dolor de espalda. Herpes zoster. Sinovitis. Torceduras. Distorsiones. S\u00edndrome del t\u00fanel carpal. Dolencias de los m\u00fasculos del esqueleto. Enfermedades inflamatorias del intestino. Tendovaginitis. Dolores e inflamaciones postraum\u00e1ticas. Rinitis al\u00e9rgica (M.S.M. bloquea el alojamiento de la histamina en la mucosa nasal\/ pituitaria)<\/p>\n<p><strong>Detalles<\/strong><br \/>\nM.S.M. (Metil-Sulfonil-Metano) es una mol\u00e9cula del azufre presente tanto en la atm\u00f3sfera como en las plantas y en el organismo animal y humano. El azufre es imprescindible para un sano funcionamiento de nuestro organismo. Participa determinantemente en la formaci\u00f3n del tejido conectivo, sobre todo de aqu\u00e9l con un alto porcentaje en prote\u00ednas (gl\u00f3bulos rojos, m\u00fasculos, piel, pelo, u\u00f1as), es parte imprescindible de enzimas, contribuye a procesos de desintoxicaci\u00f3n y protege el protoplasma de las c\u00e9lulas frente a sustancias t\u00f3xicas.<\/p>\n","protected":false},"excerpt":{"rendered":"<p>M.S.M. es un complemento alimenticio a base de metil-sulfonil-metano como fuente natural de azufre. Cada c\u00e1psula aporta 850 mg de MSM. El azufre es imprescindible para el funcionamiento de nuestro organismo. Participa en la formaci\u00f3n y la flexibilidad del tejido conectivo, sobre todo de aquel con un alto porcentaje en prote\u00ednas (gl\u00f3bulos rojos, m\u00fasculos, piel, pelo, u\u00f1as), es parte imprescindible de enzimas y protege el protoplasma de las c\u00e9lulas frente a sustancias t\u00f3xicas.<\/p>\n","protected":false},"featured_media":6924,"comment_status":"open","ping_status":"closed","template":"","meta":{"_joinchat":[]},"product_brand":[],"product_cat":[136,127,126],"product_tag":[223],"class_list":{"0":"post-6923","1":"product","2":"type-product","3":"status-publish","4":"has-post-thumbnail","6":"product_cat-dolor-lesiones","7":"product_cat-nutricion-ortomolecular","8":"product_cat-suplementos-naturales","9":"product_tag-msm","11":"first","12":"instock","13":"taxable","14":"shipping-taxable","15":"purchasable","16":"product-type-simple"},"_links":{"self":[{"href":"https:\/\/www.naturclic.com\/index.php?rest_route=\/wp\/v2\/product\/6923","targetHints":{"allow":["GET"]}}],"collection":[{"href":"https:\/\/www.naturclic.com\/index.php?rest_route=\/wp\/v2\/product"}],"about":[{"href":"https:\/\/www.naturclic.com\/index.php?rest_route=\/wp\/v2\/types\/product"}],"replies":[{"embeddable":true,"href":"https:\/\/www.naturclic.com\/index.php?rest_route=%2Fwp%2Fv2%2Fcomments&post=6923"}],"wp:featuredmedia":[{"embeddable":true,"href":"https:\/\/www.naturclic.com\/index.php?rest_route=\/wp\/v2\/media\/6924"}],"wp:attachment":[{"href":"https:\/\/www.naturclic.com\/index.php?rest_route=%2Fwp%2Fv2%2Fmedia&parent=6923"}],"wp:term":[{"taxonomy":"product_brand","embeddable":true,"href":"https:\/\/www.naturclic.com\/index.php?rest_route=%2Fwp%2Fv2%2Fproduct_brand&post=6923"},{"taxonomy":"product_cat","embeddable":true,"href":"https:\/\/www.naturclic.com\/index.php?rest_route=%2Fwp%2Fv2%2Fproduct_cat&post=6923"},{"taxonomy":"product_tag","embeddable":true,"href":"https:\/\/www.naturclic.com\/index.php?rest_route=%2Fwp%2Fv2%2Fproduct_tag&post=6923"}],"curies":[{"name":"wp","href":"https:\/\/api.w.org\/{rel}","templated":true}]}}