{"id":6925,"date":"2020-06-05T06:59:10","date_gmt":"2020-06-05T04:59:10","guid":{"rendered":"http:\/\/www.naturclic.com\/?post_type=product&#038;p=6925"},"modified":"2024-08-09T16:14:56","modified_gmt":"2024-08-09T14:14:56","slug":"chlorella-60-capsulas-sura-vitasan","status":"publish","type":"product","link":"https:\/\/www.naturclic.com\/?product=chlorella-60-capsulas-sura-vitasan","title":{"rendered":"Chlorella 60 c\u00e1psulas Sura Vitasan"},"content":{"rendered":"<p><strong>F\u00f3rmula<\/strong><br \/>\nIngredientes: microalga chlorella (Chlorella vulgaris), c\u00e1psula vegetal (agente de recubrimiento: celulosa vegetal; humectante: agua purificada).<br \/>\nInformaci\u00f3n nutricional:<br \/>\n4 c\u00e1p. 6 c\u00e1p. 9 c\u00e1p. Chlorella 1.820 mg 2.730 mg 4.095 mg<br \/>\nMicroalga verde de pared celular rota (de cultivo org\u00e1nico), no irradiada.<br \/>\n<strong>Advertencias<\/strong><br \/>\nEn caso de embarazo o lactancia consultar con el profesional.<br \/>\n<strong>Dosis recomendada<\/strong><br \/>\nComo complemento alimenticio se sugiere tomar de 2 \u00f3 3 c\u00e1psulas, 2-3 veces al d\u00eda con abundante agua o seguir las indicaciones de un especialista.<br \/>\nIndicaciones y usos<br \/>\nCHLORELLA ayuda al organismo en los procesos de desintoxicaci\u00f3n y depuraci\u00f3n. Se utiliza en programas de eliminaci\u00f3n de metales pesados (mercurio, cadmio, plomo, etc.).Se utiliza como antioxidante, especialmente en casos de consumo excesivo de alcohol, tabaco y toma de laxantes sint\u00e9ticos. En casos de estr\u00e9s. Como energetizante. Complemento muy importante en dietas vegetarianas.<br \/>\n<strong>Detalles<\/strong><br \/>\nla chlorella es una microalga verde unicelular muy rica en nutrientes importantes. El alto contenido en clorofila, vitaminas (entre otras: Beta-Caroteno, B1, B2, B12, Biotina, Niacina, C y E), minerales, prote\u00ednas y amino\u00e1cidos de forma concentrada hacen de esta alga un valioso suplemento para la dieta. Las prote\u00ednas y los amino\u00e1cidos juegan un importante papel en el fortalecimiento y buen estado del sistema inmunitario, as\u00ed como del sistema nervioso.<br \/>\nCHLORELLA: la chlorella org\u00e1nica certificada de Sura Vitasan es una excelente fuente de vitaminas, minerales, amino\u00e1cidos, prote\u00ednas y nutrientes esenciales. La chlorella de SuraVitasan, de color verde oscuro y de c\u00e9lulas rotas, est\u00e1 molida para obtener la m\u00e1xima digestibilidad.<\/p>\n","protected":false},"excerpt":{"rendered":"<p>Chlorella 100% pura, cultivada en estaques controlados libre de contaminantes y altamente digerible para una \u00f3ptima asimilaci\u00f3n de sus nutrientes. Se trata de una microalga verde unicelular que aporta una amplia gama de nutrientes esenciales. Destaca por su alto contenido en clorofila, vitaminas (Beta-caroteno, B1, B2, B5, B12, Biotina, Niacina, C y E, entre otras) minerales (sodio, cloro, potasio, f\u00f3sforo, magnesio, hierro&#8230;), fibra y prote\u00ednas que pueden considerarse de alto valor biol\u00f3gico, ya que son interesantes por su alta composici\u00f3n en amino\u00e1cidos esenciales, haciendo de esta alga un valioso suplemento para nuestra dieta.<\/p>\n","protected":false},"featured_media":6926,"comment_status":"open","ping_status":"closed","template":"","meta":{"_joinchat":[]},"product_brand":[],"product_cat":[128,127,126],"product_tag":[],"class_list":{"0":"post-6925","1":"product","2":"type-product","3":"status-publish","4":"has-post-thumbnail","6":"product_cat-fitoterapia-capsulas-y-comprimidos","7":"product_cat-nutricion-ortomolecular","8":"product_cat-suplementos-naturales","10":"first","11":"instock","12":"taxable","13":"shipping-taxable","14":"purchasable","15":"product-type-simple"},"_links":{"self":[{"href":"https:\/\/www.naturclic.com\/index.php?rest_route=\/wp\/v2\/product\/6925","targetHints":{"allow":["GET"]}}],"collection":[{"href":"https:\/\/www.naturclic.com\/index.php?rest_route=\/wp\/v2\/product"}],"about":[{"href":"https:\/\/www.naturclic.com\/index.php?rest_route=\/wp\/v2\/types\/product"}],"replies":[{"embeddable":true,"href":"https:\/\/www.naturclic.com\/index.php?rest_route=%2Fwp%2Fv2%2Fcomments&post=6925"}],"wp:featuredmedia":[{"embeddable":true,"href":"https:\/\/www.naturclic.com\/index.php?rest_route=\/wp\/v2\/media\/6926"}],"wp:attachment":[{"href":"https:\/\/www.naturclic.com\/index.php?rest_route=%2Fwp%2Fv2%2Fmedia&parent=6925"}],"wp:term":[{"taxonomy":"product_brand","embeddable":true,"href":"https:\/\/www.naturclic.com\/index.php?rest_route=%2Fwp%2Fv2%2Fproduct_brand&post=6925"},{"taxonomy":"product_cat","embeddable":true,"href":"https:\/\/www.naturclic.com\/index.php?rest_route=%2Fwp%2Fv2%2Fproduct_cat&post=6925"},{"taxonomy":"product_tag","embeddable":true,"href":"https:\/\/www.naturclic.com\/index.php?rest_route=%2Fwp%2Fv2%2Fproduct_tag&post=6925"}],"curies":[{"name":"wp","href":"https:\/\/api.w.org\/{rel}","templated":true}]}}