{"id":6927,"date":"2020-06-05T07:03:29","date_gmt":"2020-06-05T05:03:29","guid":{"rendered":"http:\/\/www.naturclic.com\/?post_type=product&#038;p=6927"},"modified":"2024-08-09T16:16:23","modified_gmt":"2024-08-09T14:16:23","slug":"co-enzyma-q10-retard-60-capsulas-sura-vitasan","status":"publish","type":"product","link":"https:\/\/www.naturclic.com\/?product=co-enzyma-q10-retard-60-capsulas-sura-vitasan","title":{"rendered":"Co-Enzyma Q10 Retard 60 c\u00e1psulas Sura Vitasan"},"content":{"rendered":"<p><strong>F\u00f3rmula<\/strong><br \/>\nIngredientes: Coenzima Q10 (ubiquinona-10), celulosa microcristalina (agente de carga), prote\u00edna de guisante, di\u00f3xido de silicio y estearato de magnesio vegetal (antiaglomerantes), c\u00e1psula vegetal (agente de recubrimiento: celulosa vegetal; humectante: agua purificada).<br \/>\nInformaci\u00f3n nutricional:<br \/>\n2 c\u00e1p (528 mg) Coenzima Q10 (ubiquinona-10) 200 mg<\/p>\n<p>No contiene: Agentes conservantes, arom\u00e1ticos ni colorantes, az\u00facar, leche o sus derivados, almid\u00f3n, trigo, levaduras, c\u00edtricos, soja o huevos.<\/p>\n<p><strong>Advertencias<\/strong><br \/>\nEn caso de embarazo o lactancia consultar con el profesional. Consultar con el profesional antes de tomar este producto si est\u00e1 en tratamiento con medicaci\u00f3n, especialmente con terapia antihipertensiva o anticoagulantes.<br \/>\nDosis recomendada<br \/>\n1 c\u00e1psula dos o tres veces al d\u00eda.<br \/>\nNo superar la dosis diaria recomendada.<br \/>\nIndicaciones y usos<br \/>\nDiferentes estudios han demostrado que CO-ENZYMA Q10 puede ayudar en las siguientes condiciones: Para combatir enfermedades y aumentar la energ\u00eda o para un declive relacionado con la edad en la producci\u00f3n de esta coenzima. Tambi\u00e9n ayuda en des\u00f3rdenes cardiovasculares (incluyendo la hipertensi\u00f3n, angina de pecho y insuficiencia card\u00edaca congestiva) y deterioro de la funci\u00f3n cognitiva y del sistema inmunitario relacionado con la edad. Puede mejorar la memoria y el aprendizaje espacial y afecta positivamente al ejercicio f\u00edsico, disminuyendo el da\u00f1o oxidativo en todas las ocasiones. Potente antioxidante.<br \/>\nLo m\u00e1s destacado<br \/>\nNo<br \/>\nRecomendaci\u00f3n importante<br \/>\nNo<br \/>\n<strong>Detalles<\/strong><br \/>\nLa coenzima Q10, tambi\u00e9n conocida como ubiquinona, es una sustancia similar a las vitaminas, sintetizada por nuestro cuerpo y que juega un papel cr\u00edtico en la producci\u00f3n de energ\u00eda a nivel celular. La s\u00edntesis de esta coenzima a veces se deteriora debido a la dieta, un defecto gen\u00e9tico, la edad o un aumento de necesidades de los tejidos.<br \/>\nCo-Enzima Q10 de liberaci\u00f3n prolongada es una forma altamente biodisponible con una amplia gama de beneficios terap\u00e9uticos con prote\u00edna de guisante, libre de OGM (organismos gen\u00e9ticamente modificados). La prote\u00edna de guisante prolonga la exposici\u00f3n de coenzima Q10 dentro de las vellosidades del intestino delgado. El 90% de los nutrientes son absorbidos por vellosidades intestinales; as\u00ed pues, el tiempo de contacto con la membrana, conduce a un aumento de la concentraci\u00f3n de la coenzima Q10 para una acci\u00f3n terap\u00e9utica sostenida.<\/p>\n","protected":false},"excerpt":{"rendered":"<p>Co-Enzyma Q10 Retard es una emulsi\u00f3n de Coenzima Q10 o ubiquinona (100 mg\/c\u00e1p) y prote\u00edna de guisante, libre de OGM (organismos gen\u00e9ticamente modificados) que aporta una mayor biodisponibilidad.<\/p>\n","protected":false},"featured_media":6928,"comment_status":"open","ping_status":"closed","template":"","meta":{"_joinchat":[]},"product_brand":[],"product_cat":[135,128,127,126],"product_tag":[],"class_list":{"0":"post-6927","1":"product","2":"type-product","3":"status-publish","4":"has-post-thumbnail","6":"product_cat-energeticos","7":"product_cat-fitoterapia-capsulas-y-comprimidos","8":"product_cat-nutricion-ortomolecular","9":"product_cat-suplementos-naturales","11":"first","12":"instock","13":"taxable","14":"shipping-taxable","15":"purchasable","16":"product-type-simple"},"_links":{"self":[{"href":"https:\/\/www.naturclic.com\/index.php?rest_route=\/wp\/v2\/product\/6927","targetHints":{"allow":["GET"]}}],"collection":[{"href":"https:\/\/www.naturclic.com\/index.php?rest_route=\/wp\/v2\/product"}],"about":[{"href":"https:\/\/www.naturclic.com\/index.php?rest_route=\/wp\/v2\/types\/product"}],"replies":[{"embeddable":true,"href":"https:\/\/www.naturclic.com\/index.php?rest_route=%2Fwp%2Fv2%2Fcomments&post=6927"}],"wp:featuredmedia":[{"embeddable":true,"href":"https:\/\/www.naturclic.com\/index.php?rest_route=\/wp\/v2\/media\/6928"}],"wp:attachment":[{"href":"https:\/\/www.naturclic.com\/index.php?rest_route=%2Fwp%2Fv2%2Fmedia&parent=6927"}],"wp:term":[{"taxonomy":"product_brand","embeddable":true,"href":"https:\/\/www.naturclic.com\/index.php?rest_route=%2Fwp%2Fv2%2Fproduct_brand&post=6927"},{"taxonomy":"product_cat","embeddable":true,"href":"https:\/\/www.naturclic.com\/index.php?rest_route=%2Fwp%2Fv2%2Fproduct_cat&post=6927"},{"taxonomy":"product_tag","embeddable":true,"href":"https:\/\/www.naturclic.com\/index.php?rest_route=%2Fwp%2Fv2%2Fproduct_tag&post=6927"}],"curies":[{"name":"wp","href":"https:\/\/api.w.org\/{rel}","templated":true}]}}