{"id":6929,"date":"2020-06-05T07:05:57","date_gmt":"2020-06-05T05:05:57","guid":{"rendered":"http:\/\/www.naturclic.com\/?post_type=product&#038;p=6929"},"modified":"2024-01-07T22:28:48","modified_gmt":"2024-01-07T21:28:48","slug":"co-enzyma-q10-300-mg-30-capsulas-sura-vitasan","status":"publish","type":"product","link":"https:\/\/www.naturclic.com\/?product=co-enzyma-q10-300-mg-30-capsulas-sura-vitasan","title":{"rendered":"Co-Enzyma Q10 300 mg 30 c\u00e1psulas Sura Vitasan"},"content":{"rendered":"<p><strong>F\u00f3rmula<\/strong><br \/>\nIngredientes: coenzima Q10 (ubiquinona-10), agente de carga (celulosa microcristalina), antiaglomerantes (di\u00f3xido de silicio y estearato de magnesio vegetal), c\u00e1psula vegetal (agente de recubrimiento: hidroxipropilmetilcelulosa; humectante: agua purificada)<br \/>\nInformaci\u00f3n nutricional:<br \/>\n1 c\u00e1p Coenzima Q10 (ubiquinona-10) 300 mg<br \/>\n(Proceso de fermentaci\u00f3n bacteriana o de levadura)<\/p>\n<p><strong>Advertencias<\/strong><br \/>\nEn caso de embarazo o lactancia consultar con el profesional. Consultar con el profesional antes de tomar este producto si est\u00e1 en tratamiento con medicaci\u00f3n, especialmente con terapia antihipertensiva o anticoagulantes.<br \/>\n<strong>Dosis recomendada<\/strong><br \/>\n1 c\u00e1psula al d\u00eda. No superar la dosis diaria recomendada.<br \/>\n<strong>Indicaciones y usos<\/strong><br \/>\nDiferentes estudios han demostrado que CO-ENZYMA Q10 puede ayudar en las siguientes condiciones:<br \/>\nDes\u00f3rdenes cardiovasculares (incluyendo la hipertensi\u00f3n, angina de pecho y insuficiencia card\u00edaca congestiva) y deterioro de la funci\u00f3n cognitiva y del sistema inmunitario relacionado con la edad. Puede mejorar la memoria y el aprendizaje espacial y afecta positivamente al ejercicio f\u00edsico, disminuyendo el da\u00f1o oxidativo en todas las ocasiones.<br \/>\nPotente antioxidante.<br \/>\nLo m\u00e1s destacado<br \/>\nNo<br \/>\nRecomendaci\u00f3n importante<br \/>\nNo<br \/>\n<strong>Detalles<\/strong><br \/>\nLa coenzima Q10, tambi\u00e9n conocida como ubiquinona, es una sustancia similar a las vitaminas, sintetizada por nuestro cuerpo y que juega un papel cr\u00edtico en la producci\u00f3n de energ\u00eda a nivel celular. La s\u00edntesis de esta coenzima a veces se deteriora debido a la dieta, un defecto gen\u00e9tico, la edad o un aumento de necesidades de los tejidos.<br \/>\nLa coenzima Q10 es un nutriente esencial para todos los tejidos y \u00f3rganos de nuestro cuerpo, especialmente los que soportan un mayor volumen de trabajo como el h\u00edgado, el coraz\u00f3n y los tejidos musculares.<\/p>\n","protected":false},"excerpt":{"rendered":"<p>La Coenzima Q10 o Ubiquinona es una substancia del tipo vitam\u00ednico que se presenta de forma natural en el organismo. Es un componente indispensable para las mitocondrias, org\u00e1nulos esenciales para la producci\u00f3n de energ\u00eda celular, pero su concentraci\u00f3n end\u00f3gena disminuye con la edad.<\/p>\n","protected":false},"featured_media":6930,"comment_status":"open","ping_status":"closed","template":"","meta":{"_joinchat":[]},"product_brand":[],"product_cat":[135,128,127,126],"product_tag":[],"class_list":{"0":"post-6929","1":"product","2":"type-product","3":"status-publish","4":"has-post-thumbnail","6":"product_cat-energeticos","7":"product_cat-fitoterapia-capsulas-y-comprimidos","8":"product_cat-nutricion-ortomolecular","9":"product_cat-suplementos-naturales","11":"first","12":"instock","13":"taxable","14":"shipping-taxable","15":"purchasable","16":"product-type-simple"},"_links":{"self":[{"href":"https:\/\/www.naturclic.com\/index.php?rest_route=\/wp\/v2\/product\/6929","targetHints":{"allow":["GET"]}}],"collection":[{"href":"https:\/\/www.naturclic.com\/index.php?rest_route=\/wp\/v2\/product"}],"about":[{"href":"https:\/\/www.naturclic.com\/index.php?rest_route=\/wp\/v2\/types\/product"}],"replies":[{"embeddable":true,"href":"https:\/\/www.naturclic.com\/index.php?rest_route=%2Fwp%2Fv2%2Fcomments&post=6929"}],"wp:featuredmedia":[{"embeddable":true,"href":"https:\/\/www.naturclic.com\/index.php?rest_route=\/wp\/v2\/media\/6930"}],"wp:attachment":[{"href":"https:\/\/www.naturclic.com\/index.php?rest_route=%2Fwp%2Fv2%2Fmedia&parent=6929"}],"wp:term":[{"taxonomy":"product_brand","embeddable":true,"href":"https:\/\/www.naturclic.com\/index.php?rest_route=%2Fwp%2Fv2%2Fproduct_brand&post=6929"},{"taxonomy":"product_cat","embeddable":true,"href":"https:\/\/www.naturclic.com\/index.php?rest_route=%2Fwp%2Fv2%2Fproduct_cat&post=6929"},{"taxonomy":"product_tag","embeddable":true,"href":"https:\/\/www.naturclic.com\/index.php?rest_route=%2Fwp%2Fv2%2Fproduct_tag&post=6929"}],"curies":[{"name":"wp","href":"https:\/\/api.w.org\/{rel}","templated":true}]}}