{"id":6931,"date":"2020-06-05T07:10:17","date_gmt":"2020-06-05T05:10:17","guid":{"rendered":"http:\/\/www.naturclic.com\/?post_type=product&#038;p=6931"},"modified":"2024-08-09T16:42:10","modified_gmt":"2024-08-09T14:42:10","slug":"metaldetox-protector-60-capsulas-sura-vitasan","status":"publish","type":"product","link":"https:\/\/www.naturclic.com\/?product=metaldetox-protector-60-capsulas-sura-vitasan","title":{"rendered":"MetalDetox Protector 60 c\u00e1psulas Sura Vitasan"},"content":{"rendered":"<p>F\u00f3rmula<br \/>\nIngredientes: Vitamina C (\u00e1cido asc\u00f3rbico), N\u2011Acetil-L\u2011ciste\u00edna, L\u2011glutati\u00f3n, \u00e1cido DL\u2011alfa\u2011Lipoico, antiaglomerantes: di\u00f3xido de silicio y estearato de magnesio vegetal, c\u00e1psula vegetal (agente de recubrimiento: celulosa vegetal; humectante: agua purificada).<br \/>\nInformaci\u00f3n nutricional:<br \/>\n1 c\u00e1p\u00a0 (610 mg)<br \/>\n\u00c1cido DL\u2011alfa\u2011Lipoico 75mg<\/p>\n<p>L\u2011Glutati\u00f3n 100 mg<\/p>\n<p>N-Acetil-L-ciste\u00edna 125 mg<\/p>\n<p>Vitamina C (\u00e1cido asc\u00f3rbico) 200 mg (250%*)<br \/>\n*VRN: Valor de referencia de nutrientes en %<\/p>\n<p><strong>Advertencias<\/strong><br \/>\nEn caso de embarazo o lactancia consultar con el profesional. Consultar con el profesional antes de tomar este producto si est\u00e1 en tratamiento con medicaci\u00f3n, y para<br \/>\nun uso mayor a 6 meses. Si usted est\u00e1 recibiendo tratamiento con f\u00e1rmacos hipoglucemiantes ante la posibilidad de utilizar el producto, acuda al m\u00e9dico.<br \/>\n<strong>Dosis recomendada<\/strong><br \/>\n1-2 c\u00e1psulas al d\u00eda.<br \/>\nNo superar la dosis diaria recomendada.<br \/>\nIndicaciones y usos<br \/>\nDiferentes estudios han demostrado que MetalDetox es de ayuda en los procesos de desintoxicaci\u00f3n de metales pesados.<br \/>\nLo m\u00e1s destacado<br \/>\nNo<br \/>\nRecomendaci\u00f3n importante<br \/>\nNo<br \/>\n<strong>Detalles<\/strong><br \/>\nMetalDetox es una f\u00f3rmula multiantioxidante que por sus propiedades antioxidantes y la capacidad de quelar los metales pesados, puede ser de gran ayuda en los procesos de desintoxicaci\u00f3n y eliminaci\u00f3n de \u00e9stos del organismo.<br \/>\nEstos metales pesados incluyen aluminio, mercurio, cadmio, plomo y ars\u00e9nico. Nos vemos expuestos a ellos a trav\u00e9s de la contaminaci\u00f3n ambiental, empastes dentales, pesticidas, cosm\u00e9ticos, utensilios de cocina, sustancias qu\u00edmicas que se encuentran en el agua del grifo y algunos productos alimenticios.<br \/>\nEsta contaminaci\u00f3n afecta negativamente al organismo haciendo que aparezcan diversos s\u00edntomas y molestias. Combatir los radicales libres, quelar los metales pesados para facilitar su expulsi\u00f3n del organismo y apoyar la funci\u00f3n hep\u00e1tica en el proceso de limpieza es vital.<\/p>\n","protected":false},"excerpt":{"rendered":"<p>Metal Detox Protector es un complemento alimenticio a base de \u00e1cido alfa lip\u00f3ico, L-glutati\u00f3n, N-Acetil-Ciste\u00edna y Vitamina C.<br \/>\nDeclaraciones saludables (Reglamento UE N\u00ba 432\/2012): La vitamina C contribuye a la protecci\u00f3n de las c\u00e9lulas frente al da\u00f1o oxidativo, al funcionamiento normal del sistema inmunitario, al metabolismo energ\u00e9tico normal y ayuda a disminuir el cansancio y la fatiga.<\/p>\n","protected":false},"featured_media":6932,"comment_status":"open","ping_status":"closed","template":"","meta":{"_joinchat":[]},"product_brand":[],"product_cat":[128,127,126],"product_tag":[],"class_list":{"0":"post-6931","1":"product","2":"type-product","3":"status-publish","4":"has-post-thumbnail","6":"product_cat-fitoterapia-capsulas-y-comprimidos","7":"product_cat-nutricion-ortomolecular","8":"product_cat-suplementos-naturales","10":"first","11":"instock","12":"taxable","13":"shipping-taxable","14":"purchasable","15":"product-type-simple"},"_links":{"self":[{"href":"https:\/\/www.naturclic.com\/index.php?rest_route=\/wp\/v2\/product\/6931","targetHints":{"allow":["GET"]}}],"collection":[{"href":"https:\/\/www.naturclic.com\/index.php?rest_route=\/wp\/v2\/product"}],"about":[{"href":"https:\/\/www.naturclic.com\/index.php?rest_route=\/wp\/v2\/types\/product"}],"replies":[{"embeddable":true,"href":"https:\/\/www.naturclic.com\/index.php?rest_route=%2Fwp%2Fv2%2Fcomments&post=6931"}],"wp:featuredmedia":[{"embeddable":true,"href":"https:\/\/www.naturclic.com\/index.php?rest_route=\/wp\/v2\/media\/6932"}],"wp:attachment":[{"href":"https:\/\/www.naturclic.com\/index.php?rest_route=%2Fwp%2Fv2%2Fmedia&parent=6931"}],"wp:term":[{"taxonomy":"product_brand","embeddable":true,"href":"https:\/\/www.naturclic.com\/index.php?rest_route=%2Fwp%2Fv2%2Fproduct_brand&post=6931"},{"taxonomy":"product_cat","embeddable":true,"href":"https:\/\/www.naturclic.com\/index.php?rest_route=%2Fwp%2Fv2%2Fproduct_cat&post=6931"},{"taxonomy":"product_tag","embeddable":true,"href":"https:\/\/www.naturclic.com\/index.php?rest_route=%2Fwp%2Fv2%2Fproduct_tag&post=6931"}],"curies":[{"name":"wp","href":"https:\/\/api.w.org\/{rel}","templated":true}]}}