{"id":6933,"date":"2020-06-05T07:13:33","date_gmt":"2020-06-05T05:13:33","guid":{"rendered":"http:\/\/www.naturclic.com\/?post_type=product&#038;p=6933"},"modified":"2024-08-08T13:25:49","modified_gmt":"2024-08-08T11:25:49","slug":"alpha-lipoico-r-60-capsulas-sura-vitasan","status":"publish","type":"product","link":"https:\/\/www.naturclic.com\/?product=alpha-lipoico-r-60-capsulas-sura-vitasan","title":{"rendered":"Alpha Lipoico R+ 60 c\u00e1psulas Sura Vitasan"},"content":{"rendered":"<p><strong>F\u00f3rmula<\/strong><br \/>\nIngredientes: agente de carga (celulosa microcristalina), \u00e1cido R-alfa lipoico (\u00e1cido R-(+)- 1,2-ditiolan-3- pentanoico), antiaglomerantes (estearato de magnesio vegetal y di\u00f3xido de silicio), c\u00e1psula vegetal (agente de recubrimiento: hidroxipropilmetilcelulosa; humectante: agua purificada).<br \/>\nInformaci\u00f3n nutricional:<br \/>\n1 c\u00e1p (502 mg) \u00c1cido R-Alfa Lipoico 150 mg<br \/>\n<strong>Advertencias<\/strong><br \/>\nSi usted est\u00e1 recibiendo tratamiento con f\u00e1rmacos hipoglucemiantes ante la posibildad de utilizar el producto, acuda al m\u00e9dico.<\/p>\n<p><strong>Dosis recomendada<\/strong><br \/>\n1 c\u00e1psula al d\u00eda con comida o seguir las indicaciones de un profesional de la salud.<\/p>\n<p><strong>Indicaciones y usos<\/strong><br \/>\nEn diversos estudios se ha visto que el \u00c1cido Alpha Lip\u00f3ico protege contra los efectos t\u00f3xicos de los metales pesados en el h\u00edgado.<br \/>\nDesintoxica y protege el h\u00edgado y es de gran ayuda en casos de hepatitis.<br \/>\nLa suplementaci\u00f3n de \u00c1cido Alpha Lip\u00f3ico puede mejorar el estado f\u00edsico especialmente bajo condiciones de estr\u00e9s. Es apropiada en cualquier caso que se requiera aumentar la energ\u00eda, esto incluye; energ\u00eda para el cerebro, soporte para los atletas y vitalidad en general.<br \/>\nLo m\u00e1s destacado<br \/>\nNo<br \/>\nRecomendaci\u00f3n importante<br \/>\nNo<br \/>\n<strong>Detalles<\/strong><br \/>\nEl \u00e1cido alfa lip\u00f3ico es un nutriente del tipo de las vitaminas y aunque se produce en el cuerpo en peque\u00f1as cantidades, no siempre producimos las cantidades necesarias.<br \/>\nEl \u00e1cido alfa lip\u00f3ico est\u00e1 relacionado con el ciclo de Krebs y la producci\u00f3n de energ\u00eda celular que necesita nuestro cuerpo para un funcionamiento \u00f3ptimo.<br \/>\nEl \u00e1cido alfa lip\u00f3ico se considera un excelente antioxidante con la particularidad de que es soluble en agua y en grasa. Tiene efectos muy positivos en la protecci\u00f3n y desintoxicaci\u00f3n del h\u00edgado ya que estimula la producci\u00f3n de la enzima glutatione la cual act\u00faa como protector celular y desintoxicador. Tambi\u00e9n aporta beneficios en las personas diab\u00e9ticas ya que puede mejorar el metabolismo del az\u00facar en la sangre.<\/p>\n","protected":false},"excerpt":{"rendered":"<p>Alpha-Lipoico R+ contiene 150 mg de \u00e1cido R(+)-lip\u00f3ico por c\u00e1psula. La mayor parte de los suplementos alimenticios de \u00e1cido alfa lip\u00f3ico son una mezcla 50\/50 del \u00e1cido R(+)-lip\u00f3ico natural y el \u00e1cido S(-)-lip\u00f3ico sint\u00e9tico; esta mezcla se denominan &#8220;mezcla rac\u00e9mica&#8221; o &#8220;racemato\u201d. En algunos casos el \u00e1cido S(-)-lip\u00f3ico es simplemente menos eficaz que el \u00e1cido R(+)-lip\u00f3ico, pero en otros casos, la forma S(-)act\u00faa en realidad en oposici\u00f3n a la actividad del \u00e1cido \u00e1cido R(+)-lip\u00f3ico. En la naturaleza s\u00f3lo existe la forma R(+); la cual es un cofactor esencial de cuatro complejos enzim\u00e1ticos mitocondriales, y la \u00fanica forma que nuestro cuerpo puede sintetizar.<\/p>\n","protected":false},"featured_media":6934,"comment_status":"open","ping_status":"closed","template":"","meta":{"_joinchat":[]},"product_brand":[],"product_cat":[128,127,126],"product_tag":[],"class_list":{"0":"post-6933","1":"product","2":"type-product","3":"status-publish","4":"has-post-thumbnail","6":"product_cat-fitoterapia-capsulas-y-comprimidos","7":"product_cat-nutricion-ortomolecular","8":"product_cat-suplementos-naturales","10":"first","11":"instock","12":"taxable","13":"shipping-taxable","14":"purchasable","15":"product-type-simple"},"_links":{"self":[{"href":"https:\/\/www.naturclic.com\/index.php?rest_route=\/wp\/v2\/product\/6933","targetHints":{"allow":["GET"]}}],"collection":[{"href":"https:\/\/www.naturclic.com\/index.php?rest_route=\/wp\/v2\/product"}],"about":[{"href":"https:\/\/www.naturclic.com\/index.php?rest_route=\/wp\/v2\/types\/product"}],"replies":[{"embeddable":true,"href":"https:\/\/www.naturclic.com\/index.php?rest_route=%2Fwp%2Fv2%2Fcomments&post=6933"}],"wp:featuredmedia":[{"embeddable":true,"href":"https:\/\/www.naturclic.com\/index.php?rest_route=\/wp\/v2\/media\/6934"}],"wp:attachment":[{"href":"https:\/\/www.naturclic.com\/index.php?rest_route=%2Fwp%2Fv2%2Fmedia&parent=6933"}],"wp:term":[{"taxonomy":"product_brand","embeddable":true,"href":"https:\/\/www.naturclic.com\/index.php?rest_route=%2Fwp%2Fv2%2Fproduct_brand&post=6933"},{"taxonomy":"product_cat","embeddable":true,"href":"https:\/\/www.naturclic.com\/index.php?rest_route=%2Fwp%2Fv2%2Fproduct_cat&post=6933"},{"taxonomy":"product_tag","embeddable":true,"href":"https:\/\/www.naturclic.com\/index.php?rest_route=%2Fwp%2Fv2%2Fproduct_tag&post=6933"}],"curies":[{"name":"wp","href":"https:\/\/api.w.org\/{rel}","templated":true}]}}