{"id":6935,"date":"2020-06-05T07:20:54","date_gmt":"2020-06-05T05:20:54","guid":{"rendered":"http:\/\/www.naturclic.com\/?post_type=product&#038;p=6935"},"modified":"2024-08-12T15:41:55","modified_gmt":"2024-08-12T13:41:55","slug":"puri-corp-210-capsulas-sura-vitasan","status":"publish","type":"product","link":"https:\/\/www.naturclic.com\/?product=puri-corp-210-capsulas-sura-vitasan","title":{"rendered":"Puri-corp 210 c\u00e1psulas Sura Vitasan"},"content":{"rendered":"<p>F\u00f3rmula<br \/>\nIngredientes: c\u00e1scara de plantago (Plantago ovata), corteza de nogal blanco americano (Juglans cinerea), extracto de seda de ma\u00edz (Zea mays), extracto de semilla de pomelo (Citrus paradisi), hoja de llant\u00e9n mayor (Plantago major), flor de tr\u00e9bol rojo (Trifolium pratense), sumidad a\u00e9rea de cardo bendito (Cnicus benedictus), botones florales de clavo (Syzygium aromaticum), ra\u00edz de acedera (Rumex crispus), extracto de c\u00e1scara de nogal negro (Juglans nigra), ra\u00edz de equin\u00e1cea (Echinacea angustifolia), antiaglomerante (estearato de magnesio vegetal), bentonita, caprilato de calcio, caprilato de magnesio), ajo (Allium sativum), antiaglomerante (di\u00f3xido de silicio), c\u00e1psula vegetal (agente de recubrimiento: hidroxipropilmetilcelulosa; humectante: agua purificada).<br \/>\nInformaci\u00f3n nutricional:<br \/>\n6 c\u00e1p Plantago (c\u00e1scara) (Plantago ovata)<\/p>\n<p>Nogal blanco americano (Juglans cinerea) 197 mg<\/p>\n<p>Seda de ma\u00edz (4:1) (Zea mays) 175 mg<\/p>\n<p>Semilla de pomelo (Citrus paradisi) 168 mg<\/p>\n<p>Llant\u00e9n mayor (Plantago paradisi) 139mg<\/p>\n<p>Tr\u00e9bol rojo (Trifolium pratense) 139 mg<\/p>\n<p>Cardo bendito (cnicus benedictus) 110mg<\/p>\n<p>Clavo (Syzygim aromaticum) 110 mg<\/p>\n<p>Acedera (Rumex crispus) 110 mg<\/p>\n<p>Nogal negro (4:1) (Juglans nigra) 37 mg<\/p>\n<p>Equin\u00e1cea (echinacea angustifolia) 37 mg<\/p>\n<p>\u00c1cido capr\u00edlico (caprilato de calcio y de magnesio) 37 mg<\/p>\n<p>Bentonita 30 mg<\/p>\n<p>Ajo sin olor (Allium sativum) 18 mg<\/p>\n<p><strong>Advertencias<\/strong><br \/>\nSe recomienda no tomar durante el embarazo y la lactancia y consultar con el profesional antes de tomar este producto si est\u00e1 en tratamiento con medicaci\u00f3n o<br \/>\npresenta unas condiciones m\u00e9dicas especiales.<br \/>\nDosis recomendada<br \/>\nComo complemento alimenticio se sugiere tomar 5 c\u00e1psulas 2 veces al d\u00eda (ma\u00f1ana y noche) con abundante agua o zumo antes de las comidas durante 21 d\u00edas o seguir las indicaciones de un especialista.Si despu\u00e9s de este per\u00edodo desea seguir tomando PURI-CORP, puede hacerlo hasta un m\u00e1ximo de 3 meses, despu\u00e9s de los cuales descansar\u00e1 durante 1 mes para comenzar de nuevo si lo desea.<br \/>\n<strong>Indicaciones y usos<\/strong><br \/>\nSe utiliza para purificar y limpiar el organismo, sobre todo el tracto intestinal .Es muy aconsejable tomar antes de comenzar el tratamiento contra la candidiasis con CANDISAN, ya que PURI-CORP limpia y prepara el organismo para despu\u00e9s lograr unos mejores resultados al utiliza CANDISTOP.<br \/>\nLo m\u00e1s destacado<br \/>\nNo<br \/>\n<strong>Recomendaci\u00f3n importante<\/strong><br \/>\nEs muy importante tomar ACIDOPHILUS ULTRA, ya que al remover las bacterias da\u00f1inas de los lugares que ocupaban en el cuerpo, es importante, reimplantar en estos lugares, microorganismos beneficiosos. Este producto no presenta contraindicaciones.<br \/>\n<strong>Detalles<\/strong><br \/>\nEs una f\u00f3rmula pensada para promover y facilitar la limpieza del organismo. Ayuda a reforzar el sistema inmunitario y tiene algunas propiedades antic\u00e1ndida.<br \/>\nVarios de los ingredientes de esta f\u00f3rmula nos van a ayudar a depurar el organismo por medio de la estimulaci\u00f3n de los \u00f3rganos de eliminaci\u00f3n, otros como el Psyllium (que se encuentra en la f\u00f3rmula como principal componente) se van a encargar de transportar y eliminar todas las toxinas a trav\u00e9s del colon y otros, en menor medida nos van a ayudar a fortalecer el sistema inmunitario y van a aportar propiedades antic\u00e1ndida.<\/p>\n","protected":false},"excerpt":{"rendered":"<p>Puri-Corp es un complemento alimenticio a base de c\u00e1scaras de Psyllium polvo (Plantago ovata), corteza de ra\u00edz de nogal tierno, extracto de seda de ma\u00edz, extracto de semilla de pomelo (4:1), flor de tr\u00e9bol rojo (Trifolium pratense), llant\u00e9n lanceolado, ra\u00edz de Rumex crispus, clavo, cardo bendito (Cnicus benedictus), extracto de c\u00e1scara de nogal negro (4:1), ra\u00edz de Echinacea angustifolia, bentonita, \u00e1cido capr\u00edlico y ajo sin olor (10.000 mcg de alicina\/g).<\/p>\n","protected":false},"featured_media":6936,"comment_status":"open","ping_status":"closed","template":"","meta":{"_joinchat":[]},"product_brand":[],"product_cat":[128,127,126],"product_tag":[226,221,224,225],"class_list":{"0":"post-6935","1":"product","2":"type-product","3":"status-publish","4":"has-post-thumbnail","6":"product_cat-fitoterapia-capsulas-y-comprimidos","7":"product_cat-nutricion-ortomolecular","8":"product_cat-suplementos-naturales","9":"product_tag-anticandida","10":"product_tag-antiparasitos","11":"product_tag-detoxificacion","12":"product_tag-intestino","14":"first","15":"instock","16":"taxable","17":"shipping-taxable","18":"purchasable","19":"product-type-simple"},"_links":{"self":[{"href":"https:\/\/www.naturclic.com\/index.php?rest_route=\/wp\/v2\/product\/6935","targetHints":{"allow":["GET"]}}],"collection":[{"href":"https:\/\/www.naturclic.com\/index.php?rest_route=\/wp\/v2\/product"}],"about":[{"href":"https:\/\/www.naturclic.com\/index.php?rest_route=\/wp\/v2\/types\/product"}],"replies":[{"embeddable":true,"href":"https:\/\/www.naturclic.com\/index.php?rest_route=%2Fwp%2Fv2%2Fcomments&post=6935"}],"wp:featuredmedia":[{"embeddable":true,"href":"https:\/\/www.naturclic.com\/index.php?rest_route=\/wp\/v2\/media\/6936"}],"wp:attachment":[{"href":"https:\/\/www.naturclic.com\/index.php?rest_route=%2Fwp%2Fv2%2Fmedia&parent=6935"}],"wp:term":[{"taxonomy":"product_brand","embeddable":true,"href":"https:\/\/www.naturclic.com\/index.php?rest_route=%2Fwp%2Fv2%2Fproduct_brand&post=6935"},{"taxonomy":"product_cat","embeddable":true,"href":"https:\/\/www.naturclic.com\/index.php?rest_route=%2Fwp%2Fv2%2Fproduct_cat&post=6935"},{"taxonomy":"product_tag","embeddable":true,"href":"https:\/\/www.naturclic.com\/index.php?rest_route=%2Fwp%2Fv2%2Fproduct_tag&post=6935"}],"curies":[{"name":"wp","href":"https:\/\/api.w.org\/{rel}","templated":true}]}}