{"id":6937,"date":"2020-06-05T07:24:42","date_gmt":"2020-06-05T05:24:42","guid":{"rendered":"http:\/\/www.naturclic.com\/?post_type=product&#038;p=6937"},"modified":"2024-08-09T16:39:11","modified_gmt":"2024-08-09T14:39:11","slug":"liver-90-capsulas-sura-vitasan","status":"publish","type":"product","link":"https:\/\/www.naturclic.com\/?product=liver-90-capsulas-sura-vitasan","title":{"rendered":"Liver 90 c\u00e1psulas Sura Vitasan"},"content":{"rendered":"<p><strong>F\u00f3rmula<\/strong><br \/>\nIngredientes: extracto de semillas de cardo mariano (Silybum marianum), ra\u00edz de r\u00e1bano negro (Raphanus sativus var. niger), ra\u00edz de remolacha (Beta vulgaris), \u00e1cido DL-alfa-lipoico, extracto de ra\u00edz de c\u00farcuma (Curcuma longa), extracto de ra\u00edz de diente de le\u00f3n (Taraxacum officinale), extracto de fruto de esquisandra (Schisandra chinensis), extracto de hojas de alcachofa (Cynara scolymus), antiaglomerantes (estearato de magnesio vegetal y di\u00f3xido de silicio), c\u00e1psula vegetal (agente de recubrimiento: hidroxipropilmetilcelulosa; humectante: agua purificada).<br \/>\nInformaci\u00f3n nutricional:<br \/>\n3 c\u00e1p<br \/>\n(2.595 mg)<br \/>\n6 c\u00e1p<br \/>\n(5.190 mg)<br \/>\nCardo mariano * (80% silimarina)<br \/>\n750<br \/>\nmg<br \/>\n1.500<br \/>\nmg<br \/>\nR\u00e1bano negro<br \/>\n360<br \/>\nmg<br \/>\n720<br \/>\nmg<br \/>\nRemolacha<br \/>\n360<br \/>\nmg<br \/>\n720<br \/>\nmg<br \/>\n\u00c1cido DL-alfa-lipoico<br \/>\n150<br \/>\nmg<br \/>\n300<br \/>\nmg<br \/>\nC\u00farcuma * (95% curcuminoides**)<br \/>\n150<br \/>\nmg<br \/>\n300<br \/>\nmg<br \/>\nDiente de le\u00f3n * (3% flavonoides)<br \/>\n150<br \/>\nmg<br \/>\n300<br \/>\nmg<br \/>\nEsquisandra * (9% esquisandrinas)<br \/>\n150<br \/>\nmg<br \/>\n300<br \/>\nmg<br \/>\nAlcachofa * (5% cinarina)<br \/>\n105<br \/>\nmg<br \/>\n210<br \/>\nmg<br \/>\n*Extracto estandarizado\/ * *Proporcionando curcumina I, demetoxicurcumina y bisdemetoxicurcumina.<br \/>\n<strong>Advertencias<\/strong><br \/>\nConsultar al profesional en caso de embarazo o lactancia, si est\u00e1 en tratamiento con medicaci\u00f3n o presenta unas condiciones m\u00e9dicas especiales. No administrar en caso de alergia conocida a plantas de la familia Asteraceae\/Compositae\/margaritas.<br \/>\n<strong>Dosis recomendada<\/strong><br \/>\nComo complemento alimenticio se sugiere tomar 1 \u00f3 2 c\u00e1psulas tres veces al d\u00eda antes de las comidas. M\u00e1ximo 6 c\u00e1psulas al d\u00eda o seguir las indicaciones de un especialista.<br \/>\n<strong>Indicaciones y usos<\/strong><br \/>\nProblemas relacionados con el h\u00edgado y sus funciones.<br \/>\nLo m\u00e1s destacado<br \/>\nNo<br \/>\nRecomendaci\u00f3n importante<br \/>\nNo<br \/>\n<strong>Detalles<\/strong><br \/>\nLIVER es una formulaci\u00f3n con 7 ingredientes bien conocidos por sus efectos beneficiosos sobre el h\u00edgado.<br \/>\nCARDO MARIANO: Contiene flavonoides (Silybin, Silydianin, Silymarin).<br \/>\nEs una planta que se ha valorado desde hace siglos por sus propiedades medicinales y nutricionales.<br \/>\nEn la Edad Media ya se utilizaban las semillas para tratar trastornos de h\u00edgado, promover la afluencia de bilis, o como t\u00f3nico general del est\u00f3mago, bazo, ves\u00edcula biliar, \u00f3rganos femeninos e h\u00edgado.<br \/>\nNumerosos estudios cl\u00ednicos han demostrado que Silymarin, uno de los flavonoides del Cardo Mariano contrarresta los efectos t\u00f3xicos de una gran variedad de venenos, incluyendo: alcohol, tetrachloride carb\u00f3n, sobredosis de acetaminophen, y el champi\u00f1\u00f3n AmanitaPhalloides. El mecanismo de acci\u00f3n de Silymarin, implica alterar las membranas de las c\u00e9lulas hep\u00e1ticas para inhibir el pasaje de toxinas y para incrementar la regeneraci\u00f3n celular por medio de la estimulaci\u00f3n de la s\u00edntesis de prote\u00ednas.<br \/>\nSilymarin tambi\u00e9n act\u00faa como antioxidante e inhibe los enzimas inflamatorios.<br \/>\nRecientes investigaciones indican que Silymarin ayuda a proteger contra el agotamiento del antioxidante gluthatione en las c\u00e9lulas del h\u00edgado.<br \/>\nEl extracto de Cardo Mariano ha sido objeto de numerosos estudios y pruebas cl\u00ednicas debido a sus potentes propiedades para proteger y regenerar el h\u00edgado.<br \/>\n\u00c1CIDO LIP\u00d3ICO: Este es un nutriente no vitam\u00ednico que es esencial para la vida. No se clasifica como vitamina porque se produce en el cuerpo, pero no siempre producimos las cantidades necesarias.<\/p>\n","protected":false},"excerpt":{"rendered":"<p>Liver es un complemento alimenticio a base de una combinaci\u00f3n de 7 extractos de plantas de alta calidad como son el Cardo mariano (80% silimarina), ra\u00edz de Remolacha, R\u00e1bano negro, C\u00farcuma (95%curcuminoides), Diente de le\u00f3n (3% flavonoides), Alcachofa hojas (5% cinarina), Esquisandra (9% esquisandrinas) y \u00e1cido lipoico.<br \/>\nDeclaraciones saludables (Reglamento UE N\u00ba 432\/2012): El cardo mariano, el diente de le\u00f3n, la alcachofera, la c\u00farcuma o la esquisandra, son plantas que contribuyen al normal funcionamiento del h\u00edgado. La alcachofera favorece el confort digestivo y la c\u00farcuma es un apoyo para los sistemas antioxidantes.<\/p>\n","protected":false},"featured_media":6938,"comment_status":"open","ping_status":"closed","template":"","meta":{"_joinchat":[]},"product_brand":[],"product_cat":[128,127,126],"product_tag":[218,227],"class_list":{"0":"post-6937","1":"product","2":"type-product","3":"status-publish","4":"has-post-thumbnail","6":"product_cat-fitoterapia-capsulas-y-comprimidos","7":"product_cat-nutricion-ortomolecular","8":"product_cat-suplementos-naturales","9":"product_tag-depuracion","10":"product_tag-higado","12":"first","13":"instock","14":"taxable","15":"shipping-taxable","16":"purchasable","17":"product-type-simple"},"_links":{"self":[{"href":"https:\/\/www.naturclic.com\/index.php?rest_route=\/wp\/v2\/product\/6937","targetHints":{"allow":["GET"]}}],"collection":[{"href":"https:\/\/www.naturclic.com\/index.php?rest_route=\/wp\/v2\/product"}],"about":[{"href":"https:\/\/www.naturclic.com\/index.php?rest_route=\/wp\/v2\/types\/product"}],"replies":[{"embeddable":true,"href":"https:\/\/www.naturclic.com\/index.php?rest_route=%2Fwp%2Fv2%2Fcomments&post=6937"}],"wp:featuredmedia":[{"embeddable":true,"href":"https:\/\/www.naturclic.com\/index.php?rest_route=\/wp\/v2\/media\/6938"}],"wp:attachment":[{"href":"https:\/\/www.naturclic.com\/index.php?rest_route=%2Fwp%2Fv2%2Fmedia&parent=6937"}],"wp:term":[{"taxonomy":"product_brand","embeddable":true,"href":"https:\/\/www.naturclic.com\/index.php?rest_route=%2Fwp%2Fv2%2Fproduct_brand&post=6937"},{"taxonomy":"product_cat","embeddable":true,"href":"https:\/\/www.naturclic.com\/index.php?rest_route=%2Fwp%2Fv2%2Fproduct_cat&post=6937"},{"taxonomy":"product_tag","embeddable":true,"href":"https:\/\/www.naturclic.com\/index.php?rest_route=%2Fwp%2Fv2%2Fproduct_tag&post=6937"}],"curies":[{"name":"wp","href":"https:\/\/api.w.org\/{rel}","templated":true}]}}