{"id":6943,"date":"2020-06-05T07:35:57","date_gmt":"2020-06-05T05:35:57","guid":{"rendered":"http:\/\/www.naturclic.com\/?post_type=product&#038;p=6943"},"modified":"2024-08-12T15:45:53","modified_gmt":"2024-08-12T13:45:53","slug":"spirulina-sura-vitasan-120-capsulas-sura-vitasan","status":"publish","type":"product","link":"https:\/\/www.naturclic.com\/?product=spirulina-sura-vitasan-120-capsulas-sura-vitasan","title":{"rendered":"Spirulina Sura Vitasan 120 c\u00e1psulas Sura Vitasan"},"content":{"rendered":"<p><strong>F\u00f3rmula<\/strong><br \/>\nIngredientes: espirulina (Spirulina platensis), antiaglomerante: fosfato dic\u00e1lcico anhidro, agente de carga: celulosa microcristalina, sopor te: carboximetilcelulosa, antiaglomerantes: di\u00f3xido de silicio y estearato de magnesio vegetal, soporte: \u00e1cidos grasos (\u00e1cido este\u00e1rico vegetal).<br \/>\nInformaci\u00f3n nutricional:<br \/>\n2 comp<br \/>\n(3.232 mg)<br \/>\n4 comp<br \/>\n(6.464 mg)<br \/>\nEspirulina *<br \/>\n2.000<br \/>\nmg<br \/>\n4.000<br \/>\nmg<br \/>\n*De cultivo controlado<\/p>\n<p><strong>Advertencias<\/strong><br \/>\nEn caso de embarazo o lactancia consultar con el profesional.<br \/>\nDosis recomendada<br \/>\n1 o 2 comprimidos dos veces al d\u00eda. Preferiblemente espaciar la toma con medicaciones.<br \/>\n<strong>Indicaciones y usos<\/strong><br \/>\nLa spirulina ayuda al normal crecimiento y desarrollo de las c\u00e9lulas. Ayuda a proteger el sistema inmunitario, a reducir el colesterol y a la absorci\u00f3n de minerales. Tambi\u00e9n ayuda a la eliminaci\u00f3n y detoxificaci\u00f3n y es un buen antioxidante. La Spirulina demuestra tener efectos beneficiosos en personas que sufren contaminaci\u00f3n por metales pesados.<br \/>\nLo m\u00e1s destacado<br \/>\nNo<br \/>\nRecomendaci\u00f3n importante<br \/>\nNo<br \/>\n<strong>Detalles<\/strong><br \/>\nEsta micro alga azul de agua dulce con forma de espiral (de ah\u00ed su nombre) se caracteriza principalmente por su riqueza en prote\u00ednas (65%-75% prote\u00ednas digestibles) y amino\u00e1cidos, contiene tambi\u00e9n grandes dosis de vitamina B12, caroteno, Beta-Caroteno, vitamina E, antioxidantes, clorofila, \u00e1cido gamma linol\u00e9nico, hierro y muchas otras vitaminas y minerales.<br \/>\nLa Spirulina aporta importantes nutrientes que las c\u00e9lulas, los tejidos y los \u00f3rganos de nuestro cuerpo necesitan para funcionar correctamente.<\/p>\n","protected":false},"excerpt":{"rendered":"<p>Spirulina es un complemento alimenticio a base de espirulina cultivada en estanques controlados libres de contaminantes. Es una microalga azul de agua dulce con forma de espiral (de ah\u00ed su nombre) que se caracteriza principalmente por su riqueza en prote\u00ednas (65%-75% prote\u00ednas digestibles) y amino\u00e1cidos. Con 1.000 mg de Spirulina por comprimido aporta tambi\u00e9n grandes dosis de vitamina B12, caroteno, Beta-Caroteno, vitamina E, clorofila, \u00e1cido gamma-linol\u00e9nico, hierro y otras mucho nutrientes de alto valor nutricional.<\/p>\n","protected":false},"featured_media":6944,"comment_status":"open","ping_status":"closed","template":"","meta":{"_joinchat":[]},"product_brand":[],"product_cat":[128,127,126],"product_tag":[],"class_list":{"0":"post-6943","1":"product","2":"type-product","3":"status-publish","4":"has-post-thumbnail","6":"product_cat-fitoterapia-capsulas-y-comprimidos","7":"product_cat-nutricion-ortomolecular","8":"product_cat-suplementos-naturales","10":"first","11":"instock","12":"taxable","13":"shipping-taxable","14":"purchasable","15":"product-type-simple"},"_links":{"self":[{"href":"https:\/\/www.naturclic.com\/index.php?rest_route=\/wp\/v2\/product\/6943","targetHints":{"allow":["GET"]}}],"collection":[{"href":"https:\/\/www.naturclic.com\/index.php?rest_route=\/wp\/v2\/product"}],"about":[{"href":"https:\/\/www.naturclic.com\/index.php?rest_route=\/wp\/v2\/types\/product"}],"replies":[{"embeddable":true,"href":"https:\/\/www.naturclic.com\/index.php?rest_route=%2Fwp%2Fv2%2Fcomments&post=6943"}],"wp:featuredmedia":[{"embeddable":true,"href":"https:\/\/www.naturclic.com\/index.php?rest_route=\/wp\/v2\/media\/6944"}],"wp:attachment":[{"href":"https:\/\/www.naturclic.com\/index.php?rest_route=%2Fwp%2Fv2%2Fmedia&parent=6943"}],"wp:term":[{"taxonomy":"product_brand","embeddable":true,"href":"https:\/\/www.naturclic.com\/index.php?rest_route=%2Fwp%2Fv2%2Fproduct_brand&post=6943"},{"taxonomy":"product_cat","embeddable":true,"href":"https:\/\/www.naturclic.com\/index.php?rest_route=%2Fwp%2Fv2%2Fproduct_cat&post=6943"},{"taxonomy":"product_tag","embeddable":true,"href":"https:\/\/www.naturclic.com\/index.php?rest_route=%2Fwp%2Fv2%2Fproduct_tag&post=6943"}],"curies":[{"name":"wp","href":"https:\/\/api.w.org\/{rel}","templated":true}]}}