{"id":6945,"date":"2020-06-05T07:40:46","date_gmt":"2020-06-05T05:40:46","guid":{"rendered":"http:\/\/www.naturclic.com\/?post_type=product&#038;p=6945"},"modified":"2024-08-12T15:55:38","modified_gmt":"2024-08-12T13:55:38","slug":"zinc-pvh-quelado-100-capsulas-sura-vitasan","status":"publish","type":"product","link":"https:\/\/www.naturclic.com\/?product=zinc-pvh-quelado-100-capsulas-sura-vitasan","title":{"rendered":"Zinc PVH quelado 100 c\u00e1psulas Sura Vitasan"},"content":{"rendered":"<p><strong>F\u00f3rmula<\/strong><br \/>\nIngredientes: agente de carga: celulosa microcristalina, PVH de arroz** (quelato de zinc), antiaglomerantes: estearato de magnesio vegetal y di\u00f3xido de silicio, c\u00e1psula vegetal (agente de recubrimiento: hidroxipropilmetilcelulosa; humectante: agua purificada).<br \/>\nInformaci\u00f3n nutricional:<br \/>\n1 c\u00e1p<br \/>\n(350 mg)<br \/>\nZinc (quelado, PVH)<br \/>\n25<br \/>\nmg (250%*)<br \/>\n*VRN: valor de referencia de nutrientes en %.<\/p>\n<p>**PVH = prote\u00edna vegetal hidrolizada.<\/p>\n<p><strong>Advertencias<\/strong><br \/>\nNo<br \/>\n<strong>Dosis recomendada<\/strong><br \/>\nDosis diaria recomendada: como complemento alimenticio se sugiere tomar 1 c\u00e1psula 2 veces al d\u00eda con comida. Se recomienda tomar unas horas antes o despu\u00e9s de la toma de otros medicamentos.<br \/>\n<strong>Indicaciones y usos<\/strong><br \/>\nEs un mineral esencial para mantener una \u00f3ptima funci\u00f3n del sistema inmunitario. Es adecuado durante periodos de estr\u00e9s. Es necesario para la s\u00edntesis de prote\u00ednas y la formaci\u00f3n de col\u00e1geno. Se considera un buen antioxidante y protector de las c\u00e9lulas. Tambi\u00e9n se le conocen propiedades para acelerar los procesos de cicatrizaci\u00f3n de heridas. Puede ser de ayuda en casos de Herpes Simplex. Diversos estudios muestran que este mineral puede ser efectivo en tratamientos y prevenci\u00f3n de hipertrofia prost\u00e1tica benigna (HPB). El zinc sirve como un factor de control para las secreciones de prolactina, por lo cual es considerado como un suplemento muy adecuado cuando se experimenta el s\u00edndrome premenstrual. Los niveles altos de prolactina est\u00e1n relacionados con la presencia del s\u00edndrome premenstrual y los niveles altos de zinc inhiben la secreci\u00f3n de esta hormona.<br \/>\nLo m\u00e1s destacado<br \/>\nNo<br \/>\nRecomendaci\u00f3n importante<br \/>\nNo<br \/>\n<strong>Detalles<\/strong><br \/>\nEl zinc de Sura Vitasan es una forma de zinc quelada. Esto quiere decir que el mineral ha sido unido a una mol\u00e9cula de prote\u00edna (amino\u00e1cido), lo que va a facilitar su absorci\u00f3n a trav\u00e9s de las paredes del intestino y as\u00ed llegar a la sangre con m\u00e1s facilidad. Las mol\u00e9culas de prote\u00edna utilizadas son prote\u00ednas vegetales hidrolizadas (amino\u00e1cidos).<br \/>\nEl Zinc entra dentro del grupo de los llamados minerales traza o elementos traza. Aunque s\u00f3lo son necesarias peque\u00f1as cantidades de \u00e9stos, son importantes para conseguir y mantener una buena salud.<br \/>\nSon parte de los tejidos y fluidos del cuerpo, son esenciales en las respuestas nerviosas, contracci\u00f3n muscular, mantenimiento del balance de los fluidos corporales y en la producci\u00f3n y secreci\u00f3n de hormonas.<\/p>\n","protected":false},"excerpt":{"rendered":"<p>Zinc PVH quelado es un complemento a base de Zinc quelado con prote\u00edna vegetal hidrolizada. En el proceso de quelaci\u00f3n el mineral ha sido unido y rodeado por una mol\u00e9cula de prote\u00edna vegetal hidrolizada (amino\u00e1cidos) lo que va a facilitar su absorci\u00f3n a trav\u00e9s de las paredes intestinales. Cada c\u00e1psula aporta 25 mg de Zinc elemental.<br \/>\nDeclaraciones saludables (Reglamento UE N\u00ba 432\/2012): El zinc es un mineral que contribuye al equilibrio \u00e1cido-base, al metabolismo normal de los macronutrientes, a la s\u00edntesis adecuada de ADN y prote\u00ednas y al proceso de divisi\u00f3n celular. Ayuda a la funci\u00f3n cognitiva normal, a la fertilidad y reproducci\u00f3n adecuada y al mantenimiento de niveles normales de testosterona. Participa en el metabolismo normal de la vitamina A. Ayuda a mantener los huesos, el cabello, las u\u00f1as y la piel en condiciones normales. Contribuye al mantenimiento adecuado de la visi\u00f3n, al funcionamiento normal del sistema inmunitario y a la protecci\u00f3n de las c\u00e9lulas frente al da\u00f1o oxidativo.<\/p>\n","protected":false},"featured_media":6946,"comment_status":"open","ping_status":"closed","template":"","meta":{"_joinchat":[]},"product_brand":[],"product_cat":[128,127,126],"product_tag":[],"class_list":{"0":"post-6945","1":"product","2":"type-product","3":"status-publish","4":"has-post-thumbnail","6":"product_cat-fitoterapia-capsulas-y-comprimidos","7":"product_cat-nutricion-ortomolecular","8":"product_cat-suplementos-naturales","10":"first","11":"instock","12":"taxable","13":"shipping-taxable","14":"purchasable","15":"product-type-simple"},"_links":{"self":[{"href":"https:\/\/www.naturclic.com\/index.php?rest_route=\/wp\/v2\/product\/6945","targetHints":{"allow":["GET"]}}],"collection":[{"href":"https:\/\/www.naturclic.com\/index.php?rest_route=\/wp\/v2\/product"}],"about":[{"href":"https:\/\/www.naturclic.com\/index.php?rest_route=\/wp\/v2\/types\/product"}],"replies":[{"embeddable":true,"href":"https:\/\/www.naturclic.com\/index.php?rest_route=%2Fwp%2Fv2%2Fcomments&post=6945"}],"wp:featuredmedia":[{"embeddable":true,"href":"https:\/\/www.naturclic.com\/index.php?rest_route=\/wp\/v2\/media\/6946"}],"wp:attachment":[{"href":"https:\/\/www.naturclic.com\/index.php?rest_route=%2Fwp%2Fv2%2Fmedia&parent=6945"}],"wp:term":[{"taxonomy":"product_brand","embeddable":true,"href":"https:\/\/www.naturclic.com\/index.php?rest_route=%2Fwp%2Fv2%2Fproduct_brand&post=6945"},{"taxonomy":"product_cat","embeddable":true,"href":"https:\/\/www.naturclic.com\/index.php?rest_route=%2Fwp%2Fv2%2Fproduct_cat&post=6945"},{"taxonomy":"product_tag","embeddable":true,"href":"https:\/\/www.naturclic.com\/index.php?rest_route=%2Fwp%2Fv2%2Fproduct_tag&post=6945"}],"curies":[{"name":"wp","href":"https:\/\/api.w.org\/{rel}","templated":true}]}}