{"id":6947,"date":"2020-06-05T07:43:40","date_gmt":"2020-06-05T05:43:40","guid":{"rendered":"http:\/\/www.naturclic.com\/?post_type=product&#038;p=6947"},"modified":"2024-08-12T15:44:12","modified_gmt":"2024-08-12T13:44:12","slug":"selenio-100-capsulas-sura-vitasan","status":"publish","type":"product","link":"https:\/\/www.naturclic.com\/?product=selenio-100-capsulas-sura-vitasan","title":{"rendered":"Selenio 100 c\u00e1psulas Sura Vitasan"},"content":{"rendered":"<p><strong>F\u00f3rmula<\/strong><br \/>\nIngredientes: agente de carga: celulosa microcristalina, L-seleniometionina, antiaglomerantes:estearato de magnesio vegetal y di\u00f3xido de silicio, c\u00e1psula vegetal (agente de recubrimiento: hidroxipropilmetilcelulosa; humectante: agua purificada).<br \/>\nInformaci\u00f3n nutricional:<br \/>\n2 c\u00e1p<br \/>\n(538 mg)<br \/>\nSelenio<br \/>\n200<br \/>\n\u03bcg (364%*)<br \/>\n*VRN: valor de referencia de nutrientes en %.<\/p>\n<p><strong>Advertencias<\/strong><br \/>\nNo<br \/>\n<strong>Dosis recomendada<\/strong><br \/>\nComo complemento alimenticio se sugiere tomar 1 c\u00e1psulas 2 veces al d\u00eda con las comidas o seguir las indicaciones de un especialista.<br \/>\nIndicaciones y usos<br \/>\nEl selenio es un buen antioxidante. Puede ser de ayuda en la prevenci\u00f3n del c\u00e1ncer. Estimula la producci\u00f3n de anticuerpos. Es un suplemento importante para las enfermedades relacionadas con el coraz\u00f3n y la presi\u00f3n arterial alta. Puede aumentar los niveles de energ\u00eda. Puede ayudar a mejorar el buen funcionamiento del p\u00e1ncreas. Regula el metabolismo de la hormona tiroides. El selenio es fundamental para la reproducci\u00f3n. Varios estudios demuestran que la deficiencia de selenio resulta en infertilidad. El esperma masculino contiene grandes cantidades de este mineral traza el cual se pierde en cantidades considerables durante la eyaculaci\u00f3n, por esta raz\u00f3n la necesidad de selenio en los hombres es mayor. Fumar y algunas enfermedades cr\u00f3nicas aumentan la necesidad de un aporte extra de selenio en la dieta.<br \/>\nLo m\u00e1s destacado<br \/>\nNo<br \/>\nRecomendaci\u00f3n importante<br \/>\nNo<br \/>\n<strong>Detalles<\/strong><br \/>\nEl Selenio es un mineral traza. Es considerado como un importante antioxidante esencial para incrementar los niveles de la enzima glutati\u00f3n peroxidasa la cual ayuda a reducir la oxidaci\u00f3n de l\u00edpidos. El selenio protege el sistema inmunitario estimulando la producci\u00f3n de anticuerpos especialmente si se combina con la vitamina E con la cual trabaja en sinergia. Interviene en numerosos procesos metab\u00f3licos. Se ha elegido la forma de selenio \u201cL-seleniometionina\u201d por su mayor absorci\u00f3n y biodisponibilidad.<br \/>\nSELENIO: mejora la funci\u00f3n inmune aumentando la producci\u00f3n de anticuerpos. La suplementaci\u00f3n con selenio ha demostrado tener marcados efectos inmunoestimulantes incluyendo la mayor proliferaci\u00f3n de c\u00e9lulas T (1). Asociado a la funci\u00f3n inmune la deficiencia de selenio est\u00e1 asociada a un mayor riesgo de mortalidad en pacientes con VIH (2), su suplementaci\u00f3n como coadyuvante en el tratamiento puede ayudar reducir la progresi\u00f3n de la enfermedad (3).<br \/>\nPuede ser de ayuda en la prevenci\u00f3n del c\u00e1ncer especialmente en pacientes con niveles bajos de selenio en sangre (4). Muchos estudios han relacionado que hay una relaci\u00f3n entre la ingesta de selenio y la mortalidad por c\u00e1ncer (5-6). LA suplementaci\u00f3n con selenio no solo puede afectar a la reducci\u00f3n de riesgo de c\u00e1ncer sino tambi\u00e9n en su progresi\u00f3n y met\u00e1stasis (7-8).<\/p>\n","protected":false},"excerpt":{"rendered":"<p>Selenio es un complemento alimenticio a base de L-seleniometionina, una forma de selenio de mayor absorci\u00f3n. El selenio es un mineral traza implicado en diversos procesos biol\u00f3gicos.<br \/>\nDeclaraciones saludables (Reglamento UE N\u00ba 432\/2012): El selenio es un mineral que contribuye al mantenimiento del cabello y las u\u00f1as en condiciones normales. Contribuye a una funci\u00f3n tiroidea y espermatog\u00e9nesis normal. Participa en la protecci\u00f3n de las c\u00e9lulas frente al da\u00f1o oxidativo y en el adecuado funcionamiento del sistema inmunitario.<\/p>\n","protected":false},"featured_media":6948,"comment_status":"open","ping_status":"closed","template":"","meta":{"_joinchat":[]},"product_brand":[],"product_cat":[128,127,126],"product_tag":[],"class_list":{"0":"post-6947","1":"product","2":"type-product","3":"status-publish","4":"has-post-thumbnail","6":"product_cat-fitoterapia-capsulas-y-comprimidos","7":"product_cat-nutricion-ortomolecular","8":"product_cat-suplementos-naturales","10":"first","11":"instock","12":"taxable","13":"shipping-taxable","14":"purchasable","15":"product-type-simple"},"_links":{"self":[{"href":"https:\/\/www.naturclic.com\/index.php?rest_route=\/wp\/v2\/product\/6947","targetHints":{"allow":["GET"]}}],"collection":[{"href":"https:\/\/www.naturclic.com\/index.php?rest_route=\/wp\/v2\/product"}],"about":[{"href":"https:\/\/www.naturclic.com\/index.php?rest_route=\/wp\/v2\/types\/product"}],"replies":[{"embeddable":true,"href":"https:\/\/www.naturclic.com\/index.php?rest_route=%2Fwp%2Fv2%2Fcomments&post=6947"}],"wp:featuredmedia":[{"embeddable":true,"href":"https:\/\/www.naturclic.com\/index.php?rest_route=\/wp\/v2\/media\/6948"}],"wp:attachment":[{"href":"https:\/\/www.naturclic.com\/index.php?rest_route=%2Fwp%2Fv2%2Fmedia&parent=6947"}],"wp:term":[{"taxonomy":"product_brand","embeddable":true,"href":"https:\/\/www.naturclic.com\/index.php?rest_route=%2Fwp%2Fv2%2Fproduct_brand&post=6947"},{"taxonomy":"product_cat","embeddable":true,"href":"https:\/\/www.naturclic.com\/index.php?rest_route=%2Fwp%2Fv2%2Fproduct_cat&post=6947"},{"taxonomy":"product_tag","embeddable":true,"href":"https:\/\/www.naturclic.com\/index.php?rest_route=%2Fwp%2Fv2%2Fproduct_tag&post=6947"}],"curies":[{"name":"wp","href":"https:\/\/api.w.org\/{rel}","templated":true}]}}